{"id":942733,"date":"2023-11-22T13:20:44","date_gmt":"2023-11-22T12:20:44","guid":{"rendered":"https:\/\/www.claret.cat\/llibre\/diccionari-de-medicina-illustrat-per-a-principiants-9788491912965\/"},"modified":"2024-05-23T01:56:11","modified_gmt":"2024-05-22T23:56:11","slug":"diccionari-de-medicina-illustrat-per-a-principiants-9788491912965","status":"publish","type":"product","link":"https:\/\/www.claret.cat\/es\/libro\/diccionari-de-medicina-illustrat-per-a-principiants-9788491912965\/","title":{"rendered":"DICCIONARI DE MEDICINA IL\u00b7LUSTRAT PER A PRINCIPIANTS"},"content":{"rendered":"<p><span>En aquest diccionari hi trobar\u00e0s 200 paraules que es fan servir quan parlem de la salut i les malalties. Els autors s\u00f3n 1.200 nens i nenes d&#8217;entre 8 i 10 anys. Qu\u00e8 et sembla, quin munt, oi? Tamb\u00e9 hi hem posat alguns dels dibuixos que van fer.<\/span><\/p>\n<p><span>Segur que trobar\u00e0s que s&#8217;expliquen molt b\u00e9!<\/span><\/p>\n","protected":false},"excerpt":{"rendered":"<p>ESTOP\u00c0, ROSA<\/p>\n","protected":false},"featured_media":942741,"template":"","meta":{"_acf_changed":false,"om_disable_all_campaigns":false,"rs_blank_template":"","rs_page_bg_color":"","slide_template_v7":"","inline_featured_image":false,"_monsterinsights_skip_tracking":false,"_monsterinsights_sitenote_active":false,"_monsterinsights_sitenote_note":"","_monsterinsights_sitenote_category":0},"product_brand":[],"product_cat":[547,97],"product_tag":[],"class_list":{"0":"post-942733","1":"product","2":"type-product","3":"status-publish","4":"has-post-thumbnail","6":"product_cat-salud","7":"product_cat-salut","9":"first","10":"instock","11":"taxable","12":"shipping-taxable","13":"purchasable","14":"product-type-simple"},"acf":{"autor":"ESTOP\u00c0, ROSA","codart":"849191296","libros-coleccion":"V\u00e0ria","ediciones":"1","encuadernacion":"R\u00fastica","fecha_de_publicacion":"22\/11\/2023","novedad":"1","paginas":"245","subtitulo":"","orden":"0","portada":"0","idioma":"cat","editorial":[{"ID":8266,"post_author":"3","post_date":"2022-09-30 09:21:36","post_date_gmt":"2022-09-30 07:21:36","post_content":"","post_title":"PUBLICACIONS DE L'ABADIA DE MONTSERRAT","post_excerpt":"","post_status":"publish","comment_status":"closed","ping_status":"closed","post_password":"","post_name":"publicacions-de-labadia-de-montserrat-5","to_ping":"","pinged":"","post_modified":"2022-09-30 09:21:36","post_modified_gmt":"2022-09-30 07:21:36","post_content_filtered":"","post_parent":0,"guid":"http:\/\/dev.claret.cat\/editorial\/publicacions-de-labadia-de-montserrat-5\/","menu_order":0,"post_type":"editorial","post_mime_type":"","comment_count":"0","filter":"raw"}],"autores-libros":[{"ID":942732,"post_author":"3","post_date":"2023-11-22 13:20:42","post_date_gmt":"2023-11-22 12:20:42","post_content":"","post_title":"ROSA ESTOP\u00c0","post_excerpt":"","post_status":"publish","comment_status":"closed","ping_status":"closed","post_password":"","post_name":"rosa-estopa","to_ping":"","pinged":"","post_modified":"2023-11-22 13:20:42","post_modified_gmt":"2023-11-22 12:20:42","post_content_filtered":"","post_parent":0,"guid":"https:\/\/www.claret.cat\/autor\/rosa-estopa\/","menu_order":0,"post_type":"autor","post_mime_type":"","comment_count":"0","filter":"raw"}]},"aioseo_notices":[],"_links":{"self":[{"href":"https:\/\/www.claret.cat\/es\/wp-json\/wp\/v2\/product\/942733","targetHints":{"allow":["GET"]}}],"collection":[{"href":"https:\/\/www.claret.cat\/es\/wp-json\/wp\/v2\/product"}],"about":[{"href":"https:\/\/www.claret.cat\/es\/wp-json\/wp\/v2\/types\/product"}],"wp:featuredmedia":[{"embeddable":true,"href":"https:\/\/www.claret.cat\/es\/wp-json\/wp\/v2\/media\/942741"}],"wp:attachment":[{"href":"https:\/\/www.claret.cat\/es\/wp-json\/wp\/v2\/media?parent=942733"}],"wp:term":[{"taxonomy":"product_brand","embeddable":true,"href":"https:\/\/www.claret.cat\/es\/wp-json\/wp\/v2\/product_brand?post=942733"},{"taxonomy":"product_cat","embeddable":true,"href":"https:\/\/www.claret.cat\/es\/wp-json\/wp\/v2\/product_cat?post=942733"},{"taxonomy":"product_tag","embeddable":true,"href":"https:\/\/www.claret.cat\/es\/wp-json\/wp\/v2\/product_tag?post=942733"}],"curies":[{"name":"wp","href":"https:\/\/api.w.org\/{rel}","templated":true}]}}