{"id":942736,"date":"2023-11-22T13:21:20","date_gmt":"2023-11-22T12:21:20","guid":{"rendered":"https:\/\/www.claret.cat\/llibre\/art-de-fer-e-solre-questions-volum-ii-distincio-ii-9788491912873\/"},"modified":"2024-05-23T01:55:07","modified_gmt":"2024-05-22T23:55:07","slug":"art-de-fer-e-solre-questions-volum-ii-distincio-ii-9788491912873","status":"publish","type":"product","link":"https:\/\/www.claret.cat\/es\/libro\/art-de-fer-e-solre-questions-volum-ii-distincio-ii-9788491912873\/","title":{"rendered":"ART DE FER E SOLRE Q\u00dcESTIONS. VOLUM II. DISTINCI\u00d3 II"},"content":{"rendered":"<p>Ramon Llull va redactar l&#8221;Art de fer e solre q\u00fcestions en catal\u00e0 i, amb tota probabilitat, a Roma en 1295-1296; va ser tradu\u00efda al llat\u00ed molt posteriorment, el 1407. Es tracta d&#8221;una extensa obra de pr\u00e0ctica de l&#8221;Art lul\u00b7liana, fonamentada en l&#8221;Ars inventiva veritatis (1290) i en la Taula general (1293-1294), que t\u00e9 com a objectiu donar exemples d&#8221;aplicaci\u00f3 de la doctrina cristiana. S&#8221;hi exposen els principis i els components del sistema de manera reiterada per facilitar-ne l&#8221;aprenentatge.  Aquesta \u00e9s la primera vegada que es publica la versi\u00f3 catalana original de l&#8221;Art de fer e solre q\u00fcestions, que \u00e9s una de les \u00faltimes obres in\u00e8dites de Ramon Llull. Ofereix un veritable tresor d&#8221;ex-pressions i conceptes lul\u00b7lians fins ara desconeguts. Presentem el primer volum de l&#8221;obra, amb les distincions I i II; el segon (i \u00faltim) contindr\u00e0 la distinci\u00f3 III.<\/p>\n","protected":false},"excerpt":{"rendered":"<p>LLULL, RAMON<\/p>\n","protected":false},"featured_media":942745,"template":"","meta":{"_acf_changed":false,"om_disable_all_campaigns":false,"rs_blank_template":"","rs_page_bg_color":"","slide_template_v7":"","inline_featured_image":false,"_monsterinsights_skip_tracking":false,"_monsterinsights_sitenote_active":false,"_monsterinsights_sitenote_note":"","_monsterinsights_sitenote_category":0},"product_brand":[],"product_cat":[373,166],"product_tag":[],"class_list":{"0":"post-942736","1":"product","2":"type-product","3":"status-publish","4":"has-post-thumbnail","6":"product_cat-autores","7":"product_cat-autors-filosofia","9":"first","10":"instock","11":"taxable","12":"shipping-taxable","13":"purchasable","14":"product-type-simple"},"acf":{"autor":"LLULL, RAMON","codart":"849191287","libros-coleccion":"Nova edici\u00f3 de les obres de Ramon Llull","ediciones":"1","encuadernacion":"Carton\u00e9","fecha_de_publicacion":"22\/11\/2023","novedad":"1","paginas":"300","subtitulo":"VOLUM II. DISTINCI\u00d3 II","orden":"0","portada":"0","idioma":"spa","editorial":[{"ID":6338,"post_author":"3","post_date":"2022-07-28 17:50:03","post_date_gmt":"2022-07-28 15:50:03","post_content":"","post_title":"PUBLICACIONS ABADIA MONTSERRAT","post_excerpt":"","post_status":"publish","comment_status":"closed","ping_status":"closed","post_password":"","post_name":"publicacions-abadia-montserrat","to_ping":"","pinged":"","post_modified":"2022-07-28 17:50:03","post_modified_gmt":"2022-07-28 15:50:03","post_content_filtered":"","post_parent":0,"guid":"http:\/\/dev.claret.cat\/editorial\/publicacions-abadia-montserrat\/","menu_order":0,"post_type":"editorial","post_mime_type":"","comment_count":"0","filter":"raw"}],"autores-libros":[{"ID":5966,"post_author":"3","post_date":"2022-07-28 17:35:19","post_date_gmt":"2022-07-28 15:35:19","post_content":"","post_title":"RAMON LLULL","post_excerpt":"","post_status":"publish","comment_status":"closed","ping_status":"closed","post_password":"","post_name":"ramon-llull","to_ping":"","pinged":"","post_modified":"2022-07-28 17:35:19","post_modified_gmt":"2022-07-28 15:35:19","post_content_filtered":"","post_parent":0,"guid":"http:\/\/dev.claret.cat\/autor\/ramon-llull\/","menu_order":0,"post_type":"autor","post_mime_type":"","comment_count":"0","filter":"raw"}]},"aioseo_notices":[],"_links":{"self":[{"href":"https:\/\/www.claret.cat\/es\/wp-json\/wp\/v2\/product\/942736","targetHints":{"allow":["GET"]}}],"collection":[{"href":"https:\/\/www.claret.cat\/es\/wp-json\/wp\/v2\/product"}],"about":[{"href":"https:\/\/www.claret.cat\/es\/wp-json\/wp\/v2\/types\/product"}],"wp:featuredmedia":[{"embeddable":true,"href":"https:\/\/www.claret.cat\/es\/wp-json\/wp\/v2\/media\/942745"}],"wp:attachment":[{"href":"https:\/\/www.claret.cat\/es\/wp-json\/wp\/v2\/media?parent=942736"}],"wp:term":[{"taxonomy":"product_brand","embeddable":true,"href":"https:\/\/www.claret.cat\/es\/wp-json\/wp\/v2\/product_brand?post=942736"},{"taxonomy":"product_cat","embeddable":true,"href":"https:\/\/www.claret.cat\/es\/wp-json\/wp\/v2\/product_cat?post=942736"},{"taxonomy":"product_tag","embeddable":true,"href":"https:\/\/www.claret.cat\/es\/wp-json\/wp\/v2\/product_tag?post=942736"}],"curies":[{"name":"wp","href":"https:\/\/api.w.org\/{rel}","templated":true}]}}