{"id":942758,"date":"2023-11-22T14:10:02","date_gmt":"2023-11-22T13:10:02","guid":{"rendered":"https:\/\/www.claret.cat\/llibre\/poesia-completa-9788419261052\/"},"modified":"2023-12-04T13:55:08","modified_gmt":"2023-12-04T12:55:08","slug":"poesia-completa-9788419261052","status":"publish","type":"product","link":"https:\/\/www.claret.cat\/es\/libro\/poesia-completa-9788419261052\/","title":{"rendered":"POES\u00cdA COMPLETA"},"content":{"rendered":"<p>Premio Nobel de Literatura 2023<\/p>\n<p> Jon Fosse es dramaturgo, narrador, pero, ante todo, poeta. Es un poeta cuya obsesi\u00f3n es la luz: la luz di\u00e1fana del norte de Europa, casi imposible, la luz de la soledad, la que ilumina el mundo en su sencillez, la que es un puente entre lo mortal y lo infinito, entre lo visible y lo invisible. La luz m\u00edstica emana de cada uno de sus poemas. <br \/> Fosse pertenece a una de las tradiciones po\u00e9ticas m\u00e1s complejas y fascinantes: la tradici\u00f3n \u00f3rfica. Es decir, la de aquellos poetas que, en medio de la destrucci\u00f3n, del nihilismo, del fin de todas las verdades y de la belleza, se han dado a la ardua tarea de reconstruir el sentido sagrado del mundo. No se trata, sin embargo, de una escritura dif\u00edcil. El sentido sagrado del mundo \u2013como nos lo han ense\u00f1ado H\u00f6lderlin, Trakl o Rilke, con quienes entabla un di\u00e1logo a lo largo de estos libros\u2013 est\u00e1 latente, oculto, en lo m\u00e1s sencillo: en un ni\u00f1o, en una barca, en la nieve, en un animal, en un sendero a trav\u00e9s del bosque o en la memoria. Y quiz\u00e1 sea ese el punto clave de la po\u00e9tica de Fosse: la memoria y la presencia de la infancia. La infancia individual y la infancia del mundo. Cuando lo imposible es lo cotidiano; cuando la magia y la maravilla lo recubren todo; cuando cada elemento de la existencia, por min\u00fasculo que sea, es motivo de estupor y de alegr\u00eda. Pero tambi\u00e9n cuando el dolor y la melancol\u00eda son m\u00e1s graves. <br \/> Jon Fosse es un poeta sencillo y poderoso, alegre y taciturno, ilimitado y desprovisto de todo. Como los ni\u00f1os.<\/p>\n","protected":false},"excerpt":{"rendered":"<p>FOSSE, JON<\/p>\n","protected":false},"featured_media":942969,"template":"","meta":{"_acf_changed":false,"om_disable_all_campaigns":false,"rs_blank_template":"","rs_page_bg_color":"","slide_template_v7":"","inline_featured_image":false,"_monsterinsights_skip_tracking":false,"_monsterinsights_sitenote_active":false,"_monsterinsights_sitenote_note":"","_monsterinsights_sitenote_category":0},"product_brand":[],"product_cat":[121,340,358,128],"product_tag":[],"class_list":{"0":"post-942758","1":"product","2":"type-product","3":"status-publish","4":"has-post-thumbnail","6":"product_cat-poesia","7":"product_cat-poesia-5_otras","8":"product_cat-poesia-contemporanea","9":"product_cat-poesia-contemporania","11":"first","12":"instock","13":"taxable","14":"shipping-taxable","15":"purchasable","16":"product-type-simple"},"acf":{"autor":"FOSSE, JON","codart":"841926105","libros-coleccion":"Poesia","ediciones":"1","encuadernacion":"R\u00fastica","fecha_de_publicacion":"01\/11\/2023","novedad":"1","paginas":"188","subtitulo":"VOLUMEN I","orden":"0","portada":"0","idioma":"spa","editorial":[{"ID":148035,"post_author":"3","post_date":"2022-10-14 11:55:08","post_date_gmt":"2022-10-14 09:55:08","post_content":"","post_title":"Editorial Sexto Piso","post_excerpt":"","post_status":"publish","comment_status":"closed","ping_status":"closed","post_password":"","post_name":"editorial-sexto-piso","to_ping":"","pinged":"","post_modified":"2022-10-14 11:55:08","post_modified_gmt":"2022-10-14 09:55:08","post_content_filtered":"","post_parent":0,"guid":"http:\/\/dev.claret.cat\/editorial\/editorial-sexto-piso\/","menu_order":0,"post_type":"editorial","post_mime_type":"","comment_count":"0","filter":"raw"}],"autores-libros":[{"ID":159734,"post_author":"3","post_date":"2022-10-14 15:47:17","post_date_gmt":"2022-10-14 13:47:17","post_content":"","post_title":"JON FOSSE","post_excerpt":"","post_status":"publish","comment_status":"closed","ping_status":"closed","post_password":"","post_name":"jon-fosse","to_ping":"","pinged":"","post_modified":"2022-10-14 15:47:17","post_modified_gmt":"2022-10-14 13:47:17","post_content_filtered":"","post_parent":0,"guid":"http:\/\/dev.claret.cat\/autor\/jon-fosse\/","menu_order":0,"post_type":"autor","post_mime_type":"","comment_count":"0","filter":"raw"}]},"aioseo_notices":[],"_links":{"self":[{"href":"https:\/\/www.claret.cat\/es\/wp-json\/wp\/v2\/product\/942758","targetHints":{"allow":["GET"]}}],"collection":[{"href":"https:\/\/www.claret.cat\/es\/wp-json\/wp\/v2\/product"}],"about":[{"href":"https:\/\/www.claret.cat\/es\/wp-json\/wp\/v2\/types\/product"}],"wp:featuredmedia":[{"embeddable":true,"href":"https:\/\/www.claret.cat\/es\/wp-json\/wp\/v2\/media\/942969"}],"wp:attachment":[{"href":"https:\/\/www.claret.cat\/es\/wp-json\/wp\/v2\/media?parent=942758"}],"wp:term":[{"taxonomy":"product_brand","embeddable":true,"href":"https:\/\/www.claret.cat\/es\/wp-json\/wp\/v2\/product_brand?post=942758"},{"taxonomy":"product_cat","embeddable":true,"href":"https:\/\/www.claret.cat\/es\/wp-json\/wp\/v2\/product_cat?post=942758"},{"taxonomy":"product_tag","embeddable":true,"href":"https:\/\/www.claret.cat\/es\/wp-json\/wp\/v2\/product_tag?post=942758"}],"curies":[{"name":"wp","href":"https:\/\/api.w.org\/{rel}","templated":true}]}}