{"id":942869,"date":"2023-11-23T10:05:03","date_gmt":"2023-11-23T09:05:03","guid":{"rendered":"https:\/\/www.claret.cat\/llibre\/el-evangelio-actualizado-segun-el-codice-beza-ciclo-b-marcos-9788490739709\/"},"modified":"2024-05-23T04:39:39","modified_gmt":"2024-05-23T02:39:39","slug":"el-evangelio-actualizado-segun-el-codice-beza-ciclo-b-marcos-9788490739709","status":"publish","type":"product","link":"https:\/\/www.claret.cat\/es\/libro\/el-evangelio-actualizado-segun-el-codice-beza-ciclo-b-marcos-9788490739709\/","title":{"rendered":"EL EVANGELIO ACTUALIZADO SEG\u00daN EL C\u00d3DICE BEZA : CICLO B: MARCOS"},"content":{"rendered":"<p><span>Una relectura apasionante del evangelio a partir de uno de los manuscritos m\u00e1s antiguos que se conservan. A lo largo de m\u00e1s de cuarenta a\u00f1os, el autor ha estudiado este manuscrito y sus lecciones variantes, cotej\u00e1ndolos con el texto m\u00e1s habitual, y logrando con ello un profundo conocimiento de la persona de Jes\u00fas. Las notas homil\u00e9ticas que contiene esta obra, basadas en lecturas que presentan notables diferencias respecto a las habituales del a\u00f1o lit\u00fargico, van acompa\u00f1adas de una serie de v\u00eddeos explicativos, a fin de que el lector que as\u00ed lo desee pueda profundizar m\u00e1s, siempre en sinton\u00eda con la experiencia vital del autor.<\/span><\/p>\n","protected":false},"excerpt":{"rendered":"<p>RIUS CAMPS, JOSEP<\/p>\n","protected":false},"featured_media":944830,"template":"","meta":{"_acf_changed":false,"om_disable_all_campaigns":false,"rs_blank_template":"","rs_page_bg_color":"","slide_template_v7":"","inline_featured_image":false,"_monsterinsights_skip_tracking":false,"_monsterinsights_sitenote_active":false,"_monsterinsights_sitenote_note":"","_monsterinsights_sitenote_category":0},"product_brand":[],"product_cat":[501,256,502,257,285,419],"product_tag":[],"class_list":{"0":"post-942869","1":"product","2":"type-product","3":"status-publish","4":"has-post-thumbnail","6":"product_cat-homiletica-liturgia-1_espiritualidad","7":"product_cat-homiletica","8":"product_cat-obras-generales-liturgia-1_espiritualidad","9":"product_cat-obres-generals-liturgia-1_espiritualitat","10":"product_cat-pastoral-teologia","11":"product_cat-pastoral-teologia-1_espiritualidad","13":"first","14":"instock","15":"taxable","16":"shipping-taxable","17":"purchasable","18":"product-type-simple"},"acf":{"autor":"RIUS CAMPS, JOSEP","codart":"849073970","libros-coleccion":"Acci\u00f3n Pastoral","ediciones":"1","encuadernacion":"R\u00fastica","fecha_de_publicacion":"21\/11\/2023","novedad":"1","paginas":"240","subtitulo":"CICLO B: MARCOS","orden":"0","portada":"1","idioma":"spa","editorial":[{"ID":6390,"post_author":"3","post_date":"2022-07-28 17:51:08","post_date_gmt":"2022-07-28 15:51:08","post_content":"","post_title":"VERBO DIVINO","post_excerpt":"","post_status":"publish","comment_status":"closed","ping_status":"closed","post_password":"","post_name":"verbo-divino","to_ping":"","pinged":"","post_modified":"2022-07-28 17:51:08","post_modified_gmt":"2022-07-28 15:51:08","post_content_filtered":"","post_parent":0,"guid":"http:\/\/dev.claret.cat\/editorial\/verbo-divino\/","menu_order":0,"post_type":"editorial","post_mime_type":"","comment_count":"0","filter":"raw"}],"autores-libros":[{"ID":160817,"post_author":"3","post_date":"2022-10-14 15:56:07","post_date_gmt":"2022-10-14 13:56:07","post_content":"","post_title":"JOSEP RIUS CAMPS","post_excerpt":"","post_status":"publish","comment_status":"closed","ping_status":"closed","post_password":"","post_name":"josep-rius-camps","to_ping":"","pinged":"","post_modified":"2022-10-14 15:56:07","post_modified_gmt":"2022-10-14 13:56:07","post_content_filtered":"","post_parent":0,"guid":"http:\/\/dev.claret.cat\/autor\/josep-rius-camps\/","menu_order":0,"post_type":"autor","post_mime_type":"","comment_count":"0","filter":"raw"}]},"aioseo_notices":[],"_links":{"self":[{"href":"https:\/\/www.claret.cat\/es\/wp-json\/wp\/v2\/product\/942869","targetHints":{"allow":["GET"]}}],"collection":[{"href":"https:\/\/www.claret.cat\/es\/wp-json\/wp\/v2\/product"}],"about":[{"href":"https:\/\/www.claret.cat\/es\/wp-json\/wp\/v2\/types\/product"}],"wp:featuredmedia":[{"embeddable":true,"href":"https:\/\/www.claret.cat\/es\/wp-json\/wp\/v2\/media\/944830"}],"wp:attachment":[{"href":"https:\/\/www.claret.cat\/es\/wp-json\/wp\/v2\/media?parent=942869"}],"wp:term":[{"taxonomy":"product_brand","embeddable":true,"href":"https:\/\/www.claret.cat\/es\/wp-json\/wp\/v2\/product_brand?post=942869"},{"taxonomy":"product_cat","embeddable":true,"href":"https:\/\/www.claret.cat\/es\/wp-json\/wp\/v2\/product_cat?post=942869"},{"taxonomy":"product_tag","embeddable":true,"href":"https:\/\/www.claret.cat\/es\/wp-json\/wp\/v2\/product_tag?post=942869"}],"curies":[{"name":"wp","href":"https:\/\/api.w.org\/{rel}","templated":true}]}}