{"id":94287,"date":"2022-10-11T22:02:19","date_gmt":"2022-10-11T20:02:19","guid":{"rendered":"http:\/\/dev.claret.cat\/producte\/las-cuatro-amigas-saga-hijas-de-una-nueva-era-3\/"},"modified":"2023-01-28T21:22:31","modified_gmt":"2023-01-28T20:22:31","slug":"las-cuatro-amigas-saga-hijas-de-una-nueva-era-3-9788408240105","status":"publish","type":"product","link":"https:\/\/www.claret.cat\/es\/libro\/las-cuatro-amigas-saga-hijas-de-una-nueva-era-3-9788408240105\/","title":{"rendered":"LAS CUATRO AMIGAS (SAGA HIJAS DE UNA NUEVA ERA 3)"},"content":{"rendered":"<p>Arrancan los convulsos a\u00f1os setenta: Henny prepara su septuag\u00e9simo aniversario rodeada de su familia y sus grandes amigas. El hilo de la amistad que un\u00eda su vida con la de K\u00e4the, Lina e Ida contin\u00faa ahora en las nuevas generaciones, y todas ellas comparten la felicidad y la desgracia, los momentos insignificantes y los importantes. De trasfondo, los grandes acontecimientos pol\u00edticos y sociales de su tiempo: la Alemania dividida, la guerra de Vietnam y, finalmente, la ca\u00edda del Muro de Berl\u00edn en 1989. Pero antes de que la historia intervenga para romper esta barrera, cerrar una era y abrir una nueva, la vida de nuestras queridas protagonistas sufrir\u00e1 varios vaivenes m\u00e1s.<br \/> La tercera y \u00faltima entrega de la saga que ha cautivado a 2.000.000 de lectores.<br \/> CUATRO MUJERES, DOS GUERRAS MUNDIALES, TODO UN SIGLO.<\/p>\n","protected":false},"excerpt":{"rendered":"<p>KORN, CARMEN<\/p>\n","protected":false},"featured_media":94288,"template":"","meta":{"_acf_changed":false,"om_disable_all_campaigns":false,"rs_blank_template":"","rs_page_bg_color":"","slide_template_v7":"","inline_featured_image":false,"_monsterinsights_skip_tracking":false,"_monsterinsights_sitenote_active":false,"_monsterinsights_sitenote_note":"","_monsterinsights_sitenote_category":0},"product_brand":[],"product_cat":[127,130],"product_tag":[],"class_list":{"0":"post-94287","1":"product","2":"type-product","3":"status-publish","4":"has-post-thumbnail","6":"product_cat-novella-contemporania","7":"product_cat-novella-historica-i-ficcio","9":"first","10":"instock","11":"taxable","12":"shipping-taxable","13":"purchasable","14":"product-type-simple"},"acf":{"editorial":[{"ID":6233,"post_author":"3","post_date":"2022-07-28 17:47:48","post_date_gmt":"2022-07-28 15:47:48","post_content":"","post_title":"EDITORIAL PLANETA","post_excerpt":"","post_status":"publish","comment_status":"closed","ping_status":"closed","post_password":"","post_name":"editorial-planeta","to_ping":"","pinged":"","post_modified":"2022-07-28 17:47:48","post_modified_gmt":"2022-07-28 15:47:48","post_content_filtered":"","post_parent":0,"guid":"http:\/\/dev.claret.cat\/editorial\/editorial-planeta\/","menu_order":0,"post_type":"editorial","post_mime_type":"","comment_count":"0","filter":"raw"}],"autores-libros":[{"ID":152422,"post_author":"3","post_date":"2022-10-14 14:48:38","post_date_gmt":"2022-10-14 12:48:38","post_content":"","post_title":"CARMEN KORN","post_excerpt":"","post_status":"publish","comment_status":"closed","ping_status":"closed","post_password":"","post_name":"carmen-korn","to_ping":"","pinged":"","post_modified":"2022-10-14 14:48:38","post_modified_gmt":"2022-10-14 12:48:38","post_content_filtered":"","post_parent":0,"guid":"http:\/\/dev.claret.cat\/autor\/carmen-korn\/","menu_order":0,"post_type":"autor","post_mime_type":"","comment_count":"0","filter":"raw"}],"autor":"KORN, CARMEN","codart":"840824010","libros-coleccion":"FORA DE COL.LECCI\u00d3","ediciones":"1","encuadernacion":"Carton\u00e9","fecha_de_publicacion":"01\/03\/2021","novedad":"1","paginas":"528","subtitulo":"CUATRO MUJERES QUE SE ENFRENTARON A LOS MOMENTOS CRUCIALES DEL SIGLO XX","orden":"0","portada":"0","idioma":"spa"},"aioseo_notices":[],"_links":{"self":[{"href":"https:\/\/www.claret.cat\/es\/wp-json\/wp\/v2\/product\/94287","targetHints":{"allow":["GET"]}}],"collection":[{"href":"https:\/\/www.claret.cat\/es\/wp-json\/wp\/v2\/product"}],"about":[{"href":"https:\/\/www.claret.cat\/es\/wp-json\/wp\/v2\/types\/product"}],"wp:featuredmedia":[{"embeddable":true,"href":"https:\/\/www.claret.cat\/es\/wp-json\/wp\/v2\/media\/94288"}],"wp:attachment":[{"href":"https:\/\/www.claret.cat\/es\/wp-json\/wp\/v2\/media?parent=94287"}],"wp:term":[{"taxonomy":"product_brand","embeddable":true,"href":"https:\/\/www.claret.cat\/es\/wp-json\/wp\/v2\/product_brand?post=94287"},{"taxonomy":"product_cat","embeddable":true,"href":"https:\/\/www.claret.cat\/es\/wp-json\/wp\/v2\/product_cat?post=94287"},{"taxonomy":"product_tag","embeddable":true,"href":"https:\/\/www.claret.cat\/es\/wp-json\/wp\/v2\/product_tag?post=94287"}],"curies":[{"name":"wp","href":"https:\/\/api.w.org\/{rel}","templated":true}]}}