{"id":942872,"date":"2023-11-23T10:05:15","date_gmt":"2023-11-23T09:05:15","guid":{"rendered":"https:\/\/www.claret.cat\/llibre\/volvamos-a-galilea-9788490739655\/"},"modified":"2024-05-23T04:42:42","modified_gmt":"2024-05-23T02:42:42","slug":"volvamos-a-galilea-9788490739655","status":"publish","type":"product","link":"https:\/\/www.claret.cat\/es\/libro\/volvamos-a-galilea-9788490739655\/","title":{"rendered":"VOLVAMOS A GALILEA"},"content":{"rendered":"<p><span>Volvamos a Galilea es una sencilla publicaci\u00f3n que nos sumerge en el contexto vital en el que fue escrito el evangelio de san Marcos. Aquellas comunidades, que estaban pasando por momentos de dificultad, reflexionaron sobre la vida y las ense\u00f1anzas de Jes\u00fas, manteniendo su valiente y firme opci\u00f3n por \u00e9l como el Hijo de Dios y el Cristo. Volvamos a Galilea es tambi\u00e9n una invitaci\u00f3n a recorrer nuestra vida cotidiana siguiendo las huellas de Jes\u00fas resucitado, Mes\u00edas e Hijo de Dios. Descubrir de manera personal qui\u00e9n es \u00e9l alentar\u00e1 nuestro caminar concreto como disc\u00edpulos misioneros.<\/span><\/p>\n","protected":false},"excerpt":{"rendered":"<p>EQUIPO B\u00cdBLICO VERBO DIVINO <\/p>\n","protected":false},"featured_media":942873,"template":"","meta":{"_acf_changed":false,"om_disable_all_campaigns":false,"rs_blank_template":"","rs_page_bg_color":"","slide_template_v7":"","inline_featured_image":false,"_monsterinsights_skip_tracking":false,"_monsterinsights_sitenote_active":false,"_monsterinsights_sitenote_note":"","_monsterinsights_sitenote_category":0},"product_brand":[],"product_cat":[205,466,202,463],"product_tag":[],"class_list":{"0":"post-942872","1":"product","2":"type-product","3":"status-publish","4":"has-post-thumbnail","6":"product_cat-fets-dels-apostols","7":"product_cat-hechos-de-los-apostoles","8":"product_cat-introduccio-n-t","9":"product_cat-introduccion-n-t","11":"first","12":"instock","13":"taxable","14":"shipping-taxable","15":"purchasable","16":"product-type-simple"},"acf":{"autor":"EQUIPO B\u00cdBLICO VERBO DIVINO ","codart":"849073965","libros-coleccion":"","ediciones":"1","encuadernacion":"R\u00fastica","fecha_de_publicacion":"21\/11\/2023","novedad":"1","paginas":"20","subtitulo":"ENCUENTRO CON EL EVANGELIO DE MARCOS Y SU COMUNIDAD","orden":"0","portada":"0","idioma":"spa","editorial":[{"ID":6390,"post_author":"3","post_date":"2022-07-28 17:51:08","post_date_gmt":"2022-07-28 15:51:08","post_content":"","post_title":"VERBO DIVINO","post_excerpt":"","post_status":"publish","comment_status":"closed","ping_status":"closed","post_password":"","post_name":"verbo-divino","to_ping":"","pinged":"","post_modified":"2022-07-28 17:51:08","post_modified_gmt":"2022-07-28 15:51:08","post_content_filtered":"","post_parent":0,"guid":"http:\/\/dev.claret.cat\/editorial\/verbo-divino\/","menu_order":0,"post_type":"editorial","post_mime_type":"","comment_count":"0","filter":"raw"}],"autores-libros":[{"ID":5459,"post_author":"3","post_date":"2022-07-28 17:24:25","post_date_gmt":"2022-07-28 15:24:25","post_content":"","post_title":"EQUIPO B\u00cdBLICO VERBO DIVINO","post_excerpt":"","post_status":"publish","comment_status":"closed","ping_status":"closed","post_password":"","post_name":"equipo-biblico-verbo-divino","to_ping":"","pinged":"","post_modified":"2022-07-28 17:24:25","post_modified_gmt":"2022-07-28 15:24:25","post_content_filtered":"","post_parent":0,"guid":"http:\/\/dev.claret.cat\/autor\/equipo-biblico-verbo-divino\/","menu_order":0,"post_type":"autor","post_mime_type":"","comment_count":"0","filter":"raw"}]},"aioseo_notices":[],"_links":{"self":[{"href":"https:\/\/www.claret.cat\/es\/wp-json\/wp\/v2\/product\/942872","targetHints":{"allow":["GET"]}}],"collection":[{"href":"https:\/\/www.claret.cat\/es\/wp-json\/wp\/v2\/product"}],"about":[{"href":"https:\/\/www.claret.cat\/es\/wp-json\/wp\/v2\/types\/product"}],"wp:featuredmedia":[{"embeddable":true,"href":"https:\/\/www.claret.cat\/es\/wp-json\/wp\/v2\/media\/942873"}],"wp:attachment":[{"href":"https:\/\/www.claret.cat\/es\/wp-json\/wp\/v2\/media?parent=942872"}],"wp:term":[{"taxonomy":"product_brand","embeddable":true,"href":"https:\/\/www.claret.cat\/es\/wp-json\/wp\/v2\/product_brand?post=942872"},{"taxonomy":"product_cat","embeddable":true,"href":"https:\/\/www.claret.cat\/es\/wp-json\/wp\/v2\/product_cat?post=942872"},{"taxonomy":"product_tag","embeddable":true,"href":"https:\/\/www.claret.cat\/es\/wp-json\/wp\/v2\/product_tag?post=942872"}],"curies":[{"name":"wp","href":"https:\/\/api.w.org\/{rel}","templated":true}]}}