{"id":942910,"date":"2023-11-23T10:55:02","date_gmt":"2023-11-23T09:55:02","guid":{"rendered":"https:\/\/www.claret.cat\/llibre\/cantar-de-los-cantares-de-salomon-9788428570169\/"},"modified":"2026-03-04T17:05:48","modified_gmt":"2026-03-04T16:05:48","slug":"cantar-de-los-cantares-de-salomon-9788428570169","status":"publish","type":"product","link":"https:\/\/www.claret.cat\/es\/libro\/cantar-de-los-cantares-de-salomon-9788428570169\/","title":{"rendered":"CANTAR DE LOS CANTARES DE SALOM\u00d3N"},"content":{"rendered":"<p>Una de las fuentes de inspiraci\u00f3n de la poes\u00eda espa\u00f1ola ha sido el Cantar de los cantares. Fray Luis de Le\u00f3n escribi\u00f3 en sus a\u00f1os j\u00f3venes este comentario, obra maestra de la literatura espa\u00f1ola que ?junto a Los nombres de Cristo y La perfecta casada? consagr\u00f3 a este agustino como uno de los principales representantes del Siglo de Oro espa\u00f1ol.<\/p>\n<p>\u00abNinguna cosa es m\u00e1s propia a Dios que el amor\u00bb. As\u00ed comienza fray Luis su exposici\u00f3n, que expresa con todo detalle los efectos del amor humano entre Salom\u00f3n y la bella Sulamita. \u00c1vido de conocimientos filol\u00f3gicos, human\u00edsticos, exeg\u00e9ticos y literarios, fray Luis se adentra con rigor en el texto b\u00edblico, que traduce del original, e interpreta y expone su contenido como un orfebre literario y un avezado del lenguaje teol\u00f3gico.<\/p>\n<p><\/p>\n<p><\/p>\n","protected":false},"excerpt":{"rendered":"<p>LE\u00d3N, LUIS DE<\/p>\n","protected":false},"featured_media":1080405,"template":"","meta":{"_acf_changed":false,"om_disable_all_campaigns":false,"rs_blank_template":"","rs_page_bg_color":"","slide_template_v7":"","inline_featured_image":false,"_monsterinsights_skip_tracking":false,"_monsterinsights_sitenote_active":false,"_monsterinsights_sitenote_note":"","_monsterinsights_sitenote_category":0},"product_brand":[],"product_cat":[195,458,200,384],"product_tag":[],"class_list":{"0":"post-942910","1":"product","2":"type-product","3":"status-publish","4":"has-post-thumbnail","6":"product_cat-introduccio-a-t","7":"product_cat-introduccion-a-t","8":"product_cat-literatura-sapiencial","9":"product_cat-literatura-sapiencial-biblia-1_espiritualidad","11":"first","12":"instock","13":"taxable","14":"shipping-taxable","15":"purchasable","16":"product-type-simple"},"acf":{"autor":"LE\u00d3N, LUIS DE","codart":"842857016","libros-coleccion":"","ediciones":"1","encuadernacion":"R\u00fastica","fecha_de_publicacion":"22\/11\/2023","novedad":"1","paginas":"176","subtitulo":"","orden":"0","portada":"1","idioma":"spa","editorial":[{"ID":6356,"post_author":"3","post_date":"2022-07-28 17:50:26","post_date_gmt":"2022-07-28 15:50:26","post_content":"","post_title":"SAN PABLO COMUNICACI\u00d3N","post_excerpt":"","post_status":"publish","comment_status":"closed","ping_status":"closed","post_password":"","post_name":"san-pablo-comunicacion","to_ping":"","pinged":"","post_modified":"2022-07-28 17:50:26","post_modified_gmt":"2022-07-28 15:50:26","post_content_filtered":"","post_parent":0,"guid":"http:\/\/dev.claret.cat\/editorial\/san-pablo-comunicacion\/","menu_order":0,"post_type":"editorial","post_mime_type":"","comment_count":"0","filter":"raw"}],"autores-libros":[{"ID":162699,"post_author":"3","post_date":"2022-10-14 17:33:06","post_date_gmt":"2022-10-14 15:33:06","post_content":"","post_title":"LUIS DE LEON","post_excerpt":"","post_status":"publish","comment_status":"closed","ping_status":"closed","post_password":"","post_name":"luis-de-leon","to_ping":"","pinged":"","post_modified":"2022-10-14 17:33:06","post_modified_gmt":"2022-10-14 15:33:06","post_content_filtered":"","post_parent":0,"guid":"http:\/\/dev.claret.cat\/autor\/luis-de-leon\/","menu_order":0,"post_type":"autor","post_mime_type":"","comment_count":"0","filter":"raw"}],"booktrailer":"","resenas":""},"aioseo_notices":[],"_links":{"self":[{"href":"https:\/\/www.claret.cat\/es\/wp-json\/wp\/v2\/product\/942910","targetHints":{"allow":["GET"]}}],"collection":[{"href":"https:\/\/www.claret.cat\/es\/wp-json\/wp\/v2\/product"}],"about":[{"href":"https:\/\/www.claret.cat\/es\/wp-json\/wp\/v2\/types\/product"}],"wp:featuredmedia":[{"embeddable":true,"href":"https:\/\/www.claret.cat\/es\/wp-json\/wp\/v2\/media\/1080405"}],"wp:attachment":[{"href":"https:\/\/www.claret.cat\/es\/wp-json\/wp\/v2\/media?parent=942910"}],"wp:term":[{"taxonomy":"product_brand","embeddable":true,"href":"https:\/\/www.claret.cat\/es\/wp-json\/wp\/v2\/product_brand?post=942910"},{"taxonomy":"product_cat","embeddable":true,"href":"https:\/\/www.claret.cat\/es\/wp-json\/wp\/v2\/product_cat?post=942910"},{"taxonomy":"product_tag","embeddable":true,"href":"https:\/\/www.claret.cat\/es\/wp-json\/wp\/v2\/product_tag?post=942910"}],"curies":[{"name":"wp","href":"https:\/\/api.w.org\/{rel}","templated":true}]}}