{"id":942944,"date":"2023-11-23T11:10:33","date_gmt":"2023-11-23T10:10:33","guid":{"rendered":"https:\/\/www.claret.cat\/llibre\/te-conozco-y-te-quiero-mucho-9788428570077\/"},"modified":"2024-12-23T11:06:03","modified_gmt":"2024-12-23T10:06:03","slug":"te-conozco-y-te-quiero-mucho-9788428570077","status":"publish","type":"product","link":"https:\/\/www.claret.cat\/es\/libro\/te-conozco-y-te-quiero-mucho-9788428570077\/","title":{"rendered":"TE CONOZCO Y TE QUIERO MUCHO"},"content":{"rendered":"<p><span>Esta obra se ha escrito en el marco de los 150 a\u00f1os del nacimiento de santa Teresa del Ni\u00f1o Jes\u00fas. Su autor se ha puesto en la piel de la joven carmelita de Lisieux y ha compuesto una aut\u00e9ntica autobiograf\u00eda con sus textos, entresacados de todos sus escritos (los manuscritos de su Historia de un alma, cartas, poes\u00edas, oraciones&#8230;). A modo de algunos cl\u00e1sicos de la literatura espiritual, la Santa se dirige a un lector concreto, llamado Jer\u00f3nimo, con quien comparte su deseo de santidad y a quien hace part\u00edcipe del relato de su vida y de sus confidencias y experiencias m\u00e1s \u00edntimas. De este modo, cualquiera que se acerque a esta obra podr\u00e1 ponerse en el lugar de su destinatario y descubrir no solo la vida, sino tambi\u00e9n el alma y el coraz\u00f3n de santa Teresita.<\/span><\/p>\n<p><\/p>\n","protected":false},"excerpt":{"rendered":"<p>PASCUAL EL\u00cdAS, RAFAEL<\/p>\n","protected":false},"featured_media":942945,"template":"","meta":{"_acf_changed":false,"om_disable_all_campaigns":false,"rs_blank_template":"","rs_page_bg_color":"","slide_template_v7":"","inline_featured_image":false,"_monsterinsights_skip_tracking":false,"_monsterinsights_sitenote_active":false,"_monsterinsights_sitenote_note":"","_monsterinsights_sitenote_category":0},"product_brand":[],"product_cat":[485,232],"product_tag":[],"class_list":{"0":"post-942944","1":"product","2":"type-product","3":"status-publish","4":"has-post-thumbnail","6":"product_cat-autores-espiritualidad-1_espiritualidad","7":"product_cat-autors-espiritualitat","9":"first","10":"instock","11":"taxable","12":"shipping-taxable","13":"purchasable","14":"product-type-simple"},"acf":{"autor":"PASCUAL EL\u00cdAS, RAFAEL","codart":"842857007","libros-coleccion":"","ediciones":"0","encuadernacion":"R\u00fastica","fecha_de_publicacion":"22\/11\/2023","novedad":"1","paginas":"668","subtitulo":"AUTOBIOGRAF\u00cdA DE SANTA TERESA DEL NI\u00d1O JES\u00daS","orden":"0","portada":"0","idioma":"spa","editorial":[{"ID":6356,"post_author":"3","post_date":"2022-07-28 17:50:26","post_date_gmt":"2022-07-28 15:50:26","post_content":"","post_title":"SAN PABLO COMUNICACI\u00d3N","post_excerpt":"","post_status":"publish","comment_status":"closed","ping_status":"closed","post_password":"","post_name":"san-pablo-comunicacion","to_ping":"","pinged":"","post_modified":"2022-07-28 17:50:26","post_modified_gmt":"2022-07-28 15:50:26","post_content_filtered":"","post_parent":0,"guid":"http:\/\/dev.claret.cat\/editorial\/san-pablo-comunicacion\/","menu_order":0,"post_type":"editorial","post_mime_type":"","comment_count":"0","filter":"raw"}],"autores-libros":[{"ID":167606,"post_author":"3","post_date":"2022-10-14 18:12:33","post_date_gmt":"2022-10-14 16:12:33","post_content":"","post_title":"RAFAEL PASCUAL EL\u00cdAS","post_excerpt":"","post_status":"publish","comment_status":"closed","ping_status":"closed","post_password":"","post_name":"rafael-pascual-elias","to_ping":"","pinged":"","post_modified":"2022-10-14 18:12:33","post_modified_gmt":"2022-10-14 16:12:33","post_content_filtered":"","post_parent":0,"guid":"http:\/\/dev.claret.cat\/autor\/rafael-pascual-elias\/","menu_order":0,"post_type":"autor","post_mime_type":"","comment_count":"0","filter":"raw"}]},"aioseo_notices":[],"_links":{"self":[{"href":"https:\/\/www.claret.cat\/es\/wp-json\/wp\/v2\/product\/942944","targetHints":{"allow":["GET"]}}],"collection":[{"href":"https:\/\/www.claret.cat\/es\/wp-json\/wp\/v2\/product"}],"about":[{"href":"https:\/\/www.claret.cat\/es\/wp-json\/wp\/v2\/types\/product"}],"wp:featuredmedia":[{"embeddable":true,"href":"https:\/\/www.claret.cat\/es\/wp-json\/wp\/v2\/media\/942945"}],"wp:attachment":[{"href":"https:\/\/www.claret.cat\/es\/wp-json\/wp\/v2\/media?parent=942944"}],"wp:term":[{"taxonomy":"product_brand","embeddable":true,"href":"https:\/\/www.claret.cat\/es\/wp-json\/wp\/v2\/product_brand?post=942944"},{"taxonomy":"product_cat","embeddable":true,"href":"https:\/\/www.claret.cat\/es\/wp-json\/wp\/v2\/product_cat?post=942944"},{"taxonomy":"product_tag","embeddable":true,"href":"https:\/\/www.claret.cat\/es\/wp-json\/wp\/v2\/product_tag?post=942944"}],"curies":[{"name":"wp","href":"https:\/\/api.w.org\/{rel}","templated":true}]}}