{"id":942973,"date":"2023-11-23T12:40:05","date_gmt":"2023-11-23T11:40:05","guid":{"rendered":"https:\/\/www.claret.cat\/llibre\/castidad-9788413391656\/"},"modified":"2026-03-04T13:46:01","modified_gmt":"2026-03-04T12:46:01","slug":"castidad-9788413391656","status":"publish","type":"product","link":"https:\/\/www.claret.cat\/es\/libro\/castidad-9788413391656\/","title":{"rendered":"CASTIDAD"},"content":{"rendered":"<p>\u00bfTodav\u00eda hay gente que crea en la castidad? \u00bfPuede un representante de una Iglesia puesta en jaque por los esc\u00e1ndalos de abuso tener algo sensato que decir sobre el tema? Erik Varden ha dado una respuesta positiva al ofrecernos este libro honesto y hospitalario, que es sabio sin ser moralista. La castidad no niega el sexo, en cambio orienta nuestro instinto vital hacia su fin sobrenatural. Una visi\u00f3n verdaderamente cristiana de la castidad abraza al ser humano en su integridad, comprende su anhelo de plenitud, libertad y fecundidad. Con frecuencia intuimos que nuestro cuerpo apunta hacia algo que lo trasciende. Toda aparente satisfacci\u00f3n de un deseo es dolorosamente provisional. \u00bfC\u00f3mo podemos alcanzar la plenitud? Esta es la pregunta que est\u00e1 en el coraz\u00f3n de este libro que propone pistas insospechadas \u2014y hermosas\u2014 para encontrar la respuesta.<\/p>\n","protected":false},"excerpt":{"rendered":"<p>VARDEN, ERIK<\/p>\n","protected":false},"featured_media":1063048,"template":"","meta":{"_acf_changed":false,"om_disable_all_campaigns":false,"rs_blank_template":"","rs_page_bg_color":"","slide_template_v7":"","inline_featured_image":false,"_monsterinsights_skip_tracking":false,"_monsterinsights_sitenote_active":false,"_monsterinsights_sitenote_note":"","_monsterinsights_sitenote_category":0},"product_brand":[],"product_cat":[516,290],"product_tag":[],"class_list":{"0":"post-942973","1":"product","2":"type-product","3":"status-publish","4":"has-post-thumbnail","6":"product_cat-moral-de-la-persona-sexualidad","7":"product_cat-moral-de-la-persona-sexualitat","9":"first","10":"instock","11":"taxable","12":"shipping-taxable","13":"purchasable","14":"product-type-simple"},"acf":{"autor":"VARDEN, ERIK","codart":"841339165","libros-coleccion":"100XUNO","ediciones":"1","encuadernacion":"R\u00fastica","fecha_de_publicacion":"01\/10\/2023","novedad":"1","paginas":"172","subtitulo":"LA RECONCILIACI\u00d3N DE LOS SENTIDOS","orden":"0","portada":"0","idioma":"spa","editorial":[{"ID":6201,"post_author":"3","post_date":"2022-07-28 17:47:01","post_date_gmt":"2022-07-28 15:47:01","post_content":"","post_title":"Ediciones Encuentro","post_excerpt":"","post_status":"publish","comment_status":"closed","ping_status":"closed","post_password":"","post_name":"ediciones-encuentro","to_ping":"","pinged":"","post_modified":"2022-07-28 17:47:01","post_modified_gmt":"2022-07-28 15:47:01","post_content_filtered":"","post_parent":0,"guid":"http:\/\/dev.claret.cat\/editorial\/ediciones-encuentro\/","menu_order":0,"post_type":"editorial","post_mime_type":"","comment_count":"0","filter":"raw"}],"autores-libros":[{"ID":942972,"post_author":"3","post_date":"2023-11-23 12:40:02","post_date_gmt":"2023-11-23 11:40:02","post_content":"","post_title":"ERIK VARDEN","post_excerpt":"","post_status":"publish","comment_status":"closed","ping_status":"closed","post_password":"","post_name":"erik-varden","to_ping":"","pinged":"","post_modified":"2023-11-23 12:40:02","post_modified_gmt":"2023-11-23 11:40:02","post_content_filtered":"","post_parent":0,"guid":"https:\/\/www.claret.cat\/autor\/erik-varden\/","menu_order":0,"post_type":"autor","post_mime_type":"","comment_count":"0","filter":"raw"}],"booktrailer":"","resenas":""},"aioseo_notices":[],"_links":{"self":[{"href":"https:\/\/www.claret.cat\/es\/wp-json\/wp\/v2\/product\/942973","targetHints":{"allow":["GET"]}}],"collection":[{"href":"https:\/\/www.claret.cat\/es\/wp-json\/wp\/v2\/product"}],"about":[{"href":"https:\/\/www.claret.cat\/es\/wp-json\/wp\/v2\/types\/product"}],"wp:featuredmedia":[{"embeddable":true,"href":"https:\/\/www.claret.cat\/es\/wp-json\/wp\/v2\/media\/1063048"}],"wp:attachment":[{"href":"https:\/\/www.claret.cat\/es\/wp-json\/wp\/v2\/media?parent=942973"}],"wp:term":[{"taxonomy":"product_brand","embeddable":true,"href":"https:\/\/www.claret.cat\/es\/wp-json\/wp\/v2\/product_brand?post=942973"},{"taxonomy":"product_cat","embeddable":true,"href":"https:\/\/www.claret.cat\/es\/wp-json\/wp\/v2\/product_cat?post=942973"},{"taxonomy":"product_tag","embeddable":true,"href":"https:\/\/www.claret.cat\/es\/wp-json\/wp\/v2\/product_tag?post=942973"}],"curies":[{"name":"wp","href":"https:\/\/api.w.org\/{rel}","templated":true}]}}