{"id":943026,"date":"2023-11-23T18:55:14","date_gmt":"2023-11-23T17:55:14","guid":{"rendered":"https:\/\/www.claret.cat\/llibre\/viure-el-mon-del-vi-9788413563138\/"},"modified":"2023-11-23T19:15:14","modified_gmt":"2023-11-23T18:15:14","slug":"viure-el-mon-del-vi-9788413563138","status":"publish","type":"product","link":"https:\/\/www.claret.cat\/es\/libro\/viure-el-mon-del-vi-9788413563138\/","title":{"rendered":"VIURE EL M\u00d3N DEL VI"},"content":{"rendered":"<p>GUIA AMB MAPES I FOTOGRAFIES A TOT COLOR, QUE RECULL UNA GRAN DIVERSITAT D&#8217;ACTIVITATS I PROPOSTES DE CADA DENOMINACI\u00d3 D&#8217;ORIGEN DE CATALUNYA.  El m\u00f3n del vi \u00e9s complex i divertit a la vegada. Cada cop hi ha m\u00e9s gent que desitja endinsar-se i viure les experi\u00e8ncies que es proposen des de cadascuna de les denominacions d&#8217;origen i des d&#8217;alguns cellers. En aquest llibre hi trobareu una gran quantitat d&#8217;experi\u00e8ncies de totes les DO que hi ha a Catalunya: des del tast de vins al celler fins a la visita a la vinya, jocs de pistes per trobar el secret m\u00e9s ben guardat, concerts de m\u00fasica entre els p\u00e0mpols i els gotims de ra\u00efm, entre altres propostes. Tamb\u00e9 hem afegit a cada DO les botigues on adquirir les millors ampolles, els museus per aprofundir en el coneixement del m\u00f3n del vi i un reguitzell de festes que inviten al tast i la gresca, a m\u00e9s dels productes de proximitat, tant per maridar amb un bon vi com per portar a taula.   * Una guia per con\u00e8ixer rutes de vi, festes, museus, centres d&#8217;interpretaci\u00f3, botigues, esdeveniments i una relaci\u00f3 de productes de proximitat.<\/p>\n","protected":false},"excerpt":{"rendered":"<p>BASTART I CASS\u00c9, JORDI<\/p>\n","protected":false},"featured_media":943027,"template":"","meta":{"_acf_changed":false,"om_disable_all_campaigns":false,"rs_blank_template":"","rs_page_bg_color":"","slide_template_v7":"","inline_featured_image":false,"_monsterinsights_skip_tracking":false,"_monsterinsights_sitenote_active":false,"_monsterinsights_sitenote_note":"","_monsterinsights_sitenote_category":0},"product_brand":[],"product_cat":[553,103,557,107],"product_tag":[],"class_list":{"0":"post-943026","1":"product","2":"type-product","3":"status-publish","4":"has-post-thumbnail","6":"product_cat-cocina","7":"product_cat-cuina","8":"product_cat-guias-de-viaje","9":"product_cat-guies-de-viatge","11":"first","12":"instock","13":"taxable","14":"shipping-taxable","15":"purchasable","16":"product-type-simple"},"acf":{"autor":"BASTART I CASS\u00c9, JORDI","codart":"841356313","libros-coleccion":"Azimut Turisme","ediciones":"1","encuadernacion":"R\u00fastica","fecha_de_publicacion":"01\/11\/2023","novedad":"1","paginas":"204","subtitulo":"GUIA D'EXPERI\u00c8NCIES D'ENOTURISME PER CATALUNYA","orden":"0","portada":"0","idioma":"cat","editorial":[{"ID":6171,"post_author":"3","post_date":"2022-07-28 17:46:25","post_date_gmt":"2022-07-28 15:46:25","post_content":"","post_title":"COSSETANIA EDICIONS","post_excerpt":"","post_status":"publish","comment_status":"closed","ping_status":"closed","post_password":"","post_name":"cossetania-edicions","to_ping":"","pinged":"","post_modified":"2022-07-28 17:46:25","post_modified_gmt":"2022-07-28 15:46:25","post_content_filtered":"","post_parent":0,"guid":"http:\/\/dev.claret.cat\/editorial\/cossetania-edicions\/","menu_order":0,"post_type":"editorial","post_mime_type":"","comment_count":"0","filter":"raw"}],"autores-libros":[{"ID":159827,"post_author":"3","post_date":"2022-10-14 15:48:03","post_date_gmt":"2022-10-14 13:48:03","post_content":"","post_title":"JORDI BASTART I CASS\u00c9","post_excerpt":"","post_status":"publish","comment_status":"closed","ping_status":"closed","post_password":"","post_name":"jordi-bastart-i-casse","to_ping":"","pinged":"","post_modified":"2022-10-14 15:48:03","post_modified_gmt":"2022-10-14 13:48:03","post_content_filtered":"","post_parent":0,"guid":"http:\/\/dev.claret.cat\/autor\/jordi-bastart-i-casse\/","menu_order":0,"post_type":"autor","post_mime_type":"","comment_count":"0","filter":"raw"}]},"aioseo_notices":[],"_links":{"self":[{"href":"https:\/\/www.claret.cat\/es\/wp-json\/wp\/v2\/product\/943026","targetHints":{"allow":["GET"]}}],"collection":[{"href":"https:\/\/www.claret.cat\/es\/wp-json\/wp\/v2\/product"}],"about":[{"href":"https:\/\/www.claret.cat\/es\/wp-json\/wp\/v2\/types\/product"}],"wp:featuredmedia":[{"embeddable":true,"href":"https:\/\/www.claret.cat\/es\/wp-json\/wp\/v2\/media\/943027"}],"wp:attachment":[{"href":"https:\/\/www.claret.cat\/es\/wp-json\/wp\/v2\/media?parent=943026"}],"wp:term":[{"taxonomy":"product_brand","embeddable":true,"href":"https:\/\/www.claret.cat\/es\/wp-json\/wp\/v2\/product_brand?post=943026"},{"taxonomy":"product_cat","embeddable":true,"href":"https:\/\/www.claret.cat\/es\/wp-json\/wp\/v2\/product_cat?post=943026"},{"taxonomy":"product_tag","embeddable":true,"href":"https:\/\/www.claret.cat\/es\/wp-json\/wp\/v2\/product_tag?post=943026"}],"curies":[{"name":"wp","href":"https:\/\/api.w.org\/{rel}","templated":true}]}}