{"id":943066,"date":"2023-11-24T13:25:24","date_gmt":"2023-11-24T12:25:24","guid":{"rendered":"https:\/\/www.claret.cat\/llibre\/la-pregunta-por-dios-9788430121847\/"},"modified":"2024-12-20T10:35:49","modified_gmt":"2024-12-20T09:35:49","slug":"la-pregunta-por-dios-9788430121847","status":"publish","type":"product","link":"https:\/\/www.claret.cat\/es\/libro\/la-pregunta-por-dios-9788430121847\/","title":{"rendered":"LA PREGUNTA POR DIOS"},"content":{"rendered":"<p class='ql-align-justify'><span>Siempre el ser humano ha preguntado por Dios y le ha preguntado a Dios. Y \u00c9l se le ha revelado y le ha preguntado por su vida y la de los dem\u00e1s.<\/span><\/p>\n<p class='ql-align-justify'><span> \u00abRaz\u00f3n\u00bb y \u00abrevelaci\u00f3n\u00bb son las dos palabras, diferentes pero indisolubles, que constituyen el coraz\u00f3n de estas preguntas y respuestas. Por la primera el hombre no deja de buscar, de interrogar, de proponer respuestas. Por la segunda, Dios se abre al hombre de muchas formas (en su conciencia, en la realidad metaf\u00edsica, en la historia, en los profetas y m\u00edsticos). Pero de manera suprema y definitiva lo ha hecho en Jesucristo, Mes\u00edas e Hijo encarnado, presencia personal hist\u00f3rica de Dios mismo.<\/span><\/p>\n<p class='ql-align-justify'><span> Aunque las experiencias l\u00edmite que asaltan a las personas suscitan preguntas que \u00fanicamente cada uno puede contestar, adem\u00e1s es cierto que nadie est\u00e1 condenado a realizar su camino en soledad. Con los otros puede celebrar la esperanza, buscar razones y alentarse en la pr\u00e1ctica de la solidaridad y el amor mutuos.<\/span><\/p>\n","protected":false},"excerpt":{"rendered":"<p>GONZ\u00c1LEZ DE CARDEDAL, OLEGARIO<\/p>\n","protected":false},"featured_media":943096,"template":"","meta":{"_acf_changed":false,"om_disable_all_campaigns":false,"rs_blank_template":"","rs_page_bg_color":"","slide_template_v7":"","inline_featured_image":false,"_monsterinsights_skip_tracking":false,"_monsterinsights_sitenote_active":false,"_monsterinsights_sitenote_note":"","_monsterinsights_sitenote_category":0},"product_brand":[],"product_cat":[497,248,233,486],"product_tag":[],"class_list":{"0":"post-943066","1":"product","2":"type-product","3":"status-publish","4":"has-post-thumbnail","6":"product_cat-meditaciones","7":"product_cat-meditacions","8":"product_cat-mistica","9":"product_cat-mistica-espiritualidad-1_espiritualidad","11":"first","12":"instock","13":"taxable","14":"shipping-taxable","15":"purchasable","16":"product-type-simple"},"acf":{"autor":"GONZ\u00c1LEZ DE CARDEDAL, OLEGARIO","codart":"843012184","libros-coleccion":"","ediciones":"1","encuadernacion":"R\u00fastica","fecha_de_publicacion":"24\/11\/2023","novedad":"1","paginas":"128","subtitulo":"EXPERIENCIAS L\u00cdMITE Y RESPUESTAS DE FE","orden":"0","portada":"0","idioma":"spa","editorial":[{"ID":6364,"post_author":"3","post_date":"2022-07-28 17:50:36","post_date_gmt":"2022-07-28 15:50:36","post_content":"","post_title":"S\u00edgueme","post_excerpt":"","post_status":"publish","comment_status":"closed","ping_status":"closed","post_password":"","post_name":"sigueme","to_ping":"","pinged":"","post_modified":"2022-07-28 17:50:36","post_modified_gmt":"2022-07-28 15:50:36","post_content_filtered":"","post_parent":0,"guid":"http:\/\/dev.claret.cat\/editorial\/sigueme\/","menu_order":0,"post_type":"editorial","post_mime_type":"","comment_count":"0","filter":"raw"}],"autores-libros":[{"ID":288569,"post_author":"3","post_date":"2022-12-10 08:10:50","post_date_gmt":"2022-12-10 07:10:50","post_content":"","post_title":"OLEGARIO GONZ\u00c1LEZ DE CARDEDAL","post_excerpt":"","post_status":"publish","comment_status":"closed","ping_status":"closed","post_password":"","post_name":"olegario-gonzalez-de-cardedal","to_ping":"","pinged":"","post_modified":"2022-12-10 08:10:50","post_modified_gmt":"2022-12-10 07:10:50","post_content_filtered":"","post_parent":0,"guid":"http:\/\/dev.claret.cat\/autor\/olegario-gonzalez-de-cardedal\/","menu_order":0,"post_type":"autor","post_mime_type":"","comment_count":"0","filter":"raw"}]},"aioseo_notices":[],"_links":{"self":[{"href":"https:\/\/www.claret.cat\/es\/wp-json\/wp\/v2\/product\/943066","targetHints":{"allow":["GET"]}}],"collection":[{"href":"https:\/\/www.claret.cat\/es\/wp-json\/wp\/v2\/product"}],"about":[{"href":"https:\/\/www.claret.cat\/es\/wp-json\/wp\/v2\/types\/product"}],"wp:featuredmedia":[{"embeddable":true,"href":"https:\/\/www.claret.cat\/es\/wp-json\/wp\/v2\/media\/943096"}],"wp:attachment":[{"href":"https:\/\/www.claret.cat\/es\/wp-json\/wp\/v2\/media?parent=943066"}],"wp:term":[{"taxonomy":"product_brand","embeddable":true,"href":"https:\/\/www.claret.cat\/es\/wp-json\/wp\/v2\/product_brand?post=943066"},{"taxonomy":"product_cat","embeddable":true,"href":"https:\/\/www.claret.cat\/es\/wp-json\/wp\/v2\/product_cat?post=943066"},{"taxonomy":"product_tag","embeddable":true,"href":"https:\/\/www.claret.cat\/es\/wp-json\/wp\/v2\/product_tag?post=943066"}],"curies":[{"name":"wp","href":"https:\/\/api.w.org\/{rel}","templated":true}]}}