{"id":943105,"date":"2023-11-24T16:05:22","date_gmt":"2023-11-24T15:05:22","guid":{"rendered":"https:\/\/www.claret.cat\/llibre\/la-ere-en-la-lomloe-pack-9788428840644\/"},"modified":"2025-01-13T15:55:50","modified_gmt":"2025-01-13T14:55:50","slug":"la-ere-en-la-lomloe-pack-9788428840644","status":"publish","type":"product","link":"https:\/\/www.claret.cat\/es\/libro\/la-ere-en-la-lomloe-pack-9788428840644\/","title":{"rendered":"LA ERE EN LA LOMLOE. PACK"},"content":{"rendered":"<p class='ql-align-justify'>La LOMLOE ha supuesto una renovaci\u00f3n legislativa y, sobre todo, pedag\u00f3gica del sistema educativo. Entre sus novedades encontramos elementos curriculares que no exist\u00edan hasta ahora, por ejemplo: el perfil de salida de las etapas educativas indicado en los descriptores operativos; las competencias espec\u00edficas de las \u00e1reas y materias; y la insistencia en una evaluaci\u00f3n y metodolog\u00eda en clave competencial. Como consecuencia, la arquitectura curricular se ha actualizado sustancialmente, tambi\u00e9n ha sido as\u00ed en el curr\u00edculo de Religi\u00f3n Cat\u00f3lica.<\/p>\n<p class='ql-align-justify'>En este pack se incluyen&nbsp;los cuatro cuadernos publicados de la serie &#8216;La ERE en la LOMLOE&#8217;:<\/p>\n<p class='ql-align-justify'>1. La LOMLOE: Un nuevo marco curricular para la clase de Religi\u00f3n<\/p>\n<p class='ql-align-justify'>2. El \u00e1rea de Religi\u00f3n en Educaci\u00f3n Infantil y Primaria<\/p>\n<p class='ql-align-justify'>3. La materia de Religi\u00f3n en Secundaria Obligatoria y Bachillerato.<\/p>\n<p class='ql-align-justify'>4. Gu\u00eda de programaci\u00f3n del curr\u00edculo de Religi\u00f3n en la LOMLOE.<\/p>\n<p><\/p>\n","protected":false},"excerpt":{"rendered":"<p>ESTEBAN GARC\u00c9S, CARLOS<\/p>\n","protected":false},"featured_media":943106,"template":"","meta":{"_acf_changed":false,"om_disable_all_campaigns":false,"rs_blank_template":"","rs_page_bg_color":"","slide_template_v7":"","inline_featured_image":false,"_monsterinsights_skip_tracking":false,"_monsterinsights_sitenote_active":false,"_monsterinsights_sitenote_note":"","_monsterinsights_sitenote_category":0},"product_brand":[],"product_cat":[225,483,227,389],"product_tag":[],"class_list":{"0":"post-943105","1":"product","2":"type-product","3":"status-publish","4":"has-post-thumbnail","6":"product_cat-catecismes","7":"product_cat-catecismos","8":"product_cat-formacio","9":"product_cat-formacion","11":"first","12":"instock","13":"taxable","14":"shipping-taxable","15":"purchasable","16":"product-type-simple"},"acf":{"autor":"ESTEBAN GARC\u00c9S, CARLOS","codart":"842884064","libros-coleccion":"Educar","ediciones":"1","encuadernacion":"R\u00fastica","fecha_de_publicacion":"24\/11\/2023","novedad":"1","paginas":"384","subtitulo":"Pack que contiene los cuatro cuadernos de la serie 'La ERE en la LOMLOE'","orden":"0","portada":"0","idioma":"spa","editorial":[{"ID":6335,"post_author":"3","post_date":"2022-07-28 17:49:59","post_date_gmt":"2022-07-28 15:49:59","post_content":"","post_title":"PPC altres","post_excerpt":"","post_status":"publish","comment_status":"closed","ping_status":"closed","post_password":"","post_name":"ppc-altres","to_ping":"","pinged":"","post_modified":"2022-07-28 17:49:59","post_modified_gmt":"2022-07-28 15:49:59","post_content_filtered":"","post_parent":0,"guid":"http:\/\/dev.claret.cat\/editorial\/ppc-altres\/","menu_order":0,"post_type":"editorial","post_mime_type":"","comment_count":"0","filter":"raw"}],"autores-libros":[{"ID":152247,"post_author":"3","post_date":"2022-10-14 14:47:15","post_date_gmt":"2022-10-14 12:47:15","post_content":"","post_title":"CARLOS ESTEBAN GARCES","post_excerpt":"","post_status":"publish","comment_status":"closed","ping_status":"closed","post_password":"","post_name":"carlos-esteban-garces","to_ping":"","pinged":"","post_modified":"2022-10-14 14:47:15","post_modified_gmt":"2022-10-14 12:47:15","post_content_filtered":"","post_parent":0,"guid":"http:\/\/dev.claret.cat\/autor\/carlos-esteban-garces\/","menu_order":0,"post_type":"autor","post_mime_type":"","comment_count":"0","filter":"raw"}]},"aioseo_notices":[],"_links":{"self":[{"href":"https:\/\/www.claret.cat\/es\/wp-json\/wp\/v2\/product\/943105","targetHints":{"allow":["GET"]}}],"collection":[{"href":"https:\/\/www.claret.cat\/es\/wp-json\/wp\/v2\/product"}],"about":[{"href":"https:\/\/www.claret.cat\/es\/wp-json\/wp\/v2\/types\/product"}],"wp:featuredmedia":[{"embeddable":true,"href":"https:\/\/www.claret.cat\/es\/wp-json\/wp\/v2\/media\/943106"}],"wp:attachment":[{"href":"https:\/\/www.claret.cat\/es\/wp-json\/wp\/v2\/media?parent=943105"}],"wp:term":[{"taxonomy":"product_brand","embeddable":true,"href":"https:\/\/www.claret.cat\/es\/wp-json\/wp\/v2\/product_brand?post=943105"},{"taxonomy":"product_cat","embeddable":true,"href":"https:\/\/www.claret.cat\/es\/wp-json\/wp\/v2\/product_cat?post=943105"},{"taxonomy":"product_tag","embeddable":true,"href":"https:\/\/www.claret.cat\/es\/wp-json\/wp\/v2\/product_tag?post=943105"}],"curies":[{"name":"wp","href":"https:\/\/api.w.org\/{rel}","templated":true}]}}