{"id":943166,"date":"2023-11-24T17:55:13","date_gmt":"2023-11-24T16:55:13","guid":{"rendered":"https:\/\/www.claret.cat\/llibre\/la-biblia-para-todos-los-ninos-9788460826996\/"},"modified":"2025-03-11T10:10:41","modified_gmt":"2025-03-11T09:10:41","slug":"la-biblia-para-todos-los-ninos-9788460826996","status":"publish","type":"product","link":"https:\/\/www.claret.cat\/es\/libro\/la-biblia-para-todos-los-ninos-9788460826996\/","title":{"rendered":"LA BIBLIA PARA TODOS LOS NI\u00d1OS"},"content":{"rendered":"<p>En esta nueva edici\u00f3n la Biblia infantil tenemos la tapa acolchada con efectos de brillo y plateado en la portada, y con algunas p\u00e1ginas m\u00e1s. Se trata de una Biblia ilustrada que contiene las historias b\u00edblicas m\u00e1s destacadas resumidas en 277 p\u00e1ginas a todo color y est\u00e1 pensada especialmente para ni\u00f1os de 3 a 8 a\u00f1os.<\/p>\n<p>La nueva Biblia para todos los ni\u00f1os es uno de los mejores regalos que podemos hacer a los ni\u00f1os, familiares, compa\u00f1eros de clase de tus hijos, en eventos especiales para ni\u00f1os, etc.<\/p>\n<p>Esta es una Biblia para ni\u00f1os que acerca lo esencial de la Palabra de Dios a los m\u00e1s peque\u00f1os para que aprendan las historias b\u00edblicas del Antiguo y Nuevo Testamento m\u00e1s destacadas: La Creaci\u00f3n, la ca\u00edda, la vida de Noe, Abraham, Isaac, Jacob, Ester, Rut y por supuesto el nacimiento, muerte y resurrecci\u00f3n de Jes\u00fas, llegando hasta el ap\u00f3stol Pablo.<\/p>\n","protected":false},"excerpt":{"rendered":"<p>JONATAN MIRA; JOAN G. ANGURELL<\/p>\n","protected":false},"featured_media":1010372,"template":"","meta":{"_acf_changed":false,"om_disable_all_campaigns":false,"rs_blank_template":"","rs_page_bg_color":"","slide_template_v7":"","inline_featured_image":false,"_monsterinsights_skip_tracking":false,"_monsterinsights_sitenote_active":false,"_monsterinsights_sitenote_note":"","_monsterinsights_sitenote_category":0},"product_brand":[],"product_cat":[420,481,296,223],"product_tag":[],"class_list":{"0":"post-943166","1":"product","2":"type-product","3":"status-publish","4":"has-post-thumbnail","6":"product_cat-biblias","7":"product_cat-biblias-infantiles","8":"product_cat-biblies","9":"product_cat-biblies-infantils","11":"first","12":"instock","13":"taxable","14":"shipping-taxable","15":"purchasable","16":"product-type-simple"},"acf":{"autor":"JONATAN MIRA; JOAN G. ANGURELL","codart":"846082699","libros-coleccion":"","ediciones":"1","encuadernacion":"Carton\u00e9","fecha_de_publicacion":"01\/10\/2015","novedad":"1","paginas":"177","subtitulo":"","orden":"0","portada":"0","idioma":"spa","editorial":[{"ID":147367,"post_author":"3","post_date":"2022-10-14 11:50:02","post_date_gmt":"2022-10-14 09:50:02","post_content":"","post_title":"ABBA","post_excerpt":"","post_status":"publish","comment_status":"closed","ping_status":"closed","post_password":"","post_name":"abba","to_ping":"","pinged":"","post_modified":"2022-10-14 11:50:02","post_modified_gmt":"2022-10-14 09:50:02","post_content_filtered":"","post_parent":0,"guid":"http:\/\/dev.claret.cat\/editorial\/abba\/","menu_order":0,"post_type":"editorial","post_mime_type":"","comment_count":"0","filter":"raw"}],"autores-libros":[{"ID":159751,"post_author":"3","post_date":"2022-10-14 15:47:25","post_date_gmt":"2022-10-14 13:47:25","post_content":"","post_title":"JONATAN MIRA","post_excerpt":"","post_status":"publish","comment_status":"closed","ping_status":"closed","post_password":"","post_name":"jonatan-mira","to_ping":"","pinged":"","post_modified":"2022-10-14 15:47:25","post_modified_gmt":"2022-10-14 13:47:25","post_content_filtered":"","post_parent":0,"guid":"http:\/\/dev.claret.cat\/autor\/jonatan-mira\/","menu_order":0,"post_type":"autor","post_mime_type":"","comment_count":"0","filter":"raw"},{"ID":943155,"post_author":"3","post_date":"2023-11-24 17:53:18","post_date_gmt":"2023-11-24 16:53:18","post_content":"","post_title":"JOAN G. ANGURELL","post_excerpt":"","post_status":"publish","comment_status":"closed","ping_status":"closed","post_password":"","post_name":"joan-g-angurell-2","to_ping":"","pinged":"","post_modified":"2023-11-24 17:53:18","post_modified_gmt":"2023-11-24 16:53:18","post_content_filtered":"","post_parent":0,"guid":"https:\/\/www.claret.cat\/autor\/joan-g-angurell-2\/","menu_order":0,"post_type":"autor","post_mime_type":"","comment_count":"0","filter":"raw"}]},"aioseo_notices":[],"_links":{"self":[{"href":"https:\/\/www.claret.cat\/es\/wp-json\/wp\/v2\/product\/943166","targetHints":{"allow":["GET"]}}],"collection":[{"href":"https:\/\/www.claret.cat\/es\/wp-json\/wp\/v2\/product"}],"about":[{"href":"https:\/\/www.claret.cat\/es\/wp-json\/wp\/v2\/types\/product"}],"wp:featuredmedia":[{"embeddable":true,"href":"https:\/\/www.claret.cat\/es\/wp-json\/wp\/v2\/media\/1010372"}],"wp:attachment":[{"href":"https:\/\/www.claret.cat\/es\/wp-json\/wp\/v2\/media?parent=943166"}],"wp:term":[{"taxonomy":"product_brand","embeddable":true,"href":"https:\/\/www.claret.cat\/es\/wp-json\/wp\/v2\/product_brand?post=943166"},{"taxonomy":"product_cat","embeddable":true,"href":"https:\/\/www.claret.cat\/es\/wp-json\/wp\/v2\/product_cat?post=943166"},{"taxonomy":"product_tag","embeddable":true,"href":"https:\/\/www.claret.cat\/es\/wp-json\/wp\/v2\/product_tag?post=943166"}],"curies":[{"name":"wp","href":"https:\/\/api.w.org\/{rel}","templated":true}]}}