{"id":943175,"date":"2023-11-24T17:56:06","date_gmt":"2023-11-24T16:56:06","guid":{"rendered":"https:\/\/www.claret.cat\/llibre\/san-manuel-bueno-martir-9788430954827\/"},"modified":"2023-11-30T17:30:06","modified_gmt":"2023-11-30T16:30:06","slug":"san-manuel-bueno-martir-9788430954827","status":"publish","type":"product","link":"https:\/\/www.claret.cat\/es\/libro\/san-manuel-bueno-martir-9788430954827\/","title":{"rendered":"SAN MANUEL BUENO, M\u00c1RTIR"},"content":{"rendered":"<p>Obra maestra de Miguel de Unamuno, que \u00e9ste escribiera a la vuelta del exilio. Puede considerarse como una s\u00edntesis de su pensamiento. Es una obra simb\u00f3lica en la que todo lo que se nombra y describe: el pueblo, el lago, la monta\u00f1a, la nieve hace referencia a una realidad que tenemos que considerar como estando m\u00e1s all\u00e1 de lo que aparece. Unamuno la denomina tragicomedia y es, en definitiva, el relato de la vida de Don Manuel, un cura de aldea entregado plenamente a su pueblo. Es una novela en la que Unamuno alcanza su madurez como escritor y logra exponer, narrativamente, sus ideas filos\u00f3ficas. En ella se hace presente el sentimiento tr\u00e1gico de la existencia (caracter\u00edstico de la filosof\u00eda de Unamuno) y un sentimiento de serenidad, que se trasluce en la vida de don Manuel y su dedicaci\u00f3n a su pueblo; muestra este segundo sentimiento de un saberse finito y de vivir el tiempo de la historia como el tiempo propiamente humano. Para Don Manuel la historia no es un lugar de paso, sino la morada del hombre; y lo que \u00e9ste tiene que hacer es saber \u00abhabitar\u00bb esa morada.<\/p>\n","protected":false},"excerpt":{"rendered":"<p>UNAMUNO, MIGUEL DE<\/p>\n","protected":false},"featured_media":943176,"template":"","meta":{"_acf_changed":false,"om_disable_all_campaigns":false,"rs_blank_template":"","rs_page_bg_color":"","slide_template_v7":"","inline_featured_image":false,"_monsterinsights_skip_tracking":false,"_monsterinsights_sitenote_active":false,"_monsterinsights_sitenote_note":"","_monsterinsights_sitenote_category":0},"product_brand":[],"product_cat":[373,166],"product_tag":[],"class_list":{"0":"post-943175","1":"product","2":"type-product","3":"status-publish","4":"has-post-thumbnail","6":"product_cat-autores","7":"product_cat-autors-filosofia","9":"first","10":"instock","11":"taxable","12":"shipping-taxable","13":"purchasable","14":"product-type-simple"},"acf":{"autor":"UNAMUNO, MIGUEL DE","codart":"843095482","libros-coleccion":"Filosof\u00eda - Los Esenciales De La Filosof","ediciones":"1","encuadernacion":"R\u00fastica","fecha_de_publicacion":"01\/04\/2012","novedad":"0","paginas":"152","subtitulo":"","orden":"0","portada":"0","idioma":"spa","editorial":[{"ID":6373,"post_author":"3","post_date":"2022-07-28 17:50:48","post_date_gmt":"2022-07-28 15:50:48","post_content":"","post_title":"Tecnos","post_excerpt":"","post_status":"publish","comment_status":"closed","ping_status":"closed","post_password":"","post_name":"tecnos","to_ping":"","pinged":"","post_modified":"2022-07-28 17:50:48","post_modified_gmt":"2022-07-28 15:50:48","post_content_filtered":"","post_parent":0,"guid":"http:\/\/dev.claret.cat\/editorial\/tecnos\/","menu_order":0,"post_type":"editorial","post_mime_type":"","comment_count":"0","filter":"raw"}],"autores-libros":[{"ID":164982,"post_author":"3","post_date":"2022-10-14 17:51:26","post_date_gmt":"2022-10-14 15:51:26","post_content":"","post_title":"MIGUEL DE UNAMUNO","post_excerpt":"","post_status":"publish","comment_status":"closed","ping_status":"closed","post_password":"","post_name":"miguel-de-unamuno","to_ping":"","pinged":"","post_modified":"2022-10-14 17:51:26","post_modified_gmt":"2022-10-14 15:51:26","post_content_filtered":"","post_parent":0,"guid":"http:\/\/dev.claret.cat\/autor\/miguel-de-unamuno\/","menu_order":0,"post_type":"autor","post_mime_type":"","comment_count":"0","filter":"raw"}]},"aioseo_notices":[],"_links":{"self":[{"href":"https:\/\/www.claret.cat\/es\/wp-json\/wp\/v2\/product\/943175","targetHints":{"allow":["GET"]}}],"collection":[{"href":"https:\/\/www.claret.cat\/es\/wp-json\/wp\/v2\/product"}],"about":[{"href":"https:\/\/www.claret.cat\/es\/wp-json\/wp\/v2\/types\/product"}],"wp:featuredmedia":[{"embeddable":true,"href":"https:\/\/www.claret.cat\/es\/wp-json\/wp\/v2\/media\/943176"}],"wp:attachment":[{"href":"https:\/\/www.claret.cat\/es\/wp-json\/wp\/v2\/media?parent=943175"}],"wp:term":[{"taxonomy":"product_brand","embeddable":true,"href":"https:\/\/www.claret.cat\/es\/wp-json\/wp\/v2\/product_brand?post=943175"},{"taxonomy":"product_cat","embeddable":true,"href":"https:\/\/www.claret.cat\/es\/wp-json\/wp\/v2\/product_cat?post=943175"},{"taxonomy":"product_tag","embeddable":true,"href":"https:\/\/www.claret.cat\/es\/wp-json\/wp\/v2\/product_tag?post=943175"}],"curies":[{"name":"wp","href":"https:\/\/api.w.org\/{rel}","templated":true}]}}