{"id":943188,"date":"2023-11-24T18:05:13","date_gmt":"2023-11-24T17:05:13","guid":{"rendered":"https:\/\/www.claret.cat\/llibre\/el-asesinato-de-la-profesora-de-ciencias-9788467861013\/"},"modified":"2023-11-30T17:10:07","modified_gmt":"2023-11-30T16:10:07","slug":"el-asesinato-de-la-profesora-de-ciencias-9788467861013","status":"publish","type":"product","link":"https:\/\/www.claret.cat\/es\/libro\/el-asesinato-de-la-profesora-de-ciencias-9788467861013\/","title":{"rendered":"EL ASESINATO DE LA PROFESORA DE CIENCIAS"},"content":{"rendered":"<p>Despu\u00e9s de que un grupo de alumnos vuele por los aires el laboratorio de ciencias, de forma accidental, la profesora Fernanda decide darles una lecci\u00f3n para demostrarles lo importantes que son la f\u00edsica y la qu\u00edmica. Les har\u00e1 beber un extra\u00f1o l\u00edquido y les dejar\u00e1 un mensaje: tendr\u00e1n que seguir una serie de pistas para encontrar el ant\u00eddoto, pero deber\u00e1n hacerlo antes de las dos de la tarde, o algo terrible ocurrir\u00e1. <br \/> Jorge, Petra y Max recorrer\u00e1n toda la ciudad buscando y resolviendo los acertijos para salvar su vida, y es que ya sab\u00edan ellos que el accidente terminar\u00eda pas\u00e1ndoles factura, aunque jam\u00e1s pensaron que de forma tan dram\u00e1tica.<br \/> Tras El asesinato del profesor de matem\u00e1ticas, El asesinato de la profesora de lengua y El asesinato del profesor de m\u00fasica, Jordi Siera i Fabra presenta El asesinato de la profesora de ciencias. Un texto en el que combina de forma divertida y amena la literatura y la ciencia. Es un modo sencillo de atraer a los lectores a esa disciplina, que, en algunas ocasiones,tanto se les atraganta, y desvela muchos hechos cotidianos que, sin los debidos conocimientos, pueden parecer misterios insondables o cosa de magia.<\/p>\n","protected":false},"excerpt":{"rendered":"<p>SIERRA I FABRA, JORDI<\/p>\n","protected":false},"featured_media":943189,"template":"","meta":{"_acf_changed":false,"om_disable_all_campaigns":false,"rs_blank_template":"","rs_page_bg_color":"","slide_template_v7":"","inline_featured_image":false,"_monsterinsights_skip_tracking":false,"_monsterinsights_sitenote_active":false,"_monsterinsights_sitenote_note":"","_monsterinsights_sitenote_category":0},"product_brand":[],"product_cat":[132,362],"product_tag":[],"class_list":{"0":"post-943188","1":"product","2":"type-product","3":"status-publish","4":"has-post-thumbnail","6":"product_cat-lectures-per-preadolescents-6-12-anys","7":"product_cat-libros-preadolescentes-6-12-anos","9":"first","10":"instock","11":"taxable","12":"shipping-taxable","13":"purchasable","14":"product-type-simple"},"acf":{"autor":"SIERRA I FABRA, JORDI","codart":"846786101","libros-coleccion":"FORA DE COL.LECCI\u00d3","ediciones":"1","encuadernacion":"R\u00fastica","fecha_de_publicacion":"01\/03\/2014","novedad":"1","paginas":"166","subtitulo":"","orden":"0","portada":"0","idioma":"spa","editorial":[{"ID":147433,"post_author":"3","post_date":"2022-10-14 11:50:32","post_date_gmt":"2022-10-14 09:50:32","post_content":"","post_title":"ANAYA INFANTIL Y JUVENIL","post_excerpt":"","post_status":"publish","comment_status":"closed","ping_status":"closed","post_password":"","post_name":"anaya-infantil-y-juvenil","to_ping":"","pinged":"","post_modified":"2022-10-14 11:50:32","post_modified_gmt":"2022-10-14 09:50:32","post_content_filtered":"","post_parent":0,"guid":"http:\/\/dev.claret.cat\/editorial\/anaya-infantil-y-juvenil\/","menu_order":0,"post_type":"editorial","post_mime_type":"","comment_count":"0","filter":"raw"}],"autores-libros":[{"ID":160013,"post_author":"3","post_date":"2022-10-14 15:49:35","post_date_gmt":"2022-10-14 13:49:35","post_content":"","post_title":"JORDI SIERRA I FABRA","post_excerpt":"","post_status":"publish","comment_status":"closed","ping_status":"closed","post_password":"","post_name":"jordi-sierra-i-fabra","to_ping":"","pinged":"","post_modified":"2022-10-14 15:49:35","post_modified_gmt":"2022-10-14 13:49:35","post_content_filtered":"","post_parent":0,"guid":"http:\/\/dev.claret.cat\/autor\/jordi-sierra-i-fabra\/","menu_order":0,"post_type":"autor","post_mime_type":"","comment_count":"0","filter":"raw"}]},"aioseo_notices":[],"_links":{"self":[{"href":"https:\/\/www.claret.cat\/es\/wp-json\/wp\/v2\/product\/943188","targetHints":{"allow":["GET"]}}],"collection":[{"href":"https:\/\/www.claret.cat\/es\/wp-json\/wp\/v2\/product"}],"about":[{"href":"https:\/\/www.claret.cat\/es\/wp-json\/wp\/v2\/types\/product"}],"wp:featuredmedia":[{"embeddable":true,"href":"https:\/\/www.claret.cat\/es\/wp-json\/wp\/v2\/media\/943189"}],"wp:attachment":[{"href":"https:\/\/www.claret.cat\/es\/wp-json\/wp\/v2\/media?parent=943188"}],"wp:term":[{"taxonomy":"product_brand","embeddable":true,"href":"https:\/\/www.claret.cat\/es\/wp-json\/wp\/v2\/product_brand?post=943188"},{"taxonomy":"product_cat","embeddable":true,"href":"https:\/\/www.claret.cat\/es\/wp-json\/wp\/v2\/product_cat?post=943188"},{"taxonomy":"product_tag","embeddable":true,"href":"https:\/\/www.claret.cat\/es\/wp-json\/wp\/v2\/product_tag?post=943188"}],"curies":[{"name":"wp","href":"https:\/\/api.w.org\/{rel}","templated":true}]}}