{"id":943195,"date":"2023-11-24T18:10:12","date_gmt":"2023-11-24T17:10:12","guid":{"rendered":"https:\/\/www.claret.cat\/llibre\/els-elefants-viatgers-9788417254933\/"},"modified":"2023-11-27T14:10:16","modified_gmt":"2023-11-27T13:10:16","slug":"els-elefants-viatgers-9788417254933","status":"publish","type":"product","link":"https:\/\/www.claret.cat\/es\/libro\/els-elefants-viatgers-9788417254933\/","title":{"rendered":"ELS ELEFANTS VIATGERS"},"content":{"rendered":"<p>* Fes la maleta i en marxa! Acompanya els elefants en aquesta extraordin\u00e0ria aventura al voltant del m\u00f3n.<br \/> * Des dels gratacels de Sydney, Nova York i T\u00f2quio fins a la selva amaz\u00f3nica i els boscos de Madagascar, els elefants descobriran alguns dels llocs m\u00e9s impressionants del planeta.<br \/> * Cada parada de l&#8221;itinerari \u00e9s una recreaci\u00f3 fant\u00e1stica d&#8221;una destinaci\u00f3 famosa, plena d&#8221;una infinitat de coses que haur\u00e0s de buscar. T&#8221;hi atreveixes?<\/p>\n<p> Segueix la ruta dels elefants i juga a fer de detectiu!!!<\/p>\n","protected":false},"excerpt":{"rendered":"<p>CORNET, GUILLAUME<\/p>\n","protected":false},"featured_media":943320,"template":"","meta":{"_acf_changed":false,"om_disable_all_campaigns":false,"rs_blank_template":"","rs_page_bg_color":"","slide_template_v7":"","inline_featured_image":false,"_monsterinsights_skip_tracking":false,"_monsterinsights_sitenote_active":false,"_monsterinsights_sitenote_note":"","_monsterinsights_sitenote_category":0},"product_brand":[],"product_cat":[131,361],"product_tag":[],"class_list":{"0":"post-943195","1":"product","2":"type-product","3":"status-publish","4":"has-post-thumbnail","6":"product_cat-contes-per-infants-0-6-anys","7":"product_cat-cuentos-para-ninos-0-6-anos","9":"first","10":"instock","11":"taxable","12":"shipping-taxable","13":"purchasable","14":"product-type-simple"},"acf":{"autor":"CORNET, GUILLAUME","codart":"841725493","libros-coleccion":"","ediciones":"1","encuadernacion":"Carton\u00e9","fecha_de_publicacion":"01\/08\/2018","novedad":"1","paginas":"48","subtitulo":"UN VIATGE PER TOT EL M\u00d3N PER BUSCAR I TROBAR","orden":"0","portada":"0","idioma":"spa","editorial":[{"ID":147554,"post_author":"3","post_date":"2022-10-14 11:51:27","post_date_gmt":"2022-10-14 09:51:27","post_content":"","post_title":"BLUME (Naturart)","post_excerpt":"","post_status":"publish","comment_status":"closed","ping_status":"closed","post_password":"","post_name":"blume-naturart","to_ping":"","pinged":"","post_modified":"2022-10-14 11:51:27","post_modified_gmt":"2022-10-14 09:51:27","post_content_filtered":"","post_parent":0,"guid":"http:\/\/dev.claret.cat\/editorial\/blume-naturart\/","menu_order":0,"post_type":"editorial","post_mime_type":"","comment_count":"0","filter":"raw"}],"autores-libros":[{"ID":943194,"post_author":"3","post_date":"2023-11-24 18:10:09","post_date_gmt":"2023-11-24 17:10:09","post_content":"","post_title":"GUILLAUME CORNET","post_excerpt":"","post_status":"publish","comment_status":"closed","ping_status":"closed","post_password":"","post_name":"guillaume-cornet","to_ping":"","pinged":"","post_modified":"2023-11-24 18:10:09","post_modified_gmt":"2023-11-24 17:10:09","post_content_filtered":"","post_parent":0,"guid":"https:\/\/www.claret.cat\/autor\/guillaume-cornet\/","menu_order":0,"post_type":"autor","post_mime_type":"","comment_count":"0","filter":"raw"}]},"aioseo_notices":[],"_links":{"self":[{"href":"https:\/\/www.claret.cat\/es\/wp-json\/wp\/v2\/product\/943195","targetHints":{"allow":["GET"]}}],"collection":[{"href":"https:\/\/www.claret.cat\/es\/wp-json\/wp\/v2\/product"}],"about":[{"href":"https:\/\/www.claret.cat\/es\/wp-json\/wp\/v2\/types\/product"}],"wp:featuredmedia":[{"embeddable":true,"href":"https:\/\/www.claret.cat\/es\/wp-json\/wp\/v2\/media\/943320"}],"wp:attachment":[{"href":"https:\/\/www.claret.cat\/es\/wp-json\/wp\/v2\/media?parent=943195"}],"wp:term":[{"taxonomy":"product_brand","embeddable":true,"href":"https:\/\/www.claret.cat\/es\/wp-json\/wp\/v2\/product_brand?post=943195"},{"taxonomy":"product_cat","embeddable":true,"href":"https:\/\/www.claret.cat\/es\/wp-json\/wp\/v2\/product_cat?post=943195"},{"taxonomy":"product_tag","embeddable":true,"href":"https:\/\/www.claret.cat\/es\/wp-json\/wp\/v2\/product_tag?post=943195"}],"curies":[{"name":"wp","href":"https:\/\/api.w.org\/{rel}","templated":true}]}}