{"id":943198,"date":"2023-11-24T18:15:36","date_gmt":"2023-11-24T17:15:36","guid":{"rendered":"https:\/\/www.claret.cat\/llibre\/prohibida-la-entrada-a-los-elefantes-9788419094704\/"},"modified":"2023-11-27T13:30:19","modified_gmt":"2023-11-27T12:30:19","slug":"prohibida-la-entrada-a-los-elefantes-9788419094704","status":"publish","type":"product","link":"https:\/\/www.claret.cat\/es\/libro\/prohibida-la-entrada-a-los-elefantes-9788419094704\/","title":{"rendered":"PROHIBIDA LA ENTRADA A LOS ELEFANTES"},"content":{"rendered":"<p>\u00abEl problema de adoptar un peque\u00f1o elefante como mascota es que nunca acabas de encajar&#8230; Nadie m\u00e1s tiene un elefante en casa. Cada d\u00eda paseo a mi elefante. \u00c9l es muy considerado y no dejar\u00eda que me mojara, por nada del mundo. No le gustan las grietas de las aceras. Siempre he de cogerlo en brazos para que contin\u00fae caminando. Eso es lo que hacen los amigos: ayudarse para poder superar las grietas\u00bb.<\/p>\n<p> Una dulce historia que capta la magia de la amistad y la alegr\u00eda de convivir con una mascota.<\/p>\n","protected":false},"excerpt":{"rendered":"<p>MANTCHEV, LISA \/ YOO, TAEEUN<\/p>\n","protected":false},"featured_media":943302,"template":"","meta":{"_acf_changed":false,"om_disable_all_campaigns":false,"rs_blank_template":"","rs_page_bg_color":"","slide_template_v7":"","inline_featured_image":false,"_monsterinsights_skip_tracking":false,"_monsterinsights_sitenote_active":false,"_monsterinsights_sitenote_note":"","_monsterinsights_sitenote_category":0},"product_brand":[],"product_cat":[131,361],"product_tag":[],"class_list":{"0":"post-943198","1":"product","2":"type-product","3":"status-publish","4":"has-post-thumbnail","6":"product_cat-contes-per-infants-0-6-anys","7":"product_cat-cuentos-para-ninos-0-6-anos","9":"first","10":"instock","11":"taxable","12":"shipping-taxable","13":"purchasable","14":"product-type-simple"},"acf":{"autor":"MANTCHEV, LISA \/ YOO, TAEEUN","codart":"841909470","libros-coleccion":"","ediciones":"1","encuadernacion":"Carton\u00e9","fecha_de_publicacion":"01\/08\/2022","novedad":"1","paginas":"32","subtitulo":"","orden":"0","portada":"0","idioma":"spa","editorial":[{"ID":147554,"post_author":"3","post_date":"2022-10-14 11:51:27","post_date_gmt":"2022-10-14 09:51:27","post_content":"","post_title":"BLUME (Naturart)","post_excerpt":"","post_status":"publish","comment_status":"closed","ping_status":"closed","post_password":"","post_name":"blume-naturart","to_ping":"","pinged":"","post_modified":"2022-10-14 11:51:27","post_modified_gmt":"2022-10-14 09:51:27","post_content_filtered":"","post_parent":0,"guid":"http:\/\/dev.claret.cat\/editorial\/blume-naturart\/","menu_order":0,"post_type":"editorial","post_mime_type":"","comment_count":"0","filter":"raw"}],"autores-libros":[{"ID":263679,"post_author":"3","post_date":"2022-12-01 11:19:44","post_date_gmt":"2022-12-01 10:19:44","post_content":"","post_title":"LISA MANTCHEV","post_excerpt":"","post_status":"publish","comment_status":"closed","ping_status":"closed","post_password":"","post_name":"lisa-mantchev","to_ping":"","pinged":"","post_modified":"2022-12-01 11:19:44","post_modified_gmt":"2022-12-01 10:19:44","post_content_filtered":"","post_parent":0,"guid":"http:\/\/dev.claret.cat\/autor\/lisa-mantchev\/","menu_order":0,"post_type":"autor","post_mime_type":"","comment_count":"0","filter":"raw"},{"ID":263932,"post_author":"3","post_date":"2022-12-01 11:22:12","post_date_gmt":"2022-12-01 10:22:12","post_content":"","post_title":"TAEEUN YOO","post_excerpt":"","post_status":"publish","comment_status":"closed","ping_status":"closed","post_password":"","post_name":"taeeun-yoo","to_ping":"","pinged":"","post_modified":"2022-12-01 11:22:12","post_modified_gmt":"2022-12-01 10:22:12","post_content_filtered":"","post_parent":0,"guid":"http:\/\/dev.claret.cat\/autor\/taeeun-yoo\/","menu_order":0,"post_type":"autor","post_mime_type":"","comment_count":"0","filter":"raw"}]},"aioseo_notices":[],"_links":{"self":[{"href":"https:\/\/www.claret.cat\/es\/wp-json\/wp\/v2\/product\/943198","targetHints":{"allow":["GET"]}}],"collection":[{"href":"https:\/\/www.claret.cat\/es\/wp-json\/wp\/v2\/product"}],"about":[{"href":"https:\/\/www.claret.cat\/es\/wp-json\/wp\/v2\/types\/product"}],"wp:featuredmedia":[{"embeddable":true,"href":"https:\/\/www.claret.cat\/es\/wp-json\/wp\/v2\/media\/943302"}],"wp:attachment":[{"href":"https:\/\/www.claret.cat\/es\/wp-json\/wp\/v2\/media?parent=943198"}],"wp:term":[{"taxonomy":"product_brand","embeddable":true,"href":"https:\/\/www.claret.cat\/es\/wp-json\/wp\/v2\/product_brand?post=943198"},{"taxonomy":"product_cat","embeddable":true,"href":"https:\/\/www.claret.cat\/es\/wp-json\/wp\/v2\/product_cat?post=943198"},{"taxonomy":"product_tag","embeddable":true,"href":"https:\/\/www.claret.cat\/es\/wp-json\/wp\/v2\/product_tag?post=943198"}],"curies":[{"name":"wp","href":"https:\/\/api.w.org\/{rel}","templated":true}]}}