{"id":943219,"date":"2023-11-24T19:25:29","date_gmt":"2023-11-24T18:25:29","guid":{"rendered":"https:\/\/www.claret.cat\/llibre\/2006-lany-que-tu-vas-neixer-9788415003274\/"},"modified":"2025-12-12T12:45:07","modified_gmt":"2025-12-12T11:45:07","slug":"2006-lany-que-tu-vas-neixer-9788415003274","status":"publish","type":"product","link":"https:\/\/www.claret.cat\/es\/libro\/2006-lany-que-tu-vas-neixer-9788415003274\/","title":{"rendered":"2006 L&#8217;ANY QUE TU VAS N\u00c9IXER"},"content":{"rendered":"<p>Si vols tenir un detall original amb alg\u00fa que celebri el seu 18 aniversari, aquest llibre ser\u00e0 la teva felicitaci\u00f3 d&#8217;aniversari ideal. El llibre de 2006 cont\u00e9 una selecci\u00f3 de not\u00edcies curioses que van passar aquell any, imatges, anuncis i en general tot all\u00f2 per entendre com era el m\u00f3n aquell any, com era la moda, qu\u00e8 es va inventar, quins anuncis hi havia, les can\u00e7ons i les pel\u00b7l\u00edcules d&#8217;\u00e8xit, quant valien les coses, quins personatges famosos destacaven, i moltes coses m\u00e9s. Aquest llibre del 2006 forma part de la popular col\u00b7lecci\u00f3 &#8216;L&#8217;any que tu vas n\u00e9ixer&#8217;. Un detall ideal per al protagonista de la festa d&#8217;aniversari, o per sorprendre a cadascun dels convidats del teu proper sopar amb amics o fam\u00edlia. Posa el llibre de l&#8217;any de cada convidat al seu lloc de la taula i veur\u00e0s la sorpresa quan se&#8217;l trobin. De seguida es trencar\u00e0 el gel amb converses apassionades plenes de records. La col\u00b7lecci\u00f3 &#8216;L&#8217;any que tu vas n\u00e9ixer&#8217; va des del 1920 al 2006.<\/p>\n","protected":false},"excerpt":{"rendered":"<p>COLLADO BASCOMPTE, ROSA<\/p>\n","protected":false},"featured_media":1025397,"template":"","meta":{"_acf_changed":false,"om_disable_all_campaigns":false,"rs_blank_template":"","rs_page_bg_color":"","slide_template_v7":"","inline_featured_image":false,"_monsterinsights_skip_tracking":false,"_monsterinsights_sitenote_active":false,"_monsterinsights_sitenote_note":"","_monsterinsights_sitenote_category":0},"product_brand":[],"product_cat":[90,540,105,555],"product_tag":[],"class_list":{"0":"post-943219","1":"product","2":"type-product","3":"status-publish","4":"has-post-thumbnail","6":"product_cat-altres","7":"product_cat-otros","8":"product_cat-regal","9":"product_cat-regalo","11":"first","12":"instock","13":"taxable","14":"shipping-taxable","15":"purchasable","16":"product-type-simple"},"acf":{"autor":"COLLADO BASCOMPTE, ROSA","codart":"841500327","libros-coleccion":"FORA DE COL.LECCI\u00d3","ediciones":"1","encuadernacion":"Grapado","fecha_de_publicacion":"01\/10\/2023","novedad":"1","paginas":"24","subtitulo":"","orden":"0","portada":"0","idioma":"cat","editorial":[{"ID":147374,"post_author":"3","post_date":"2022-10-14 11:50:05","post_date_gmt":"2022-10-14 09:50:05","post_content":"","post_title":"ACV EDICIONS","post_excerpt":"","post_status":"publish","comment_status":"closed","ping_status":"closed","post_password":"","post_name":"acv-edicions","to_ping":"","pinged":"","post_modified":"2022-10-14 11:50:05","post_modified_gmt":"2022-10-14 09:50:05","post_content_filtered":"","post_parent":0,"guid":"http:\/\/dev.claret.cat\/editorial\/acv-edicions\/","menu_order":0,"post_type":"editorial","post_mime_type":"","comment_count":"0","filter":"raw"}],"autores-libros":[{"ID":168483,"post_author":"3","post_date":"2022-10-14 22:19:28","post_date_gmt":"2022-10-14 20:19:28","post_content":"","post_title":"ROSA COLLADO BASCOMPTE","post_excerpt":"","post_status":"publish","comment_status":"closed","ping_status":"closed","post_password":"","post_name":"rosa-collado-bascompte","to_ping":"","pinged":"","post_modified":"2022-10-14 22:19:28","post_modified_gmt":"2022-10-14 20:19:28","post_content_filtered":"","post_parent":0,"guid":"http:\/\/dev.claret.cat\/autor\/rosa-collado-bascompte\/","menu_order":0,"post_type":"autor","post_mime_type":"","comment_count":"0","filter":"raw"}],"booktrailer":"","resenas":""},"aioseo_notices":[],"_links":{"self":[{"href":"https:\/\/www.claret.cat\/es\/wp-json\/wp\/v2\/product\/943219","targetHints":{"allow":["GET"]}}],"collection":[{"href":"https:\/\/www.claret.cat\/es\/wp-json\/wp\/v2\/product"}],"about":[{"href":"https:\/\/www.claret.cat\/es\/wp-json\/wp\/v2\/types\/product"}],"wp:featuredmedia":[{"embeddable":true,"href":"https:\/\/www.claret.cat\/es\/wp-json\/wp\/v2\/media\/1025397"}],"wp:attachment":[{"href":"https:\/\/www.claret.cat\/es\/wp-json\/wp\/v2\/media?parent=943219"}],"wp:term":[{"taxonomy":"product_brand","embeddable":true,"href":"https:\/\/www.claret.cat\/es\/wp-json\/wp\/v2\/product_brand?post=943219"},{"taxonomy":"product_cat","embeddable":true,"href":"https:\/\/www.claret.cat\/es\/wp-json\/wp\/v2\/product_cat?post=943219"},{"taxonomy":"product_tag","embeddable":true,"href":"https:\/\/www.claret.cat\/es\/wp-json\/wp\/v2\/product_tag?post=943219"}],"curies":[{"name":"wp","href":"https:\/\/api.w.org\/{rel}","templated":true}]}}