{"id":943267,"date":"2023-11-27T11:25:02","date_gmt":"2023-11-27T10:25:02","guid":{"rendered":"https:\/\/www.claret.cat\/llibre\/el-violi-dauschwitz-9788499300399\/"},"modified":"2024-02-01T13:18:01","modified_gmt":"2024-02-01T12:18:01","slug":"el-violi-dauschwitz-9788499300399","status":"publish","type":"product","link":"https:\/\/www.claret.cat\/es\/libro\/el-violi-dauschwitz-9788499300399\/","title":{"rendered":"EL VIOLI D&#8217;AUSCHWITZ"},"content":{"rendered":"<p>En El viol\u00ed d&#8217;Auschwitz (1994), Maria \u00c0ngels Anglada ens trasllada a un petit camp de concentraci\u00f3 del III Reich, depenent del temut camp d&#8217;Auschwitz, prop de Crac\u00f2via, on un lutier jueu, Daniel, ha de construir, en un termini de temps que desconeix, un viol\u00ed que soni com un Stradivarius. Amb aquesta novel\u00b7la, l&#8217;autora enriquia la cada cop m\u00e9s extensa n\u00f2mina d&#8217;excel\u00b7lents obres sobre el genocidi jueu durant la II Guerra Mundial.El viol\u00ed d&#8217;Auschwitz \u00e9s la novel\u00b7la m\u00e9s tradu\u00efda i reeditada de Maria \u00c0ngels Anglada i la que ha tingut m\u00e9s ress\u00f2 en la cr\u00edtica, tant en el nostre pa\u00eds com a l&#8217;estranger, com demostra el fet que hagi estat tradu\u00efda a catorze idiomes. L&#8217;autor d&#8217;aquesta edici\u00f3, Eusebi Ayensa, \u00e9s el curador de les Obres completes de Maria \u00c0ngels Anglada, a la qual ha dedicat una gran quantitat d&#8217;articles i el llibre El poder del record. L&#8217;obra narrativa de Maria \u00c0ngels Anglada. Guia de lectura (Edicions 62, 2009). Llicenciat en Filologia cl\u00e0ssica i doctor en Filologia rom\u00e0nica per la Universitat de Barcelona, \u00e9s acad\u00e8mic corresponent de la Reial Acad\u00e8mia de Bones Lletres de Barcelona. Des de l&#8217;octubre del 2007 dirigeix l&#8217;Institut Cervantes d&#8217;Atenes.<\/p>\n","protected":false},"excerpt":{"rendered":"<p>ANGLADA, MARIA ANGELS<\/p>\n","protected":false},"featured_media":943268,"template":"","meta":{"_acf_changed":false,"om_disable_all_campaigns":false,"rs_blank_template":"","rs_page_bg_color":"","slide_template_v7":"","inline_featured_image":false,"_monsterinsights_skip_tracking":false,"_monsterinsights_sitenote_active":false,"_monsterinsights_sitenote_note":"","_monsterinsights_sitenote_category":0},"product_brand":[],"product_cat":[87,353],"product_tag":[],"class_list":{"0":"post-943267","1":"product","2":"type-product","3":"status-publish","4":"has-post-thumbnail","6":"product_cat-literatura","7":"product_cat-literatura-2_humanidades","9":"first","10":"instock","11":"taxable","12":"shipping-taxable","13":"purchasable","14":"product-type-simple"},"acf":{"autor":"ANGLADA, MARIA ANGELS","codart":"849930039","libros-coleccion":"","ediciones":"1","encuadernacion":"R\u00fastica","fecha_de_publicacion":"11\/01\/2010","novedad":"0","paginas":"144","subtitulo":"","orden":"999","portada":"0","idioma":"cat","editorial":[{"ID":6281,"post_author":"3","post_date":"2022-07-28 17:48:50","post_date_gmt":"2022-07-28 15:48:50","post_content":"","post_title":"LABUTXACA","post_excerpt":"","post_status":"publish","comment_status":"closed","ping_status":"closed","post_password":"","post_name":"labutxaca","to_ping":"","pinged":"","post_modified":"2022-07-28 17:48:50","post_modified_gmt":"2022-07-28 15:48:50","post_content_filtered":"","post_parent":0,"guid":"http:\/\/dev.claret.cat\/editorial\/labutxaca\/","menu_order":0,"post_type":"editorial","post_mime_type":"","comment_count":"0","filter":"raw"}],"autores-libros":[{"ID":163520,"post_author":"3","post_date":"2022-10-14 17:39:42","post_date_gmt":"2022-10-14 15:39:42","post_content":"","post_title":"MARIA ANGELS ANGLADA","post_excerpt":"","post_status":"publish","comment_status":"closed","ping_status":"closed","post_password":"","post_name":"maria-angels-anglada","to_ping":"","pinged":"","post_modified":"2022-10-14 17:39:42","post_modified_gmt":"2022-10-14 15:39:42","post_content_filtered":"","post_parent":0,"guid":"http:\/\/dev.claret.cat\/autor\/maria-angels-anglada\/","menu_order":0,"post_type":"autor","post_mime_type":"","comment_count":"0","filter":"raw"}]},"aioseo_notices":[],"_links":{"self":[{"href":"https:\/\/www.claret.cat\/es\/wp-json\/wp\/v2\/product\/943267","targetHints":{"allow":["GET"]}}],"collection":[{"href":"https:\/\/www.claret.cat\/es\/wp-json\/wp\/v2\/product"}],"about":[{"href":"https:\/\/www.claret.cat\/es\/wp-json\/wp\/v2\/types\/product"}],"wp:featuredmedia":[{"embeddable":true,"href":"https:\/\/www.claret.cat\/es\/wp-json\/wp\/v2\/media\/943268"}],"wp:attachment":[{"href":"https:\/\/www.claret.cat\/es\/wp-json\/wp\/v2\/media?parent=943267"}],"wp:term":[{"taxonomy":"product_brand","embeddable":true,"href":"https:\/\/www.claret.cat\/es\/wp-json\/wp\/v2\/product_brand?post=943267"},{"taxonomy":"product_cat","embeddable":true,"href":"https:\/\/www.claret.cat\/es\/wp-json\/wp\/v2\/product_cat?post=943267"},{"taxonomy":"product_tag","embeddable":true,"href":"https:\/\/www.claret.cat\/es\/wp-json\/wp\/v2\/product_tag?post=943267"}],"curies":[{"name":"wp","href":"https:\/\/api.w.org\/{rel}","templated":true}]}}