{"id":943278,"date":"2023-11-27T12:00:15","date_gmt":"2023-11-27T11:00:15","guid":{"rendered":"https:\/\/www.claret.cat\/llibre\/saviesa-dun-pobre-francesc-dassis-9788491365235\/"},"modified":"2026-02-04T17:35:20","modified_gmt":"2026-02-04T16:35:20","slug":"saviesa-dun-pobre-francesc-dassis-9788491365235","status":"publish","type":"product","link":"https:\/\/www.claret.cat\/es\/libro\/saviesa-dun-pobre-francesc-dassis-9788491365235\/","title":{"rendered":"SAVIESA D&#8217;UN POBRE: FRANCESC D&#8217;ASS\u00cdS"},"content":{"rendered":"<p>\u00abSaviesa d&#8217;un pobre\u00bb no \u00e9s pas una biografia de Francesc d&#8217;Ass\u00eds, sin\u00f3 una aproximaci\u00f3 al sant en un moment molt concret de la seva vida: quan la malaltia, d&#8217;una banda, i la crisi de creixement de l&#8217;orde francisc\u00e0, de l&#8217;altra, el dugueren a una nit fosca de despullament i purificaci\u00f3. Aquest relat, escrit amb l&#8217;afany d&#8217;una fidelitat m\u00e9s espiritual que literal, expressa l&#8217;actitud m\u00e9s profunda de sant Francesc al llarg d&#8217;aquesta prova tan dura. L&#8217;estil \u00e0gil, senzill i agradable del llibre convida a assaborir cadascuna de les seves p\u00e0gines.<\/p>\n","protected":false},"excerpt":{"rendered":"<p>LECLERC, \u00c9LOI<\/p>\n","protected":false},"featured_media":1071462,"template":"","meta":{"_acf_changed":false,"om_disable_all_campaigns":false,"rs_blank_template":"","rs_page_bg_color":"","slide_template_v7":"","inline_featured_image":false,"_monsterinsights_skip_tracking":false,"_monsterinsights_sitenote_active":false,"_monsterinsights_sitenote_note":"","_monsterinsights_sitenote_category":0},"product_brand":[],"product_cat":[581,127,130,357,360],"product_tag":[],"class_list":{"0":"post-943278","1":"product","2":"type-product","3":"status-publish","4":"has-post-thumbnail","6":"product_cat-editorial-claret","7":"product_cat-novella-contemporania","8":"product_cat-novella-historica-i-ficcio","9":"product_cat-novela-contemporanea","10":"product_cat-novela-historica-y-ficcion","12":"first","13":"instock","14":"taxable","15":"shipping-taxable","16":"purchasable","17":"product-type-simple"},"acf":{"autor":"LECLERC, \u00c9LOI","codart":"849136523","libros-coleccion":"ELS DAUS","ediciones":"8","encuadernacion":"R\u00fastica","fecha_de_publicacion":"02\/01\/2024","novedad":"0","paginas":"94","subtitulo":"","orden":"0","portada":"0","idioma":"cat","editorial":[{"ID":6158,"post_author":"3","post_date":"2022-07-28 17:46:08","post_date_gmt":"2022-07-28 15:46:08","post_content":"","post_title":"CLARET","post_excerpt":"","post_status":"publish","comment_status":"closed","ping_status":"closed","post_password":"","post_name":"claret","to_ping":"","pinged":"","post_modified":"2022-07-28 17:46:08","post_modified_gmt":"2022-07-28 15:46:08","post_content_filtered":"","post_parent":0,"guid":"http:\/\/dev.claret.cat\/editorial\/claret\/","menu_order":0,"post_type":"editorial","post_mime_type":"","comment_count":"0","filter":"raw"}],"autores-libros":[{"ID":154903,"post_author":"3","post_date":"2022-10-14 15:08:35","post_date_gmt":"2022-10-14 13:08:35","post_content":"","post_title":"ELOI LECLERC","post_excerpt":"","post_status":"publish","comment_status":"closed","ping_status":"closed","post_password":"","post_name":"eloi-leclerc","to_ping":"","pinged":"","post_modified":"2022-10-14 15:08:35","post_modified_gmt":"2022-10-14 13:08:35","post_content_filtered":"","post_parent":0,"guid":"http:\/\/dev.claret.cat\/autor\/eloi-leclerc\/","menu_order":0,"post_type":"autor","post_mime_type":"","comment_count":"0","filter":"raw"}],"booktrailer":"","linkebook":"","ficha":"","muestra":"","precioebook":"0","presentacion":"","resenas":"<p>Catalunya Cristiana (castell\u00e0), 28\/01\/2024<\/p>\n<p><a href=\"https:\/\/drive.google.com\/file\/d\/1eaLVjlonZIEcK61xO35GGQCaKeH3nTFA\/view?usp=drive_link\" rel=\"noopener noreferrer\" target=\"_blank\">https:\/\/drive.google.com\/file\/d\/1eaLVjlonZIEcK61xO35GGQCaKeH3nTFA\/view?usp=drive_link<\/a><\/p>\n<p><\/p>\n<p>Catalunya Cristiana (catal\u00e0), 28\/01\/2024<\/p>\n<p><a href=\"https:\/\/drive.google.com\/file\/d\/1eg3aAMcGxnixrH_hV1N8aUNLHONPEWdm\/view?usp=sharing\" rel=\"noopener noreferrer\" target=\"_blank\">https:\/\/drive.google.com\/file\/d\/1eg3aAMcGxnixrH_hV1N8aUNLHONPEWdm\/view?usp=sharing<\/a><\/p>\n"},"aioseo_notices":[],"_links":{"self":[{"href":"https:\/\/www.claret.cat\/es\/wp-json\/wp\/v2\/product\/943278","targetHints":{"allow":["GET"]}}],"collection":[{"href":"https:\/\/www.claret.cat\/es\/wp-json\/wp\/v2\/product"}],"about":[{"href":"https:\/\/www.claret.cat\/es\/wp-json\/wp\/v2\/types\/product"}],"wp:featuredmedia":[{"embeddable":true,"href":"https:\/\/www.claret.cat\/es\/wp-json\/wp\/v2\/media\/1071462"}],"wp:attachment":[{"href":"https:\/\/www.claret.cat\/es\/wp-json\/wp\/v2\/media?parent=943278"}],"wp:term":[{"taxonomy":"product_brand","embeddable":true,"href":"https:\/\/www.claret.cat\/es\/wp-json\/wp\/v2\/product_brand?post=943278"},{"taxonomy":"product_cat","embeddable":true,"href":"https:\/\/www.claret.cat\/es\/wp-json\/wp\/v2\/product_cat?post=943278"},{"taxonomy":"product_tag","embeddable":true,"href":"https:\/\/www.claret.cat\/es\/wp-json\/wp\/v2\/product_tag?post=943278"}],"curies":[{"name":"wp","href":"https:\/\/api.w.org\/{rel}","templated":true}]}}