{"id":943387,"date":"2023-11-28T12:30:02","date_gmt":"2023-11-28T11:30:02","guid":{"rendered":"https:\/\/www.claret.cat\/llibre\/que-fa-lemma-9788413034966\/"},"modified":"2024-01-23T18:00:19","modified_gmt":"2024-01-23T17:00:19","slug":"que-fa-lemma-9788413034966","status":"publish","type":"product","link":"https:\/\/www.claret.cat\/es\/libro\/que-fa-lemma-9788413034966\/","title":{"rendered":"QU\u00c8 FA L&#8217;EMMA?"},"content":{"rendered":"<p>L&#8221;Emma t\u00e9 una boca per llan\u00e7ar FOC,<br \/> dues ales per volar per l&#8221;AIRE,<br \/> quatre potes per caminar per TERRA<br \/> i un munt d&#8221;escates per nedar per l&#8221;AIGUA.<\/p>\n<p> Acompanya l&#8221;Emma en les seves aventures a trav\u00e9s<br \/> dels elements i les estacions,<br \/> i digues-li tu tamb\u00e9 \u201cBON PROFIT, EMMA!\u201d<\/p>\n","protected":false},"excerpt":{"rendered":"<p>MOLIST SADURN\u00cd, PEP \/ CABROL ESPINAL, MARTA<\/p>\n","protected":false},"featured_media":943388,"template":"","meta":{"_acf_changed":false,"om_disable_all_campaigns":false,"rs_blank_template":"","rs_page_bg_color":"","slide_template_v7":"","inline_featured_image":false,"_monsterinsights_skip_tracking":false,"_monsterinsights_sitenote_active":false,"_monsterinsights_sitenote_note":"","_monsterinsights_sitenote_category":0},"product_brand":[],"product_cat":[131,361],"product_tag":[],"class_list":{"0":"post-943387","1":"product","2":"type-product","3":"status-publish","4":"has-post-thumbnail","6":"product_cat-contes-per-infants-0-6-anys","7":"product_cat-cuentos-para-ninos-0-6-anos","9":"first","10":"instock","11":"taxable","12":"shipping-taxable","13":"purchasable","14":"product-type-simple"},"acf":{"autor":"MOLIST SADURN\u00cd, PEP \/ CABROL ESPINAL, MARTA","codart":"841303496","libros-coleccion":"FORA DE COL.LECCI\u00d3","ediciones":"1","encuadernacion":"Carton\u00e9","fecha_de_publicacion":"01\/10\/2023","novedad":"1","paginas":"45","subtitulo":"","orden":"0","portada":"0","idioma":"cat","editorial":[{"ID":6322,"post_author":"3","post_date":"2022-07-28 17:49:42","post_date_gmt":"2022-07-28 15:49:42","post_content":"","post_title":"PAG\u00c8S EDITORS","post_excerpt":"","post_status":"publish","comment_status":"closed","ping_status":"closed","post_password":"","post_name":"pages-editors","to_ping":"","pinged":"","post_modified":"2022-07-28 17:49:42","post_modified_gmt":"2022-07-28 15:49:42","post_content_filtered":"","post_parent":0,"guid":"http:\/\/dev.claret.cat\/editorial\/pages-editors\/","menu_order":0,"post_type":"editorial","post_mime_type":"","comment_count":"0","filter":"raw"}],"autores-libros":[{"ID":384840,"post_author":"3","post_date":"2023-02-07 19:45:50","post_date_gmt":"2023-02-07 18:45:50","post_content":"","post_title":"MARTA CABROL ESPINAL","post_excerpt":"","post_status":"publish","comment_status":"closed","ping_status":"closed","post_password":"","post_name":"marta-cabrol-espinal-4","to_ping":"","pinged":"","post_modified":"2023-02-07 19:45:50","post_modified_gmt":"2023-02-07 18:45:50","post_content_filtered":"","post_parent":0,"guid":"https:\/\/www.claret.cat\/autor\/marta-cabrol-espinal-4\/","menu_order":0,"post_type":"autor","post_mime_type":"","comment_count":"0","filter":"raw"},{"ID":166962,"post_author":"3","post_date":"2022-10-14 18:07:26","post_date_gmt":"2022-10-14 16:07:26","post_content":"","post_title":"PEP MOLIST SADURN\u00cd","post_excerpt":"","post_status":"publish","comment_status":"closed","ping_status":"closed","post_password":"","post_name":"pep-molist-sadurni","to_ping":"","pinged":"","post_modified":"2022-10-14 18:07:26","post_modified_gmt":"2022-10-14 16:07:26","post_content_filtered":"","post_parent":0,"guid":"http:\/\/dev.claret.cat\/autor\/pep-molist-sadurni\/","menu_order":0,"post_type":"autor","post_mime_type":"","comment_count":"0","filter":"raw"}]},"aioseo_notices":[],"_links":{"self":[{"href":"https:\/\/www.claret.cat\/es\/wp-json\/wp\/v2\/product\/943387","targetHints":{"allow":["GET"]}}],"collection":[{"href":"https:\/\/www.claret.cat\/es\/wp-json\/wp\/v2\/product"}],"about":[{"href":"https:\/\/www.claret.cat\/es\/wp-json\/wp\/v2\/types\/product"}],"wp:featuredmedia":[{"embeddable":true,"href":"https:\/\/www.claret.cat\/es\/wp-json\/wp\/v2\/media\/943388"}],"wp:attachment":[{"href":"https:\/\/www.claret.cat\/es\/wp-json\/wp\/v2\/media?parent=943387"}],"wp:term":[{"taxonomy":"product_brand","embeddable":true,"href":"https:\/\/www.claret.cat\/es\/wp-json\/wp\/v2\/product_brand?post=943387"},{"taxonomy":"product_cat","embeddable":true,"href":"https:\/\/www.claret.cat\/es\/wp-json\/wp\/v2\/product_cat?post=943387"},{"taxonomy":"product_tag","embeddable":true,"href":"https:\/\/www.claret.cat\/es\/wp-json\/wp\/v2\/product_tag?post=943387"}],"curies":[{"name":"wp","href":"https:\/\/api.w.org\/{rel}","templated":true}]}}