{"id":943414,"date":"2023-11-28T13:41:24","date_gmt":"2023-11-28T12:41:24","guid":{"rendered":"https:\/\/www.claret.cat\/llibre\/estuche-angel-martin-por-si-las-voces-vuelven-detras-del-ruido-9788408281184\/"},"modified":"2023-11-28T13:50:16","modified_gmt":"2023-11-28T12:50:16","slug":"estuche-angel-martin-por-si-las-voces-vuelven-detras-del-ruido-9788408281184","status":"publish","type":"product","link":"https:\/\/www.claret.cat\/es\/libro\/estuche-angel-martin-por-si-las-voces-vuelven-detras-del-ruido-9788408281184\/","title":{"rendered":"ESTUCHE \u00c1NGEL MART\u00cdN (POR SI LAS VOCES VUELVEN + DETR\u00c1S DEL RUIDO)"},"content":{"rendered":"<p>Los dos libros imprescindibles de \u00c1ngel Mart\u00edn en un estuche de edici\u00f3n limitadaEn noviembre de 2021, \u00c1ngel Mart\u00edn, uno de los c\u00f3micos m\u00e1s prestigiosos de nuestro pa\u00eds, confes\u00f3 que en 2017 hab\u00eda sufrido un brote psic\u00f3tico que le llev\u00f3 a estar encerrado dos semanas en un hospital psiqui\u00e1trico. Con una mezcla de sinceridad, humor y sensibilidad, narr\u00f3 su experiencia en Por si las voces vuelven, libro que se convirti\u00f3 inmediatamente en un fen\u00f3meno editorial, que contribuy\u00f3 a derribar el tab\u00fa de los trastornos de salud mental y que cuenta ya con m\u00e1s de medio mill\u00f3n de lectores.<br \/> Dos a\u00f1os despu\u00e9s, lanza Detr\u00e1s del ruido, t\u00edtulo en el que el autor explica su proceso de reconstrucci\u00f3n tras el brote psic\u00f3tico, algo que le demandaban multitud de lectores. Esto hace de este estuche un regalo imprescindible para comprender c\u00f3mo una persona puede romperse y rehacerse por completo. Todo ello contado de una forma \u00edntima e impactante, sin perder el humor que caracteriza al autor. Un viaje alucinante al interior de la mente.<\/p>\n","protected":false},"excerpt":{"rendered":"<p>MART\u00cdN, \u00c1NGEL<\/p>\n","protected":false},"featured_media":943426,"template":"","meta":{"_acf_changed":false,"om_disable_all_campaigns":false,"rs_blank_template":"","rs_page_bg_color":"","slide_template_v7":"","inline_featured_image":false,"_monsterinsights_skip_tracking":false,"_monsterinsights_sitenote_active":false,"_monsterinsights_sitenote_note":"","_monsterinsights_sitenote_category":0},"product_brand":[],"product_cat":[90,540],"product_tag":[],"class_list":{"0":"post-943414","1":"product","2":"type-product","3":"status-publish","4":"has-post-thumbnail","6":"product_cat-altres","7":"product_cat-otros","9":"first","10":"instock","11":"taxable","12":"shipping-taxable","13":"purchasable","14":"product-type-simple"},"acf":{"autor":"MART\u00cdN, \u00c1NGEL","codart":"840828118","libros-coleccion":"NO FICCION","ediciones":"1","encuadernacion":"R\u00fastica","fecha_de_publicacion":"01\/11\/2023","novedad":"1","paginas":"1","subtitulo":"","orden":"0","portada":"0","idioma":"spa","editorial":[{"ID":6233,"post_author":"3","post_date":"2022-07-28 17:47:48","post_date_gmt":"2022-07-28 15:47:48","post_content":"","post_title":"EDITORIAL PLANETA","post_excerpt":"","post_status":"publish","comment_status":"closed","ping_status":"closed","post_password":"","post_name":"editorial-planeta","to_ping":"","pinged":"","post_modified":"2022-07-28 17:47:48","post_modified_gmt":"2022-07-28 15:47:48","post_content_filtered":"","post_parent":0,"guid":"http:\/\/dev.claret.cat\/editorial\/editorial-planeta\/","menu_order":0,"post_type":"editorial","post_mime_type":"","comment_count":"0","filter":"raw"}],"autores-libros":[{"ID":150400,"post_author":"3","post_date":"2022-10-14 14:32:40","post_date_gmt":"2022-10-14 12:32:40","post_content":"","post_title":"ANGEL MARTIN","post_excerpt":"","post_status":"publish","comment_status":"closed","ping_status":"closed","post_password":"","post_name":"angel-martin","to_ping":"","pinged":"","post_modified":"2022-10-14 14:32:40","post_modified_gmt":"2022-10-14 12:32:40","post_content_filtered":"","post_parent":0,"guid":"http:\/\/dev.claret.cat\/autor\/angel-martin\/","menu_order":0,"post_type":"autor","post_mime_type":"","comment_count":"0","filter":"raw"}]},"aioseo_notices":[],"_links":{"self":[{"href":"https:\/\/www.claret.cat\/es\/wp-json\/wp\/v2\/product\/943414","targetHints":{"allow":["GET"]}}],"collection":[{"href":"https:\/\/www.claret.cat\/es\/wp-json\/wp\/v2\/product"}],"about":[{"href":"https:\/\/www.claret.cat\/es\/wp-json\/wp\/v2\/types\/product"}],"wp:featuredmedia":[{"embeddable":true,"href":"https:\/\/www.claret.cat\/es\/wp-json\/wp\/v2\/media\/943426"}],"wp:attachment":[{"href":"https:\/\/www.claret.cat\/es\/wp-json\/wp\/v2\/media?parent=943414"}],"wp:term":[{"taxonomy":"product_brand","embeddable":true,"href":"https:\/\/www.claret.cat\/es\/wp-json\/wp\/v2\/product_brand?post=943414"},{"taxonomy":"product_cat","embeddable":true,"href":"https:\/\/www.claret.cat\/es\/wp-json\/wp\/v2\/product_cat?post=943414"},{"taxonomy":"product_tag","embeddable":true,"href":"https:\/\/www.claret.cat\/es\/wp-json\/wp\/v2\/product_tag?post=943414"}],"curies":[{"name":"wp","href":"https:\/\/api.w.org\/{rel}","templated":true}]}}