{"id":943462,"date":"2023-11-28T14:15:25","date_gmt":"2023-11-28T13:15:25","guid":{"rendered":"https:\/\/www.claret.cat\/llibre\/leo-no-sabe-jugar-9788408278108\/"},"modified":"2023-12-28T18:35:13","modified_gmt":"2023-12-28T17:35:13","slug":"leo-no-sabe-jugar-9788408278108","status":"publish","type":"product","link":"https:\/\/www.claret.cat\/es\/libro\/leo-no-sabe-jugar-9788408278108\/","title":{"rendered":"LEO NO SABE JUGAR"},"content":{"rendered":"<p>El conocido autor infantil, educador y humorista Miguel L\u00f3pez \u00abEl Hematocr\u00edtico\u00bb y la ilustradora Lyona nos presentan un cuento suuuuuperdivertido para disfrutar en familia.\u00bfTe imaginas no saber jugar al escondite? \u00bfNi c\u00f3mo subir a los \u00e1rboles o mirar las nubes? \u00bfTe imaginas no saber jugar al f\u00fatbol, ni c\u00f3mo correr por un parque?<br \/> En este divertido cuento conoceremos a Leo y su pandilla, un grupo de ni\u00f1os y ni\u00f1as del futuro que solo saben jugar con sus gafas virtuales. Pero un d\u00eda, un gato muy travieso les estropea su juego virtual y, de pronto, todos los ni\u00f1os y las ni\u00f1as tienen que descubrir c\u00f3mo pasar el tiempo y aprender a divertirse de verdad.<\/p>\n","protected":false},"excerpt":{"rendered":"<p>EL HEMATOCR\u00cdTICO \/ LYONA<\/p>\n","protected":false},"featured_media":946190,"template":"","meta":{"_acf_changed":false,"om_disable_all_campaigns":false,"rs_blank_template":"","rs_page_bg_color":"","slide_template_v7":"","inline_featured_image":false,"_monsterinsights_skip_tracking":false,"_monsterinsights_sitenote_active":false,"_monsterinsights_sitenote_note":"","_monsterinsights_sitenote_category":0},"product_brand":[],"product_cat":[132,362],"product_tag":[],"class_list":{"0":"post-943462","1":"product","2":"type-product","3":"status-publish","4":"has-post-thumbnail","6":"product_cat-lectures-per-preadolescents-6-12-anys","7":"product_cat-libros-preadolescentes-6-12-anos","9":"first","10":"instock","11":"taxable","12":"shipping-taxable","13":"purchasable","14":"product-type-simple"},"acf":{"autor":"EL HEMATOCR\u00cdTICO \/ LYONA","codart":"840827810","libros-coleccion":"Zenith Original","ediciones":"1","encuadernacion":"Carton\u00e9","fecha_de_publicacion":"01\/11\/2023","novedad":"1","paginas":"56","subtitulo":"UN CUENTO SUUUUUPERDIVERTIDO PARA DISFRUTAR EN FAMILIA QUE REIVINDICA EL VALOR D","orden":"0","portada":"0","idioma":"spa","editorial":[{"ID":6233,"post_author":"3","post_date":"2022-07-28 17:47:48","post_date_gmt":"2022-07-28 15:47:48","post_content":"","post_title":"EDITORIAL PLANETA","post_excerpt":"","post_status":"publish","comment_status":"closed","ping_status":"closed","post_password":"","post_name":"editorial-planeta","to_ping":"","pinged":"","post_modified":"2022-07-28 17:47:48","post_modified_gmt":"2022-07-28 15:47:48","post_content_filtered":"","post_parent":0,"guid":"http:\/\/dev.claret.cat\/editorial\/editorial-planeta\/","menu_order":0,"post_type":"editorial","post_mime_type":"","comment_count":"0","filter":"raw"}],"autores-libros":[{"ID":154677,"post_author":"3","post_date":"2022-10-14 15:06:44","post_date_gmt":"2022-10-14 13:06:44","post_content":"","post_title":"EL HEMATOCR\u00cdTICO","post_excerpt":"","post_status":"publish","comment_status":"closed","ping_status":"closed","post_password":"","post_name":"el-hematocritico","to_ping":"","pinged":"","post_modified":"2022-10-14 15:06:44","post_modified_gmt":"2022-10-14 13:06:44","post_content_filtered":"","post_parent":0,"guid":"http:\/\/dev.claret.cat\/autor\/el-hematocritico\/","menu_order":0,"post_type":"autor","post_mime_type":"","comment_count":"0","filter":"raw"},{"ID":162844,"post_author":"3","post_date":"2022-10-14 17:34:15","post_date_gmt":"2022-10-14 15:34:15","post_content":"","post_title":"LYONA","post_excerpt":"","post_status":"publish","comment_status":"closed","ping_status":"closed","post_password":"","post_name":"lyona","to_ping":"","pinged":"","post_modified":"2022-10-14 17:34:15","post_modified_gmt":"2022-10-14 15:34:15","post_content_filtered":"","post_parent":0,"guid":"http:\/\/dev.claret.cat\/autor\/lyona\/","menu_order":0,"post_type":"autor","post_mime_type":"","comment_count":"0","filter":"raw"}]},"aioseo_notices":[],"_links":{"self":[{"href":"https:\/\/www.claret.cat\/es\/wp-json\/wp\/v2\/product\/943462","targetHints":{"allow":["GET"]}}],"collection":[{"href":"https:\/\/www.claret.cat\/es\/wp-json\/wp\/v2\/product"}],"about":[{"href":"https:\/\/www.claret.cat\/es\/wp-json\/wp\/v2\/types\/product"}],"wp:featuredmedia":[{"embeddable":true,"href":"https:\/\/www.claret.cat\/es\/wp-json\/wp\/v2\/media\/946190"}],"wp:attachment":[{"href":"https:\/\/www.claret.cat\/es\/wp-json\/wp\/v2\/media?parent=943462"}],"wp:term":[{"taxonomy":"product_brand","embeddable":true,"href":"https:\/\/www.claret.cat\/es\/wp-json\/wp\/v2\/product_brand?post=943462"},{"taxonomy":"product_cat","embeddable":true,"href":"https:\/\/www.claret.cat\/es\/wp-json\/wp\/v2\/product_cat?post=943462"},{"taxonomy":"product_tag","embeddable":true,"href":"https:\/\/www.claret.cat\/es\/wp-json\/wp\/v2\/product_tag?post=943462"}],"curies":[{"name":"wp","href":"https:\/\/api.w.org\/{rel}","templated":true}]}}