{"id":943465,"date":"2023-11-28T14:15:38","date_gmt":"2023-11-28T13:15:38","guid":{"rendered":"https:\/\/www.claret.cat\/llibre\/mickey-melodias-magicas-un-dia-con-mickey-9788418940941\/"},"modified":"2023-12-23T10:15:09","modified_gmt":"2023-12-23T09:15:09","slug":"mickey-melodias-magicas-un-dia-con-mickey-9788418940941","status":"publish","type":"product","link":"https:\/\/www.claret.cat\/es\/libro\/mickey-melodias-magicas-un-dia-con-mickey-9788418940941\/","title":{"rendered":"MICKEY. MELOD\u00cdAS M\u00c1GICAS. UN D\u00cdA CON MICKEY"},"content":{"rendered":"<p>Disfruta de las aventuras de Mickey y sus amigos al son de la m\u00fasica<br \/> A Mickey y a sus amigos les espera un d\u00eda lleno de diversi\u00f3n. Primero, Mickey se lleva a sus sobrinos al parque de atracciones, pero se separan y Mickey se pasa la ma\u00f1ana busc\u00e1ndolos. Luego, Mickey, Minnie y Pluto van de excursi\u00f3n al r\u00edo y se encuentran con un osezno que necesita ayuda. Finalmente, Goofy decide abrir su propia pasteler\u00eda, pero Minnie est\u00e1 preocupada porque los pasteles de su carta son muy extra\u00f1os.<br \/> Sigue las indicaciones que encontrar\u00e1s a lo largo del libro para saber qu\u00e9 canci\u00f3n debe sonar en cada momento y conseguir as\u00ed una experiencia de lectura m\u00e1s divertida e interactiva.<\/p>\n","protected":false},"excerpt":{"rendered":"<p>DISNEY<\/p>\n","protected":false},"featured_media":943466,"template":"","meta":{"_acf_changed":false,"om_disable_all_campaigns":false,"rs_blank_template":"","rs_page_bg_color":"","slide_template_v7":"","inline_featured_image":false,"_monsterinsights_skip_tracking":false,"_monsterinsights_sitenote_active":false,"_monsterinsights_sitenote_note":"","_monsterinsights_sitenote_category":0},"product_brand":[],"product_cat":[90,540],"product_tag":[],"class_list":{"0":"post-943465","1":"product","2":"type-product","3":"status-publish","4":"has-post-thumbnail","6":"product_cat-altres","7":"product_cat-otros","9":"first","10":"instock","11":"taxable","12":"shipping-taxable","13":"purchasable","14":"product-type-simple"},"acf":{"autor":"DISNEY","codart":"841894094","libros-coleccion":"Disney. Mickey","ediciones":"1","encuadernacion":"Carton\u00e9","fecha_de_publicacion":"01\/11\/2023","novedad":"1","paginas":"30","subtitulo":"CUENTO CON REPRODUCTOR MUSICAL","orden":"0","portada":"0","idioma":"spa","editorial":[{"ID":6289,"post_author":"3","post_date":"2022-07-28 17:48:59","post_date_gmt":"2022-07-28 15:48:59","post_content":"","post_title":"LIBROS DISNEY","post_excerpt":"","post_status":"publish","comment_status":"closed","ping_status":"closed","post_password":"","post_name":"libros-disney","to_ping":"","pinged":"","post_modified":"2022-07-28 17:48:59","post_modified_gmt":"2022-07-28 15:48:59","post_content_filtered":"","post_parent":0,"guid":"http:\/\/dev.claret.cat\/editorial\/libros-disney\/","menu_order":0,"post_type":"editorial","post_mime_type":"","comment_count":"0","filter":"raw"}],"autores-libros":[{"ID":5400,"post_author":"3","post_date":"2022-07-28 17:23:10","post_date_gmt":"2022-07-28 15:23:10","post_content":"","post_title":"DISNEY","post_excerpt":"","post_status":"publish","comment_status":"closed","ping_status":"closed","post_password":"","post_name":"disney","to_ping":"","pinged":"","post_modified":"2022-07-28 17:23:10","post_modified_gmt":"2022-07-28 15:23:10","post_content_filtered":"","post_parent":0,"guid":"http:\/\/dev.claret.cat\/autor\/disney\/","menu_order":0,"post_type":"autor","post_mime_type":"","comment_count":"0","filter":"raw"}]},"aioseo_notices":[],"_links":{"self":[{"href":"https:\/\/www.claret.cat\/es\/wp-json\/wp\/v2\/product\/943465","targetHints":{"allow":["GET"]}}],"collection":[{"href":"https:\/\/www.claret.cat\/es\/wp-json\/wp\/v2\/product"}],"about":[{"href":"https:\/\/www.claret.cat\/es\/wp-json\/wp\/v2\/types\/product"}],"wp:featuredmedia":[{"embeddable":true,"href":"https:\/\/www.claret.cat\/es\/wp-json\/wp\/v2\/media\/943466"}],"wp:attachment":[{"href":"https:\/\/www.claret.cat\/es\/wp-json\/wp\/v2\/media?parent=943465"}],"wp:term":[{"taxonomy":"product_brand","embeddable":true,"href":"https:\/\/www.claret.cat\/es\/wp-json\/wp\/v2\/product_brand?post=943465"},{"taxonomy":"product_cat","embeddable":true,"href":"https:\/\/www.claret.cat\/es\/wp-json\/wp\/v2\/product_cat?post=943465"},{"taxonomy":"product_tag","embeddable":true,"href":"https:\/\/www.claret.cat\/es\/wp-json\/wp\/v2\/product_tag?post=943465"}],"curies":[{"name":"wp","href":"https:\/\/api.w.org\/{rel}","templated":true}]}}