{"id":943468,"date":"2023-11-28T14:20:02","date_gmt":"2023-11-28T13:20:02","guid":{"rendered":"https:\/\/www.claret.cat\/llibre\/la-sombra-sobre-innsmouth-9788445016213\/"},"modified":"2023-11-29T11:25:27","modified_gmt":"2023-11-29T10:25:27","slug":"la-sombra-sobre-innsmouth-9788445016213","status":"publish","type":"product","link":"https:\/\/www.claret.cat\/es\/libro\/la-sombra-sobre-innsmouth-9788445016213\/","title":{"rendered":"LA SOMBRA SOBRE INNSMOUTH"},"content":{"rendered":"<p>Un relato inquietante de Lovecraft ilustrado por Tom\u00e1s Hijo.Innsmouth no siempre fue la ruina decadente y fangosa que es hoy. Anta\u00f1o, el comercio con lejanas comunidades salvajes del Pac\u00edfico llen\u00f3 de riqueza sus arcas y sus redes. Pero con el oro y la pesca abundante llegaron extra\u00f1os cultos y, empezando por los Marsh, responsables de aquellas remotas expediciones, los habitantes de Innsmouth empezaron a portar extra\u00f1os talismanes y a canturrear arcanas oraciones en blasfemos rituales.<br \/> Todo ello, se dice, es cosa del pasado, pues una brutal operaci\u00f3n militar acab\u00f3 con tan imp\u00edas manifestaciones.<br \/> El protagonista y narrador llegar\u00e1 a la decr\u00e9pita Innsmouth casi por azar. Pronto, las calles se convertir\u00e1n en una trampa y un laberinto. Con cada minuto que pasa, el horror que a\u00fan esconde la localidad se revelar\u00e1 en formas cada vez m\u00e1s turbadoras, retorcidas y macabras. Como tel\u00f3n de fondo, el mar, fuente de horrores ancestrales e inhumanos que, como el protagonista descubrir\u00e1 demasiado tarde, pueden anidar en el centro mismo de nuestra existencia.<br \/> Las historias de H. P. Lovecraft han sido una fuente de fascinaci\u00f3n para los lectores desde que se publicaron a principios del siglo XX. Su ficci\u00f3n combina el horror g\u00f3tico con la fantas\u00eda c\u00f3smica y sus Mitos de Cthulhu han influido en autores como Stephen King o Neil Gaiman.<\/p>\n<p>Tom\u00e1s Hijo es un reconocido ilustrador y un gran admirador de la obra de H.P. Lovecraft. Ha ilustrado a J.R.R. Tolkien y ha colaborado con Guillermo del Toro y The Jim Henson Company. En Minotauro, ha ilustrado varias obras de Carlos Sis\u00ed. La sombra sobre Innsmouth es su apasionado acercamiento a los mitos del genio de Providence.<\/p>\n","protected":false},"excerpt":{"rendered":"<p>LOVECRAFT, H. P. \/ HIJO, TOM\u00c1S<\/p>\n","protected":false},"featured_media":943565,"template":"","meta":{"_acf_changed":false,"om_disable_all_campaigns":false,"rs_blank_template":"","rs_page_bg_color":"","slide_template_v7":"","inline_featured_image":false,"_monsterinsights_skip_tracking":false,"_monsterinsights_sitenote_active":false,"_monsterinsights_sitenote_note":"","_monsterinsights_sitenote_category":0},"product_brand":[],"product_cat":[558,108,105,555],"product_tag":[],"class_list":{"0":"post-943468","1":"product","2":"type-product","3":"status-publish","4":"has-post-thumbnail","6":"product_cat-comic-3_infantil-juvenil-spa-spa","7":"product_cat-comic","8":"product_cat-regal","9":"product_cat-regalo","11":"first","12":"instock","13":"taxable","14":"shipping-taxable","15":"purchasable","16":"product-type-simple"},"acf":{"autor":"LOVECRAFT, H. P. \/ HIJO, TOM\u00c1S","codart":"844501621","libros-coleccion":"Ilustrados","ediciones":"1","encuadernacion":"Carton\u00e9","fecha_de_publicacion":"01\/11\/2023","novedad":"1","paginas":"64","subtitulo":"","orden":"0","portada":"0","idioma":"spa","editorial":[{"ID":6308,"post_author":"3","post_date":"2022-07-28 17:49:24","post_date_gmt":"2022-07-28 15:49:24","post_content":"","post_title":"Minotauro","post_excerpt":"","post_status":"publish","comment_status":"closed","ping_status":"closed","post_password":"","post_name":"minotauro","to_ping":"","pinged":"","post_modified":"2022-07-28 17:49:24","post_modified_gmt":"2022-07-28 15:49:24","post_content_filtered":"","post_parent":0,"guid":"http:\/\/dev.claret.cat\/editorial\/minotauro\/","menu_order":0,"post_type":"editorial","post_mime_type":"","comment_count":"0","filter":"raw"}],"autores-libros":[{"ID":157297,"post_author":"3","post_date":"2022-10-14 15:27:42","post_date_gmt":"2022-10-14 13:27:42","post_content":"","post_title":"H. P. LOVECRAFT","post_excerpt":"","post_status":"publish","comment_status":"closed","ping_status":"closed","post_password":"","post_name":"h-p-lovecraft","to_ping":"","pinged":"","post_modified":"2022-10-14 15:27:42","post_modified_gmt":"2022-10-14 13:27:42","post_content_filtered":"","post_parent":0,"guid":"http:\/\/dev.claret.cat\/autor\/h-p-lovecraft\/","menu_order":0,"post_type":"autor","post_mime_type":"","comment_count":"0","filter":"raw"},{"ID":170502,"post_author":"3","post_date":"2022-10-14 22:35:51","post_date_gmt":"2022-10-14 20:35:51","post_content":"","post_title":"TOM\u00c1S HIJO","post_excerpt":"","post_status":"publish","comment_status":"closed","ping_status":"closed","post_password":"","post_name":"tomas-hijo","to_ping":"","pinged":"","post_modified":"2022-10-14 22:35:51","post_modified_gmt":"2022-10-14 20:35:51","post_content_filtered":"","post_parent":0,"guid":"http:\/\/dev.claret.cat\/autor\/tomas-hijo\/","menu_order":0,"post_type":"autor","post_mime_type":"","comment_count":"0","filter":"raw"}]},"aioseo_notices":[],"_links":{"self":[{"href":"https:\/\/www.claret.cat\/es\/wp-json\/wp\/v2\/product\/943468","targetHints":{"allow":["GET"]}}],"collection":[{"href":"https:\/\/www.claret.cat\/es\/wp-json\/wp\/v2\/product"}],"about":[{"href":"https:\/\/www.claret.cat\/es\/wp-json\/wp\/v2\/types\/product"}],"wp:featuredmedia":[{"embeddable":true,"href":"https:\/\/www.claret.cat\/es\/wp-json\/wp\/v2\/media\/943565"}],"wp:attachment":[{"href":"https:\/\/www.claret.cat\/es\/wp-json\/wp\/v2\/media?parent=943468"}],"wp:term":[{"taxonomy":"product_brand","embeddable":true,"href":"https:\/\/www.claret.cat\/es\/wp-json\/wp\/v2\/product_brand?post=943468"},{"taxonomy":"product_cat","embeddable":true,"href":"https:\/\/www.claret.cat\/es\/wp-json\/wp\/v2\/product_cat?post=943468"},{"taxonomy":"product_tag","embeddable":true,"href":"https:\/\/www.claret.cat\/es\/wp-json\/wp\/v2\/product_tag?post=943468"}],"curies":[{"name":"wp","href":"https:\/\/api.w.org\/{rel}","templated":true}]}}