{"id":943733,"date":"2023-11-30T12:20:06","date_gmt":"2023-11-30T11:20:06","guid":{"rendered":"https:\/\/www.claret.cat\/llibre\/antropologia-del-dolor-sombras-que-son-luz-9788431316495\/"},"modified":"2026-01-19T12:29:07","modified_gmt":"2026-01-19T11:29:07","slug":"antropologia-del-dolor-sombras-que-son-luz-9788431316495","status":"publish","type":"product","link":"https:\/\/www.claret.cat\/es\/libro\/antropologia-del-dolor-sombras-que-son-luz-9788431316495\/","title":{"rendered":"ANTROPOLOGIA DEL DOLOR &#8211; SOMBRAS QUE SON LUZ"},"content":{"rendered":"<p>El dolor posee el privilegio de estar presente en todos los estratos del hombre: amenaza al instinto de conservaci\u00f3n y a los sentimientos, produce tristeza y reacciones de defnsa, apat\u00eda y resignaci\u00f3n. El dolor se presenta como un carnaval: aparece por doquier con infinitos disfraces. Ante tales est\u00edmulos el hombre reacciona, se defiende, se deja poseer, se compadece, admira, ayuda, sucumbe, se interroga, se crece&#8230; <\/p>\n<p>El autor pretende tener en cuenta estos fen\u00f3menos y los encuadra y ordena antropol\u00f3gicamente, para una mayorcomprensi\u00f3n. Pero no se detiene aqu\u00ed: se\u00f1ala falsas v\u00edas y metas negativas, perversiones y efectos desagradables, pero tambi\u00e9n abre camino para descubrir un sentido y llegar a cumbres que anltecen los juicios y enriquecen el homo patiens. Por ello, desde la perspectiva del sufrimiento, procura se\u00f1alar tambi\u00e9n su integraci\u00f3n en el todo personal, que comprende la componente altruista del trato con los dem\u00e1s hombres.<\/p>\n","protected":false},"excerpt":{"rendered":"<p>VILAR, JOHANNES<\/p>\n","protected":false},"featured_media":945677,"template":"","meta":{"_acf_changed":false,"om_disable_all_campaigns":false,"rs_blank_template":"","rs_page_bg_color":"","slide_template_v7":"","inline_featured_image":false,"_monsterinsights_skip_tracking":false,"_monsterinsights_sitenote_active":false,"_monsterinsights_sitenote_note":"","_monsterinsights_sitenote_category":0},"product_brand":[],"product_cat":[90,174,375,540],"product_tag":[],"class_list":{"0":"post-943733","1":"product","2":"type-product","3":"status-publish","4":"has-post-thumbnail","6":"product_cat-altres","7":"product_cat-antropologia","8":"product_cat-antropologia-filosofia-2_humanidades","9":"product_cat-otros","11":"first","12":"instock","13":"taxable","14":"shipping-taxable","15":"purchasable","16":"product-type-simple"},"acf":{"autor":"VILAR, JOHANNES","codart":"843131649","libros-coleccion":"FORA DE COL.LECCI\u00d3","ediciones":"1","encuadernacion":"R\u00fastica","fecha_de_publicacion":"01\/03\/1999","novedad":"0","paginas":"204","subtitulo":"","orden":"999","portada":"0","idioma":"spa","editorial":[{"ID":8238,"post_author":"3","post_date":"2022-09-30 09:21:23","post_date_gmt":"2022-09-30 07:21:23","post_content":"","post_title":"EUNSA. EDICI. UNIV. NAVARRA","post_excerpt":"","post_status":"publish","comment_status":"closed","ping_status":"closed","post_password":"","post_name":"eunsa-edici-univ-navarra","to_ping":"","pinged":"","post_modified":"2022-09-30 09:21:23","post_modified_gmt":"2022-09-30 07:21:23","post_content_filtered":"","post_parent":0,"guid":"http:\/\/dev.claret.cat\/editorial\/eunsa-edici-univ-navarra\/","menu_order":0,"post_type":"editorial","post_mime_type":"","comment_count":"0","filter":"raw"}],"autores-libros":[{"ID":942713,"post_author":"3","post_date":"2023-11-22 13:11:00","post_date_gmt":"2023-11-22 12:11:00","post_content":"","post_title":"JOHANNES VILAR","post_excerpt":"","post_status":"publish","comment_status":"closed","ping_status":"closed","post_password":"","post_name":"johannes-vilar","to_ping":"","pinged":"","post_modified":"2023-11-22 13:11:00","post_modified_gmt":"2023-11-22 12:11:00","post_content_filtered":"","post_parent":0,"guid":"https:\/\/www.claret.cat\/autor\/johannes-vilar\/","menu_order":0,"post_type":"autor","post_mime_type":"","comment_count":"0","filter":"raw"}],"booktrailer":"","resenas":""},"aioseo_notices":[],"_links":{"self":[{"href":"https:\/\/www.claret.cat\/es\/wp-json\/wp\/v2\/product\/943733","targetHints":{"allow":["GET"]}}],"collection":[{"href":"https:\/\/www.claret.cat\/es\/wp-json\/wp\/v2\/product"}],"about":[{"href":"https:\/\/www.claret.cat\/es\/wp-json\/wp\/v2\/types\/product"}],"wp:featuredmedia":[{"embeddable":true,"href":"https:\/\/www.claret.cat\/es\/wp-json\/wp\/v2\/media\/945677"}],"wp:attachment":[{"href":"https:\/\/www.claret.cat\/es\/wp-json\/wp\/v2\/media?parent=943733"}],"wp:term":[{"taxonomy":"product_brand","embeddable":true,"href":"https:\/\/www.claret.cat\/es\/wp-json\/wp\/v2\/product_brand?post=943733"},{"taxonomy":"product_cat","embeddable":true,"href":"https:\/\/www.claret.cat\/es\/wp-json\/wp\/v2\/product_cat?post=943733"},{"taxonomy":"product_tag","embeddable":true,"href":"https:\/\/www.claret.cat\/es\/wp-json\/wp\/v2\/product_tag?post=943733"}],"curies":[{"name":"wp","href":"https:\/\/api.w.org\/{rel}","templated":true}]}}