{"id":943743,"date":"2023-11-30T12:40:17","date_gmt":"2023-11-30T11:40:17","guid":{"rendered":"https:\/\/www.claret.cat\/llibre\/blancor-9788419392381\/"},"modified":"2026-01-14T10:25:18","modified_gmt":"2026-01-14T09:25:18","slug":"blancor-9788419392381","status":"publish","type":"product","link":"https:\/\/www.claret.cat\/es\/libro\/blancor-9788419392381\/","title":{"rendered":"BLANCOR"},"content":{"rendered":"<p>Un home condueix sense saber on va. Gira a l&#8217;esquerra i a la dreta, alternativament, i a la fi s&#8217;endinsa en un bosc per una pista forestal plena de bonys. No s&#8217;atura fins que el cotxe queda encallat al fang, incapa\u00e7 d&#8217;avan\u00e7ar o retrocedir. Comen\u00e7a a nevar, enfosqueix i fa fred, per\u00f2 en lloc d&#8217;anar a buscar ajuda, l&#8217;home camina per un corriol del bosc, malgrat que ja ha enfosquit tant que amb prou feines pot veure res entre els arbres. Cada cop s&#8217;endinsa m\u00e9s en la foscor. Est\u00e0 cansat i mort de fred quan, al cor de la foscor del bosc, es troba amb una pres\u00e8ncia lluminosa. Blancor \u00e9s una novel\u00b7la brillant sobre la frontera entre la vida i la mort.<\/p>\n","protected":false},"excerpt":{"rendered":"<p>FOSSE, JON<\/p>\n","protected":false},"featured_media":944856,"template":"","meta":{"_acf_changed":false,"om_disable_all_campaigns":false,"rs_blank_template":"","rs_page_bg_color":"","slide_template_v7":"","inline_featured_image":false,"_monsterinsights_skip_tracking":false,"_monsterinsights_sitenote_active":false,"_monsterinsights_sitenote_note":"","_monsterinsights_sitenote_category":0},"product_brand":[],"product_cat":[127,357],"product_tag":[],"class_list":{"0":"post-943743","1":"product","2":"type-product","3":"status-publish","4":"has-post-thumbnail","6":"product_cat-novella-contemporania","7":"product_cat-novela-contemporanea","9":"first","10":"instock","11":"taxable","12":"shipping-taxable","13":"purchasable","14":"product-type-simple"},"acf":{"autor":"FOSSE, JON","codart":"841939238","libros-coleccion":"Llibres en catal\u00e0","ediciones":"1","encuadernacion":"R\u00fastica","fecha_de_publicacion":"01\/11\/2023","novedad":"1","paginas":"96","subtitulo":"","orden":"0","portada":"1","idioma":"cat","editorial":[{"ID":6260,"post_author":"3","post_date":"2022-07-28 17:48:23","post_date_gmt":"2022-07-28 15:48:23","post_content":"","post_title":"Galaxia Gutenberg","post_excerpt":"","post_status":"publish","comment_status":"closed","ping_status":"closed","post_password":"","post_name":"galaxia-gutenberg","to_ping":"","pinged":"","post_modified":"2022-07-28 17:48:23","post_modified_gmt":"2022-07-28 15:48:23","post_content_filtered":"","post_parent":0,"guid":"http:\/\/dev.claret.cat\/editorial\/galaxia-gutenberg\/","menu_order":0,"post_type":"editorial","post_mime_type":"","comment_count":"0","filter":"raw"}],"autores-libros":[{"ID":159734,"post_author":"3","post_date":"2022-10-14 15:47:17","post_date_gmt":"2022-10-14 13:47:17","post_content":"","post_title":"JON FOSSE","post_excerpt":"","post_status":"publish","comment_status":"closed","ping_status":"closed","post_password":"","post_name":"jon-fosse","to_ping":"","pinged":"","post_modified":"2022-10-14 15:47:17","post_modified_gmt":"2022-10-14 13:47:17","post_content_filtered":"","post_parent":0,"guid":"http:\/\/dev.claret.cat\/autor\/jon-fosse\/","menu_order":0,"post_type":"autor","post_mime_type":"","comment_count":"0","filter":"raw"}],"booktrailer":"","resenas":""},"aioseo_notices":[],"_links":{"self":[{"href":"https:\/\/www.claret.cat\/es\/wp-json\/wp\/v2\/product\/943743","targetHints":{"allow":["GET"]}}],"collection":[{"href":"https:\/\/www.claret.cat\/es\/wp-json\/wp\/v2\/product"}],"about":[{"href":"https:\/\/www.claret.cat\/es\/wp-json\/wp\/v2\/types\/product"}],"wp:featuredmedia":[{"embeddable":true,"href":"https:\/\/www.claret.cat\/es\/wp-json\/wp\/v2\/media\/944856"}],"wp:attachment":[{"href":"https:\/\/www.claret.cat\/es\/wp-json\/wp\/v2\/media?parent=943743"}],"wp:term":[{"taxonomy":"product_brand","embeddable":true,"href":"https:\/\/www.claret.cat\/es\/wp-json\/wp\/v2\/product_brand?post=943743"},{"taxonomy":"product_cat","embeddable":true,"href":"https:\/\/www.claret.cat\/es\/wp-json\/wp\/v2\/product_cat?post=943743"},{"taxonomy":"product_tag","embeddable":true,"href":"https:\/\/www.claret.cat\/es\/wp-json\/wp\/v2\/product_tag?post=943743"}],"curies":[{"name":"wp","href":"https:\/\/api.w.org\/{rel}","templated":true}]}}