{"id":94377,"date":"2022-10-11T22:03:36","date_gmt":"2022-10-11T20:03:36","guid":{"rendered":"http:\/\/dev.claret.cat\/producte\/humano-mas-humano\/"},"modified":"2026-03-30T17:35:21","modified_gmt":"2026-03-30T15:35:21","slug":"humano-mas-humano-9788418370311","status":"publish","type":"product","link":"https:\/\/www.claret.cat\/es\/libro\/humano-mas-humano-9788418370311\/","title":{"rendered":"HUMANO, M\u00c1S HUMANO"},"content":{"rendered":"<p>Preguntas aparentemente sencillas, como \u00bfqu\u00e9 te pasa?, \u00bfc\u00f3mo te llamas? o \u00bfde d\u00f3nde vienes?, nos van acercando poco a poco al centro m\u00e1s profundo de nuestra alma, all\u00ed donde se descubre la herida originada por las cuatro infinitudes esenciales: vida, muerte, t\u00fa y mundo. Jam\u00e1s seremos demasiado humanos: si alg\u00fan horizonte tiene sentido es el de llegar a ser m\u00e1s humanos. No se trata, pues, de ir m\u00e1s all\u00e1 de lo humano, como quiso Nietzsche, sino de intensificar y de profundizar en lo m\u00e1s humano. Josep Maria Esquirol nos muestra c\u00f3mo de este surco en el ser humano emerge la acci\u00f3n m\u00e1s beneficiosa, que nos orienta y nos fortalece por\u00ad que sabe juntar sin confundir la gravedad y la ligereza, el d\u00eda y la noche, el cielo y la tierra, el presente y la esperanza&#8230; Humano, m\u00e1s humano es un ensayo aut\u00e9nticamente filos\u00f3fico, escrito con un lenguaje tan comprensible y preciso como evocador.<\/p>\n","protected":false},"excerpt":{"rendered":"<p>ESQUIROL CALAF, JOSEP MARIA<\/p>\n","protected":false},"featured_media":330590,"template":"","meta":{"_acf_changed":false,"om_disable_all_campaigns":false,"rs_blank_template":"","rs_page_bg_color":"","slide_template_v7":"","inline_featured_image":false,"_monsterinsights_skip_tracking":false,"_monsterinsights_sitenote_active":false,"_monsterinsights_sitenote_note":"","_monsterinsights_sitenote_category":0},"product_brand":[],"product_cat":[373,166],"product_tag":[],"class_list":{"0":"post-94377","1":"product","2":"type-product","3":"status-publish","4":"has-post-thumbnail","6":"product_cat-autores","7":"product_cat-autors-filosofia","9":"first","10":"instock","11":"taxable","12":"shipping-taxable","13":"purchasable","14":"product-type-simple"},"acf":{"editorial":[{"ID":6111,"post_author":"3","post_date":"2022-07-28 17:45:08","post_date_gmt":"2022-07-28 15:45:08","post_content":"","post_title":"ACANTILADO","post_excerpt":"","post_status":"publish","comment_status":"closed","ping_status":"closed","post_password":"","post_name":"acantilado","to_ping":"","pinged":"","post_modified":"2022-07-28 17:45:08","post_modified_gmt":"2022-07-28 15:45:08","post_content_filtered":"","post_parent":0,"guid":"http:\/\/dev.claret.cat\/editorial\/acantilado\/","menu_order":0,"post_type":"editorial","post_mime_type":"","comment_count":"0","filter":"raw"}],"autor":"ESQUIROL CALAF, JOSEP MARIA","codart":"841837031","libros-coleccion":"El Acantilado","ediciones":"1","encuadernacion":"R\u00fastica","fecha_de_publicacion":"01\/02\/2021","novedad":"1","paginas":"172","subtitulo":"UNA ANTROPOLOG\u00cdA DE LA HERIDA INFINITA","orden":"0","portada":"0","idioma":"spa","autores-libros":[{"ID":160749,"post_author":"3","post_date":"2022-10-14 15:55:35","post_date_gmt":"2022-10-14 13:55:35","post_content":"","post_title":"JOSEP MARIA ESQUIROL CALAF","post_excerpt":"","post_status":"publish","comment_status":"closed","ping_status":"closed","post_password":"","post_name":"josep-maria-esquirol-calaf","to_ping":"","pinged":"","post_modified":"2022-10-14 15:55:35","post_modified_gmt":"2022-10-14 13:55:35","post_content_filtered":"","post_parent":0,"guid":"http:\/\/dev.claret.cat\/autor\/josep-maria-esquirol-calaf\/","menu_order":0,"post_type":"autor","post_mime_type":"","comment_count":"0","filter":"raw"}],"booktrailer":"","resenas":""},"aioseo_notices":[],"_links":{"self":[{"href":"https:\/\/www.claret.cat\/es\/wp-json\/wp\/v2\/product\/94377","targetHints":{"allow":["GET"]}}],"collection":[{"href":"https:\/\/www.claret.cat\/es\/wp-json\/wp\/v2\/product"}],"about":[{"href":"https:\/\/www.claret.cat\/es\/wp-json\/wp\/v2\/types\/product"}],"wp:featuredmedia":[{"embeddable":true,"href":"https:\/\/www.claret.cat\/es\/wp-json\/wp\/v2\/media\/330590"}],"wp:attachment":[{"href":"https:\/\/www.claret.cat\/es\/wp-json\/wp\/v2\/media?parent=94377"}],"wp:term":[{"taxonomy":"product_brand","embeddable":true,"href":"https:\/\/www.claret.cat\/es\/wp-json\/wp\/v2\/product_brand?post=94377"},{"taxonomy":"product_cat","embeddable":true,"href":"https:\/\/www.claret.cat\/es\/wp-json\/wp\/v2\/product_cat?post=94377"},{"taxonomy":"product_tag","embeddable":true,"href":"https:\/\/www.claret.cat\/es\/wp-json\/wp\/v2\/product_tag?post=94377"}],"curies":[{"name":"wp","href":"https:\/\/api.w.org\/{rel}","templated":true}]}}