{"id":943874,"date":"2023-11-30T16:05:02","date_gmt":"2023-11-30T15:05:02","guid":{"rendered":"https:\/\/www.claret.cat\/llibre\/123-menja-amb-mi-9788419262271\/"},"modified":"2024-07-17T11:16:36","modified_gmt":"2024-07-17T09:16:36","slug":"123-menja-amb-mi-9788419262271","status":"publish","type":"product","link":"https:\/\/www.claret.cat\/es\/libro\/123-menja-amb-mi-9788419262271\/","title":{"rendered":"1,2,3 \u00a1MENJA AMB M\u00cd!"},"content":{"rendered":"<p>El lle\u00f3, el gos, la granota i l&#8221;os tenen molta gana! Els nens han de buscar aquells aliments sans i nutritius que els puguin agradar, i mentre ho fan, aprenen a comptar! <br \/> Aprendre a trav\u00e9s del joc! Aquest \u00e9s un llibre interactiu que ensenya als nens a comptar divertint-se. Cada p\u00e0gina mostra un animal simp\u00e0tic i afamat.<br \/> Per saber el nombre de peces d&#8221;un determinat aliment que saciaran la seva gana&#8230; tan sols cal lliscar la p\u00e0gina cap a dins i cap a fora. En aquest l llibre que avan\u00e7a en ordre seq\u00fcencial des del u fins al 10, el nen apr\u00e8n a comptar sense adonar-se, tot jugant.<\/p>\n","protected":false},"excerpt":{"rendered":"<p>BARUZZI, AGNESE<\/p>\n","protected":false},"featured_media":943875,"template":"","meta":{"_acf_changed":false,"om_disable_all_campaigns":false,"rs_blank_template":"","rs_page_bg_color":"","slide_template_v7":"","inline_featured_image":false,"_monsterinsights_skip_tracking":false,"_monsterinsights_sitenote_active":false,"_monsterinsights_sitenote_note":"","_monsterinsights_sitenote_category":0},"product_brand":[],"product_cat":[131,361],"product_tag":[],"class_list":{"0":"post-943874","1":"product","2":"type-product","3":"status-publish","4":"has-post-thumbnail","6":"product_cat-contes-per-infants-0-6-anys","7":"product_cat-cuentos-para-ninos-0-6-anos","9":"first","10":"instock","11":"taxable","12":"shipping-taxable","13":"purchasable","14":"product-type-simple"},"acf":{"autor":"BARUZZI, AGNESE","codart":"841926227","libros-coleccion":"","ediciones":"1","encuadernacion":"Carpeta","fecha_de_publicacion":"01\/03\/2023","novedad":"1","paginas":"14","subtitulo":"","orden":"0","portada":"0","idioma":"cat","editorial":[{"ID":883259,"post_author":"3","post_date":"2023-10-17 18:11:00","post_date_gmt":"2023-10-17 16:11:00","post_content":"","post_title":"Editorial Eccomi","post_excerpt":"","post_status":"publish","comment_status":"closed","ping_status":"closed","post_password":"","post_name":"editorial-eccomi","to_ping":"","pinged":"","post_modified":"2023-10-17 18:11:00","post_modified_gmt":"2023-10-17 16:11:00","post_content_filtered":"","post_parent":0,"guid":"https:\/\/www.claret.cat\/editorial\/editorial-eccomi\/","menu_order":0,"post_type":"editorial","post_mime_type":"","comment_count":"0","filter":"raw"}],"autores-libros":[{"ID":149228,"post_author":"3","post_date":"2022-10-14 14:23:11","post_date_gmt":"2022-10-14 12:23:11","post_content":"","post_title":"AGNESE BARUZZI","post_excerpt":"","post_status":"publish","comment_status":"closed","ping_status":"closed","post_password":"","post_name":"agnese-baruzzi","to_ping":"","pinged":"","post_modified":"2022-10-14 14:23:11","post_modified_gmt":"2022-10-14 12:23:11","post_content_filtered":"","post_parent":0,"guid":"http:\/\/dev.claret.cat\/autor\/agnese-baruzzi\/","menu_order":0,"post_type":"autor","post_mime_type":"","comment_count":"0","filter":"raw"}]},"aioseo_notices":[],"_links":{"self":[{"href":"https:\/\/www.claret.cat\/es\/wp-json\/wp\/v2\/product\/943874","targetHints":{"allow":["GET"]}}],"collection":[{"href":"https:\/\/www.claret.cat\/es\/wp-json\/wp\/v2\/product"}],"about":[{"href":"https:\/\/www.claret.cat\/es\/wp-json\/wp\/v2\/types\/product"}],"wp:featuredmedia":[{"embeddable":true,"href":"https:\/\/www.claret.cat\/es\/wp-json\/wp\/v2\/media\/943875"}],"wp:attachment":[{"href":"https:\/\/www.claret.cat\/es\/wp-json\/wp\/v2\/media?parent=943874"}],"wp:term":[{"taxonomy":"product_brand","embeddable":true,"href":"https:\/\/www.claret.cat\/es\/wp-json\/wp\/v2\/product_brand?post=943874"},{"taxonomy":"product_cat","embeddable":true,"href":"https:\/\/www.claret.cat\/es\/wp-json\/wp\/v2\/product_cat?post=943874"},{"taxonomy":"product_tag","embeddable":true,"href":"https:\/\/www.claret.cat\/es\/wp-json\/wp\/v2\/product_tag?post=943874"}],"curies":[{"name":"wp","href":"https:\/\/api.w.org\/{rel}","templated":true}]}}