{"id":943915,"date":"2023-11-30T17:05:02","date_gmt":"2023-11-30T16:05:02","guid":{"rendered":"https:\/\/www.claret.cat\/llibre\/la-isla-de-las-tormentas-9788466345941\/"},"modified":"2023-12-21T13:25:06","modified_gmt":"2023-12-21T12:25:06","slug":"la-isla-de-las-tormentas-9788466345941","status":"publish","type":"product","link":"https:\/\/www.claret.cat\/es\/libro\/la-isla-de-las-tormentas-9788466345941\/","title":{"rendered":"LA ISLA DE LAS TORMENTAS"},"content":{"rendered":"<p>Un apasionante thriller b\u00e9lico de Ken Follett, autor best seller con m\u00e1s de 178 millones de ejemplares vendidos. En el a\u00f1o 1944 los aliados preparan en secreto una de las mayores operaciones militares de la historia: la invasi\u00f3n de la Europa ocupada por los nazis. Henry Faber, esp\u00eda alem\u00e1n, descubre que el desembarco se efectuar\u00e1 en Normad\u00eda e intenta llevar la noticia al Alto Mando alem\u00e1n, pero nunca llegar\u00e1 a su destino&#8230;La cr\u00edtica ha dicho&#8230;<br \/>\u00abUna novela de espionaje del m\u00e1s alto nivel.\u00bb<br \/>Baltimore Sun \u00abUn suspense extraordinario con el que el coraz\u00f3n dar\u00e1 mil vuelcos y los nervios estar\u00e1n a flor de piel.\u00bb<br \/>Los Angeles Times<\/p>\n","protected":false},"excerpt":{"rendered":"<p>FOLLETT, KEN<\/p>\n","protected":false},"featured_media":943916,"template":"","meta":{"_acf_changed":false,"om_disable_all_campaigns":false,"rs_blank_template":"","rs_page_bg_color":"","slide_template_v7":"","inline_featured_image":false,"_monsterinsights_skip_tracking":false,"_monsterinsights_sitenote_active":false,"_monsterinsights_sitenote_note":"","_monsterinsights_sitenote_category":0},"product_brand":[],"product_cat":[127,357],"product_tag":[],"class_list":{"0":"post-943915","1":"product","2":"type-product","3":"status-publish","4":"has-post-thumbnail","6":"product_cat-novella-contemporania","7":"product_cat-novela-contemporanea","9":"first","10":"instock","11":"taxable","12":"shipping-taxable","13":"purchasable","14":"product-type-simple"},"acf":{"autor":"FOLLETT, KEN","codart":"846634594","libros-coleccion":"BEST SELLER","ediciones":"1","encuadernacion":"R\u00fastica","fecha_de_publicacion":"01\/12\/2018","novedad":"1","paginas":"0","subtitulo":"","orden":"0","portada":"0","idioma":"spa","editorial":[{"ID":6178,"post_author":"3","post_date":"2022-07-28 17:46:34","post_date_gmt":"2022-07-28 15:46:34","post_content":"","post_title":"DEBOLSILLO","post_excerpt":"","post_status":"publish","comment_status":"closed","ping_status":"closed","post_password":"","post_name":"debolsillo","to_ping":"","pinged":"","post_modified":"2022-07-28 17:46:34","post_modified_gmt":"2022-07-28 15:46:34","post_content_filtered":"","post_parent":0,"guid":"http:\/\/dev.claret.cat\/editorial\/debolsillo\/","menu_order":0,"post_type":"editorial","post_mime_type":"","comment_count":"0","filter":"raw"}],"autores-libros":[{"ID":5703,"post_author":"3","post_date":"2022-07-28 17:29:40","post_date_gmt":"2022-07-28 15:29:40","post_content":"","post_title":"KEN FOLLETT","post_excerpt":"","post_status":"publish","comment_status":"closed","ping_status":"closed","post_password":"","post_name":"ken-follett","to_ping":"","pinged":"","post_modified":"2022-07-28 17:29:40","post_modified_gmt":"2022-07-28 15:29:40","post_content_filtered":"","post_parent":0,"guid":"http:\/\/dev.claret.cat\/autor\/ken-follett\/","menu_order":0,"post_type":"autor","post_mime_type":"","comment_count":"0","filter":"raw"}]},"aioseo_notices":[],"_links":{"self":[{"href":"https:\/\/www.claret.cat\/es\/wp-json\/wp\/v2\/product\/943915","targetHints":{"allow":["GET"]}}],"collection":[{"href":"https:\/\/www.claret.cat\/es\/wp-json\/wp\/v2\/product"}],"about":[{"href":"https:\/\/www.claret.cat\/es\/wp-json\/wp\/v2\/types\/product"}],"wp:featuredmedia":[{"embeddable":true,"href":"https:\/\/www.claret.cat\/es\/wp-json\/wp\/v2\/media\/943916"}],"wp:attachment":[{"href":"https:\/\/www.claret.cat\/es\/wp-json\/wp\/v2\/media?parent=943915"}],"wp:term":[{"taxonomy":"product_brand","embeddable":true,"href":"https:\/\/www.claret.cat\/es\/wp-json\/wp\/v2\/product_brand?post=943915"},{"taxonomy":"product_cat","embeddable":true,"href":"https:\/\/www.claret.cat\/es\/wp-json\/wp\/v2\/product_cat?post=943915"},{"taxonomy":"product_tag","embeddable":true,"href":"https:\/\/www.claret.cat\/es\/wp-json\/wp\/v2\/product_tag?post=943915"}],"curies":[{"name":"wp","href":"https:\/\/api.w.org\/{rel}","templated":true}]}}