{"id":944078,"date":"2023-12-03T08:30:56","date_gmt":"2023-12-03T07:30:56","guid":{"rendered":"https:\/\/www.claret.cat\/llibre\/cuentos-de-japon-9788441442597\/"},"modified":"2023-12-03T08:31:37","modified_gmt":"2023-12-03T07:31:37","slug":"cuentos-de-japon-9788441442597","status":"publish","type":"product","link":"https:\/\/www.claret.cat\/es\/libro\/cuentos-de-japon-9788441442597\/","title":{"rendered":"CUENTOS DE JAP\u00d3N"},"content":{"rendered":"<p>Un duende sin cuerpo y un monstruo sin rostro.<br \/> Un samur\u00e1i habilidoso y una hija fiel.<br \/> Un esp\u00edritu lunar y un rey drag\u00f3n<br \/> Viaja hasta un tiempo de aventuras y encantamientos, gracias a esta colecci\u00f3n de cuentos populares tradicionales japoneses. Alternativamente, aterradores, jocosos y po\u00e9ticos, estos relatos cobran vida gracias a las vibrantes ilustraciones contempor\u00e1neas que los acompa\u00f1an en esta edici\u00f3n especial ilustrada.<br \/> Una colecci\u00f3n con la selecci\u00f3n de las mejores narraciones de la tradici\u00f3n oriental de pueblos como la India y Jap\u00f3n, con culturas y leyendas milenarias que han llegado hasta nuestros d\u00edas con la misma frescura de la tradici\u00f3n oral con que fueron creadas.<\/p>\n","protected":false},"excerpt":{"rendered":"<p>DESCONOCIDO<\/p>\n","protected":false},"featured_media":944079,"template":"","meta":{"_acf_changed":false,"om_disable_all_campaigns":false,"rs_blank_template":"","rs_page_bg_color":"","slide_template_v7":"","inline_featured_image":false,"_monsterinsights_skip_tracking":false,"_monsterinsights_sitenote_active":false,"_monsterinsights_sitenote_note":"","_monsterinsights_sitenote_category":0},"product_brand":[],"product_cat":[354,123],"product_tag":[],"class_list":{"0":"post-944078","1":"product","2":"type-product","3":"status-publish","4":"has-post-thumbnail","6":"product_cat-clasica","7":"product_cat-classica","9":"first","10":"instock","11":"taxable","12":"shipping-taxable","13":"purchasable","14":"product-type-simple"},"acf":{"autor":"DESCONOCIDO","codart":"844144259","libros-coleccion":"ARCA DE SABIDUR\u00cdA","ediciones":"1","encuadernacion":"Carton\u00e9","fecha_de_publicacion":"01\/11\/2023","novedad":"1","paginas":"167","subtitulo":"HISTORIAS TRADICIONALES DE MONSTRUOS Y MAGIA","orden":"0","portada":"0","idioma":"spa","editorial":[{"ID":147770,"post_author":"3","post_date":"2022-10-14 11:53:05","post_date_gmt":"2022-10-14 09:53:05","post_content":"","post_title":"EDAF","post_excerpt":"","post_status":"publish","comment_status":"closed","ping_status":"closed","post_password":"","post_name":"edaf","to_ping":"","pinged":"","post_modified":"2022-10-14 11:53:05","post_modified_gmt":"2022-10-14 09:53:05","post_content_filtered":"","post_parent":0,"guid":"http:\/\/dev.claret.cat\/editorial\/edaf\/","menu_order":0,"post_type":"editorial","post_mime_type":"","comment_count":"0","filter":"raw"}],"autores-libros":[{"ID":154099,"post_author":"3","post_date":"2022-10-14 15:02:05","post_date_gmt":"2022-10-14 13:02:05","post_content":"","post_title":"DESCONOCIDO","post_excerpt":"","post_status":"publish","comment_status":"closed","ping_status":"closed","post_password":"","post_name":"desconocido","to_ping":"","pinged":"","post_modified":"2022-10-14 15:02:05","post_modified_gmt":"2022-10-14 13:02:05","post_content_filtered":"","post_parent":0,"guid":"http:\/\/dev.claret.cat\/autor\/desconocido\/","menu_order":0,"post_type":"autor","post_mime_type":"","comment_count":"0","filter":"raw"}]},"aioseo_notices":[],"_links":{"self":[{"href":"https:\/\/www.claret.cat\/es\/wp-json\/wp\/v2\/product\/944078","targetHints":{"allow":["GET"]}}],"collection":[{"href":"https:\/\/www.claret.cat\/es\/wp-json\/wp\/v2\/product"}],"about":[{"href":"https:\/\/www.claret.cat\/es\/wp-json\/wp\/v2\/types\/product"}],"wp:featuredmedia":[{"embeddable":true,"href":"https:\/\/www.claret.cat\/es\/wp-json\/wp\/v2\/media\/944079"}],"wp:attachment":[{"href":"https:\/\/www.claret.cat\/es\/wp-json\/wp\/v2\/media?parent=944078"}],"wp:term":[{"taxonomy":"product_brand","embeddable":true,"href":"https:\/\/www.claret.cat\/es\/wp-json\/wp\/v2\/product_brand?post=944078"},{"taxonomy":"product_cat","embeddable":true,"href":"https:\/\/www.claret.cat\/es\/wp-json\/wp\/v2\/product_cat?post=944078"},{"taxonomy":"product_tag","embeddable":true,"href":"https:\/\/www.claret.cat\/es\/wp-json\/wp\/v2\/product_tag?post=944078"}],"curies":[{"name":"wp","href":"https:\/\/api.w.org\/{rel}","templated":true}]}}