{"id":944082,"date":"2023-12-03T08:31:54","date_gmt":"2023-12-03T07:31:54","guid":{"rendered":"https:\/\/www.claret.cat\/llibre\/mala-fama-9788411580533\/"},"modified":"2023-12-03T08:45:03","modified_gmt":"2023-12-03T07:45:03","slug":"mala-fama-9788411580533","status":"publish","type":"product","link":"https:\/\/www.claret.cat\/es\/libro\/mala-fama-9788411580533\/","title":{"rendered":"MALA FAMA"},"content":{"rendered":"<p>Los cuentos les han dado mala fama, \u00bfpero los conocemos en realidad? Con este libro sabremos c\u00f3mo es la vida de los lobos, d\u00f3nde viven las ara\u00f1as, qu\u00e9 comen los tiburones o si el cocodrilo puede permanecer mucho tiempo fuera del agua. Una historia de Bel Olid, que juega a construir un cuento con dos voces literarias y que aporta datos que rebaten la mala fama de cada uno de los animales que aparecen. \u00a1Una historia de animales con un final inesperado!<\/p>\n","protected":false},"excerpt":{"rendered":"<p>OLID BAEZ, BEL<\/p>\n","protected":false},"featured_media":944083,"template":"","meta":{"_acf_changed":false,"om_disable_all_campaigns":false,"rs_blank_template":"","rs_page_bg_color":"","slide_template_v7":"","inline_featured_image":false,"_monsterinsights_skip_tracking":false,"_monsterinsights_sitenote_active":false,"_monsterinsights_sitenote_note":"","_monsterinsights_sitenote_category":0},"product_brand":[],"product_cat":[90,540],"product_tag":[],"class_list":{"0":"post-944082","1":"product","2":"type-product","3":"status-publish","4":"has-post-thumbnail","6":"product_cat-altres","7":"product_cat-otros","9":"first","10":"instock","11":"taxable","12":"shipping-taxable","13":"purchasable","14":"product-type-simple"},"acf":{"autor":"OLID BAEZ, BEL","codart":"841158053","libros-coleccion":"GENERICA","ediciones":"1","encuadernacion":"Carton\u00e9","fecha_de_publicacion":"01\/09\/2023","novedad":"1","paginas":"45","subtitulo":"","orden":"0","portada":"0","idioma":"spa","editorial":[{"ID":147649,"post_author":"3","post_date":"2022-10-14 11:52:11","post_date_gmt":"2022-10-14 09:52:11","post_content":"","post_title":"COMBEL EDITORIAL","post_excerpt":"","post_status":"publish","comment_status":"closed","ping_status":"closed","post_password":"","post_name":"combel-editorial","to_ping":"","pinged":"","post_modified":"2022-10-14 11:52:11","post_modified_gmt":"2022-10-14 09:52:11","post_content_filtered":"","post_parent":0,"guid":"http:\/\/dev.claret.cat\/editorial\/combel-editorial\/","menu_order":0,"post_type":"editorial","post_mime_type":"","comment_count":"0","filter":"raw"}],"autores-libros":[{"ID":151492,"post_author":"3","post_date":"2022-10-14 14:41:18","post_date_gmt":"2022-10-14 12:41:18","post_content":"","post_title":"BEL OLID B\u00c1EZ","post_excerpt":"","post_status":"publish","comment_status":"closed","ping_status":"closed","post_password":"","post_name":"bel-olid-baez","to_ping":"","pinged":"","post_modified":"2022-10-14 14:41:18","post_modified_gmt":"2022-10-14 12:41:18","post_content_filtered":"","post_parent":0,"guid":"http:\/\/dev.claret.cat\/autor\/bel-olid-baez\/","menu_order":0,"post_type":"autor","post_mime_type":"","comment_count":"0","filter":"raw"}]},"aioseo_notices":[],"_links":{"self":[{"href":"https:\/\/www.claret.cat\/es\/wp-json\/wp\/v2\/product\/944082","targetHints":{"allow":["GET"]}}],"collection":[{"href":"https:\/\/www.claret.cat\/es\/wp-json\/wp\/v2\/product"}],"about":[{"href":"https:\/\/www.claret.cat\/es\/wp-json\/wp\/v2\/types\/product"}],"wp:featuredmedia":[{"embeddable":true,"href":"https:\/\/www.claret.cat\/es\/wp-json\/wp\/v2\/media\/944083"}],"wp:attachment":[{"href":"https:\/\/www.claret.cat\/es\/wp-json\/wp\/v2\/media?parent=944082"}],"wp:term":[{"taxonomy":"product_brand","embeddable":true,"href":"https:\/\/www.claret.cat\/es\/wp-json\/wp\/v2\/product_brand?post=944082"},{"taxonomy":"product_cat","embeddable":true,"href":"https:\/\/www.claret.cat\/es\/wp-json\/wp\/v2\/product_cat?post=944082"},{"taxonomy":"product_tag","embeddable":true,"href":"https:\/\/www.claret.cat\/es\/wp-json\/wp\/v2\/product_tag?post=944082"}],"curies":[{"name":"wp","href":"https:\/\/api.w.org\/{rel}","templated":true}]}}