{"id":944085,"date":"2023-12-03T08:32:07","date_gmt":"2023-12-03T07:32:07","guid":{"rendered":"https:\/\/www.claret.cat\/llibre\/magictat-9788411580175\/"},"modified":"2023-12-11T19:25:16","modified_gmt":"2023-12-11T18:25:16","slug":"magictat-9788411580175","status":"publish","type":"product","link":"https:\/\/www.claret.cat\/es\/libro\/magictat-9788411580175\/","title":{"rendered":"M\u00c0GICTAT!"},"content":{"rendered":"<p>Un nou concepte per a la c\u00e8lebre col\u00b7lecci\u00f3 Toca, toca amb M\u00e0gicTat!, un llibre de colors vius, amb solapes de feltre de colors, un format m\u00e9s petit i un mirall al final. Una fada, un drac un unicorn? Aixeca les solapes per trobar la m\u00e0gia del personatge que s&#8221;amaga a cada<br \/>p\u00e0gina.<\/p>\n","protected":false},"excerpt":{"rendered":"<p>LEMON RIBBON STUDIO<\/p>\n","protected":false},"featured_media":944086,"template":"","meta":{"_acf_changed":false,"om_disable_all_campaigns":false,"rs_blank_template":"","rs_page_bg_color":"","slide_template_v7":"","inline_featured_image":false,"_monsterinsights_skip_tracking":false,"_monsterinsights_sitenote_active":false,"_monsterinsights_sitenote_note":"","_monsterinsights_sitenote_category":0},"product_brand":[],"product_cat":[131,361],"product_tag":[],"class_list":{"0":"post-944085","1":"product","2":"type-product","3":"status-publish","4":"has-post-thumbnail","6":"product_cat-contes-per-infants-0-6-anys","7":"product_cat-cuentos-para-ninos-0-6-anos","9":"first","10":"instock","11":"taxable","12":"shipping-taxable","13":"purchasable","14":"product-type-simple"},"acf":{"autor":"LEMON RIBBON STUDIO","codart":"841158017","libros-coleccion":"Toca, toca","ediciones":"1","encuadernacion":"Carpeta","fecha_de_publicacion":"01\/09\/2023","novedad":"1","paginas":"12","subtitulo":"","orden":"0","portada":"0","idioma":"cat","editorial":[{"ID":147649,"post_author":"3","post_date":"2022-10-14 11:52:11","post_date_gmt":"2022-10-14 09:52:11","post_content":"","post_title":"COMBEL EDITORIAL","post_excerpt":"","post_status":"publish","comment_status":"closed","ping_status":"closed","post_password":"","post_name":"combel-editorial","to_ping":"","pinged":"","post_modified":"2022-10-14 11:52:11","post_modified_gmt":"2022-10-14 09:52:11","post_content_filtered":"","post_parent":0,"guid":"http:\/\/dev.claret.cat\/editorial\/combel-editorial\/","menu_order":0,"post_type":"editorial","post_mime_type":"","comment_count":"0","filter":"raw"}],"autores-libros":[{"ID":162097,"post_author":"3","post_date":"2022-10-14 17:28:20","post_date_gmt":"2022-10-14 15:28:20","post_content":"","post_title":"LEMON RIBBON STUDIO","post_excerpt":"","post_status":"publish","comment_status":"closed","ping_status":"closed","post_password":"","post_name":"lemon-ribbon-studio-2","to_ping":"","pinged":"","post_modified":"2022-10-14 17:28:20","post_modified_gmt":"2022-10-14 15:28:20","post_content_filtered":"","post_parent":0,"guid":"http:\/\/dev.claret.cat\/autor\/lemon-ribbon-studio-2\/","menu_order":0,"post_type":"autor","post_mime_type":"","comment_count":"0","filter":"raw"}]},"aioseo_notices":[],"_links":{"self":[{"href":"https:\/\/www.claret.cat\/es\/wp-json\/wp\/v2\/product\/944085","targetHints":{"allow":["GET"]}}],"collection":[{"href":"https:\/\/www.claret.cat\/es\/wp-json\/wp\/v2\/product"}],"about":[{"href":"https:\/\/www.claret.cat\/es\/wp-json\/wp\/v2\/types\/product"}],"wp:featuredmedia":[{"embeddable":true,"href":"https:\/\/www.claret.cat\/es\/wp-json\/wp\/v2\/media\/944086"}],"wp:attachment":[{"href":"https:\/\/www.claret.cat\/es\/wp-json\/wp\/v2\/media?parent=944085"}],"wp:term":[{"taxonomy":"product_brand","embeddable":true,"href":"https:\/\/www.claret.cat\/es\/wp-json\/wp\/v2\/product_brand?post=944085"},{"taxonomy":"product_cat","embeddable":true,"href":"https:\/\/www.claret.cat\/es\/wp-json\/wp\/v2\/product_cat?post=944085"},{"taxonomy":"product_tag","embeddable":true,"href":"https:\/\/www.claret.cat\/es\/wp-json\/wp\/v2\/product_tag?post=944085"}],"curies":[{"name":"wp","href":"https:\/\/api.w.org\/{rel}","templated":true}]}}