{"id":944104,"date":"2023-12-03T08:33:58","date_gmt":"2023-12-03T07:33:58","guid":{"rendered":"https:\/\/www.claret.cat\/llibre\/veo-veo-los-oficios-9788411580335\/"},"modified":"2023-12-03T08:43:00","modified_gmt":"2023-12-03T07:43:00","slug":"veo-veo-los-oficios-9788411580335","status":"publish","type":"product","link":"https:\/\/www.claret.cat\/es\/libro\/veo-veo-los-oficios-9788411580335\/","title":{"rendered":"\u00a1VEO, VEO! LOS OFICIOS"},"content":{"rendered":"<p>Bombero, taxista, bailar\u00edn, ebanista, capit\u00e1n de barco, m\u00fasico, arquitecto&#8230; Todos estos oficios y muchos m\u00e1s los podr\u00e1s ver en las escenas de este nuevo t\u00edtulo de la colecci\u00f3n. Busca y encuentra todos estas profesiones, los personajes de ficci\u00f3n, los que est\u00e1n repetidos y muchos m\u00e1s en este maravilloso libro. \u00a1Veo, veo! Los oficios es todo un reto. \u00bfTe atreves?<\/p>\n","protected":false},"excerpt":{"rendered":"<p>LOSANTOS, CRISTINA<\/p>\n","protected":false},"featured_media":944105,"template":"","meta":{"_acf_changed":false,"om_disable_all_campaigns":false,"rs_blank_template":"","rs_page_bg_color":"","slide_template_v7":"","inline_featured_image":false,"_monsterinsights_skip_tracking":false,"_monsterinsights_sitenote_active":false,"_monsterinsights_sitenote_note":"","_monsterinsights_sitenote_category":0},"product_brand":[],"product_cat":[131,361],"product_tag":[],"class_list":{"0":"post-944104","1":"product","2":"type-product","3":"status-publish","4":"has-post-thumbnail","6":"product_cat-contes-per-infants-0-6-anys","7":"product_cat-cuentos-para-ninos-0-6-anos","9":"first","10":"instock","11":"taxable","12":"shipping-taxable","13":"purchasable","14":"product-type-simple"},"acf":{"autor":"LOSANTOS, CRISTINA","codart":"841158033","libros-coleccion":"FORA DE COL.LECCI\u00d3","ediciones":"1","encuadernacion":"Carpeta","fecha_de_publicacion":"01\/09\/2023","novedad":"1","paginas":"45","subtitulo":"","orden":"0","portada":"0","idioma":"spa","editorial":[{"ID":147649,"post_author":"3","post_date":"2022-10-14 11:52:11","post_date_gmt":"2022-10-14 09:52:11","post_content":"","post_title":"COMBEL EDITORIAL","post_excerpt":"","post_status":"publish","comment_status":"closed","ping_status":"closed","post_password":"","post_name":"combel-editorial","to_ping":"","pinged":"","post_modified":"2022-10-14 11:52:11","post_modified_gmt":"2022-10-14 09:52:11","post_content_filtered":"","post_parent":0,"guid":"http:\/\/dev.claret.cat\/editorial\/combel-editorial\/","menu_order":0,"post_type":"editorial","post_mime_type":"","comment_count":"0","filter":"raw"}],"autores-libros":[{"ID":153364,"post_author":"3","post_date":"2022-10-14 14:56:11","post_date_gmt":"2022-10-14 12:56:11","post_content":"","post_title":"CRISTINA LOSANTOS","post_excerpt":"","post_status":"publish","comment_status":"closed","ping_status":"closed","post_password":"","post_name":"cristina-losantos","to_ping":"","pinged":"","post_modified":"2022-10-14 14:56:11","post_modified_gmt":"2022-10-14 12:56:11","post_content_filtered":"","post_parent":0,"guid":"http:\/\/dev.claret.cat\/autor\/cristina-losantos\/","menu_order":0,"post_type":"autor","post_mime_type":"","comment_count":"0","filter":"raw"}]},"aioseo_notices":[],"_links":{"self":[{"href":"https:\/\/www.claret.cat\/es\/wp-json\/wp\/v2\/product\/944104","targetHints":{"allow":["GET"]}}],"collection":[{"href":"https:\/\/www.claret.cat\/es\/wp-json\/wp\/v2\/product"}],"about":[{"href":"https:\/\/www.claret.cat\/es\/wp-json\/wp\/v2\/types\/product"}],"wp:featuredmedia":[{"embeddable":true,"href":"https:\/\/www.claret.cat\/es\/wp-json\/wp\/v2\/media\/944105"}],"wp:attachment":[{"href":"https:\/\/www.claret.cat\/es\/wp-json\/wp\/v2\/media?parent=944104"}],"wp:term":[{"taxonomy":"product_brand","embeddable":true,"href":"https:\/\/www.claret.cat\/es\/wp-json\/wp\/v2\/product_brand?post=944104"},{"taxonomy":"product_cat","embeddable":true,"href":"https:\/\/www.claret.cat\/es\/wp-json\/wp\/v2\/product_cat?post=944104"},{"taxonomy":"product_tag","embeddable":true,"href":"https:\/\/www.claret.cat\/es\/wp-json\/wp\/v2\/product_tag?post=944104"}],"curies":[{"name":"wp","href":"https:\/\/api.w.org\/{rel}","templated":true}]}}