{"id":944117,"date":"2023-12-03T08:35:12","date_gmt":"2023-12-03T07:35:12","guid":{"rendered":"https:\/\/www.claret.cat\/llibre\/la-misteriosa-y-sorprendente-casa-del-abuelo-9788411580120\/"},"modified":"2026-03-12T19:50:15","modified_gmt":"2026-03-12T18:50:15","slug":"la-misteriosa-y-sorprendente-casa-del-abuelo-9788411580120","status":"publish","type":"product","link":"https:\/\/www.claret.cat\/es\/libro\/la-misteriosa-y-sorprendente-casa-del-abuelo-9788411580120\/","title":{"rendered":"LA MISTERIOSA Y SORPRENDENTE CASA DEL ABUELO"},"content":{"rendered":"<p>Despu\u00e9s de visitar La maravillosa y horripilante casa de la abuela, llega un nuevo t\u00edtulo del t\u00e1ndem formado por Mart\u00ed y Salom\u00f3, con un mont\u00f3n de elementos para descubrir y solapas para destapar que esconden detalles ocultos. La casa del abuelo no es como te imaginas. A simple vista parece una taberna marinera, pero, si te fijas bien, ver\u00e1s cosas sorprendentes y pistas que te llevar\u00e1n a lugares ins\u00f3litos. \u00a1Abre bien los ojos y buena pesca!<\/p>\n","protected":false},"excerpt":{"rendered":"<p>MART\u00cd ORRIOLS, MERITXELL<\/p>\n","protected":false},"featured_media":944118,"template":"","meta":{"_acf_changed":false,"om_disable_all_campaigns":false,"rs_blank_template":"","rs_page_bg_color":"","slide_template_v7":"","inline_featured_image":false,"_monsterinsights_skip_tracking":false,"_monsterinsights_sitenote_active":false,"_monsterinsights_sitenote_note":"","_monsterinsights_sitenote_category":0},"product_brand":[],"product_cat":[90,540],"product_tag":[],"class_list":{"0":"post-944117","1":"product","2":"type-product","3":"status-publish","4":"has-post-thumbnail","6":"product_cat-altres","7":"product_cat-otros","9":"first","10":"instock","11":"taxable","12":"shipping-taxable","13":"purchasable","14":"product-type-simple"},"acf":{"autor":"MART\u00cd ORRIOLS, MERITXELL","codart":"841158012","libros-coleccion":"GENERICA","ediciones":"1","encuadernacion":"Carton\u00e9","fecha_de_publicacion":"01\/09\/2023","novedad":"1","paginas":"45","subtitulo":"","orden":"0","portada":"0","idioma":"spa","editorial":[{"ID":147649,"post_author":"3","post_date":"2022-10-14 11:52:11","post_date_gmt":"2022-10-14 09:52:11","post_content":"","post_title":"COMBEL EDITORIAL","post_excerpt":"","post_status":"publish","comment_status":"closed","ping_status":"closed","post_password":"","post_name":"combel-editorial","to_ping":"","pinged":"","post_modified":"2022-10-14 11:52:11","post_modified_gmt":"2022-10-14 09:52:11","post_content_filtered":"","post_parent":0,"guid":"http:\/\/dev.claret.cat\/editorial\/combel-editorial\/","menu_order":0,"post_type":"editorial","post_mime_type":"","comment_count":"0","filter":"raw"}],"autores-libros":[{"ID":164756,"post_author":"3","post_date":"2022-10-14 17:49:38","post_date_gmt":"2022-10-14 15:49:38","post_content":"","post_title":"MERITXELL MART\u00cd ORRIOLS","post_excerpt":"","post_status":"publish","comment_status":"closed","ping_status":"closed","post_password":"","post_name":"meritxell-marti-orriols","to_ping":"","pinged":"","post_modified":"2022-10-14 17:49:38","post_modified_gmt":"2022-10-14 15:49:38","post_content_filtered":"","post_parent":0,"guid":"http:\/\/dev.claret.cat\/autor\/meritxell-marti-orriols\/","menu_order":0,"post_type":"autor","post_mime_type":"","comment_count":"0","filter":"raw"}],"booktrailer":"","resenas":""},"aioseo_notices":[],"_links":{"self":[{"href":"https:\/\/www.claret.cat\/es\/wp-json\/wp\/v2\/product\/944117","targetHints":{"allow":["GET"]}}],"collection":[{"href":"https:\/\/www.claret.cat\/es\/wp-json\/wp\/v2\/product"}],"about":[{"href":"https:\/\/www.claret.cat\/es\/wp-json\/wp\/v2\/types\/product"}],"wp:featuredmedia":[{"embeddable":true,"href":"https:\/\/www.claret.cat\/es\/wp-json\/wp\/v2\/media\/944118"}],"wp:attachment":[{"href":"https:\/\/www.claret.cat\/es\/wp-json\/wp\/v2\/media?parent=944117"}],"wp:term":[{"taxonomy":"product_brand","embeddable":true,"href":"https:\/\/www.claret.cat\/es\/wp-json\/wp\/v2\/product_brand?post=944117"},{"taxonomy":"product_cat","embeddable":true,"href":"https:\/\/www.claret.cat\/es\/wp-json\/wp\/v2\/product_cat?post=944117"},{"taxonomy":"product_tag","embeddable":true,"href":"https:\/\/www.claret.cat\/es\/wp-json\/wp\/v2\/product_tag?post=944117"}],"curies":[{"name":"wp","href":"https:\/\/api.w.org\/{rel}","templated":true}]}}