{"id":944188,"date":"2023-12-03T08:47:04","date_gmt":"2023-12-03T07:47:04","guid":{"rendered":"https:\/\/www.claret.cat\/llibre\/demeure-le-veilleur-permanece-en-vela-9788419307958\/"},"modified":"2024-10-11T10:35:47","modified_gmt":"2024-10-11T08:35:47","slug":"demeure-le-veilleur-permanece-en-vela-9788419307958","status":"publish","type":"product","link":"https:\/\/www.claret.cat\/es\/libro\/demeure-le-veilleur-permanece-en-vela-9788419307958\/","title":{"rendered":"DEMEURE LE VEILLEUR. PERMANECE EN VELA"},"content":{"rendered":"<p>\u00abDemeure le veilleur\u00bb presenta una exploraci\u00f3n po\u00e9tica profunda y reflexiva sobre temas universales como el tiempo, la espiritualidad y el autoconocimiento. Gilles Baudry, a trav\u00e9s de la voz del monje benedictino hermano Gilles, nos lleva en un viaje desde la esfera terrenal a la divina, resaltando la importancia de la vigilancia po\u00e9tica en la percepci\u00f3n del ser. La lectura transmite una sensaci\u00f3n de recogimiento y contemplaci\u00f3n, creando una atm\u00f3sfera de serenidad en cada p\u00e1gina.<\/p>\n<p>La pregunta fundamental del poeta sobre su origen y renacimiento agrega una capa de introspecci\u00f3n, invitando al lector a reflexionar sobre su propia existencia y el significado de la redenci\u00f3n. La elecci\u00f3n de palabras y la estructura de los poemas revelan una cuidadosa consideraci\u00f3n del poder del lenguaje para expresar conceptos esenciales.<\/p>\n<p>En definitiva, \u00abDemeure le veilleur\u00bb es una obra que invita a la reflexi\u00f3n profunda y a la contemplaci\u00f3n tranquila, mostrando la maestr\u00eda del autor en la articulaci\u00f3n de ideas complejas a trav\u00e9s de una lectura cautivadora. Una obra recomendada para aquellos que buscan una experiencia literaria que toque las fibras m\u00e1s profundas del alma.<\/p>\n","protected":false},"excerpt":{"rendered":"<p>BAUDRY, GILLES<\/p>\n","protected":false},"featured_media":985502,"template":"","meta":{"_acf_changed":false,"om_disable_all_campaigns":false,"rs_blank_template":"","rs_page_bg_color":"","slide_template_v7":"","inline_featured_image":false,"_monsterinsights_skip_tracking":false,"_monsterinsights_sitenote_active":false,"_monsterinsights_sitenote_note":"","_monsterinsights_sitenote_category":0},"product_brand":[],"product_cat":[239,490],"product_tag":[],"class_list":{"0":"post-944188","1":"product","2":"type-product","3":"status-publish","4":"has-post-thumbnail","6":"product_cat-monastica","7":"product_cat-monastica-espiritualidad-1_espiritualidad","9":"first","10":"outofstock","11":"taxable","12":"shipping-taxable","13":"purchasable","14":"product-type-simple"},"acf":{"autor":"BAUDRY, GILLES","codart":"841930795","libros-coleccion":"","ediciones":"1","encuadernacion":"R\u00fastica","fecha_de_publicacion":"01\/12\/2023","novedad":"1","paginas":"138","subtitulo":"","orden":"0","portada":"0","idioma":"spa","editorial":[{"ID":6309,"post_author":"3","post_date":"2022-07-28 17:49:25","post_date_gmt":"2022-07-28 15:49:25","post_content":"","post_title":"Monte Carmelo","post_excerpt":"","post_status":"publish","comment_status":"closed","ping_status":"closed","post_password":"","post_name":"monte-carmelo","to_ping":"","pinged":"","post_modified":"2022-07-28 17:49:25","post_modified_gmt":"2022-07-28 15:49:25","post_content_filtered":"","post_parent":0,"guid":"http:\/\/dev.claret.cat\/editorial\/monte-carmelo\/","menu_order":0,"post_type":"editorial","post_mime_type":"","comment_count":"0","filter":"raw"}],"autores-libros":[{"ID":944187,"post_author":"3","post_date":"2023-12-03 08:47:01","post_date_gmt":"2023-12-03 07:47:01","post_content":"","post_title":"GILLES BAUDRY","post_excerpt":"","post_status":"publish","comment_status":"closed","ping_status":"closed","post_password":"","post_name":"gilles-baudry","to_ping":"","pinged":"","post_modified":"2023-12-03 08:47:01","post_modified_gmt":"2023-12-03 07:47:01","post_content_filtered":"","post_parent":0,"guid":"https:\/\/www.claret.cat\/autor\/gilles-baudry\/","menu_order":0,"post_type":"autor","post_mime_type":"","comment_count":"0","filter":"raw"}]},"aioseo_notices":[],"_links":{"self":[{"href":"https:\/\/www.claret.cat\/es\/wp-json\/wp\/v2\/product\/944188","targetHints":{"allow":["GET"]}}],"collection":[{"href":"https:\/\/www.claret.cat\/es\/wp-json\/wp\/v2\/product"}],"about":[{"href":"https:\/\/www.claret.cat\/es\/wp-json\/wp\/v2\/types\/product"}],"wp:featuredmedia":[{"embeddable":true,"href":"https:\/\/www.claret.cat\/es\/wp-json\/wp\/v2\/media\/985502"}],"wp:attachment":[{"href":"https:\/\/www.claret.cat\/es\/wp-json\/wp\/v2\/media?parent=944188"}],"wp:term":[{"taxonomy":"product_brand","embeddable":true,"href":"https:\/\/www.claret.cat\/es\/wp-json\/wp\/v2\/product_brand?post=944188"},{"taxonomy":"product_cat","embeddable":true,"href":"https:\/\/www.claret.cat\/es\/wp-json\/wp\/v2\/product_cat?post=944188"},{"taxonomy":"product_tag","embeddable":true,"href":"https:\/\/www.claret.cat\/es\/wp-json\/wp\/v2\/product_tag?post=944188"}],"curies":[{"name":"wp","href":"https:\/\/api.w.org\/{rel}","templated":true}]}}