{"id":944199,"date":"2023-12-03T08:47:42","date_gmt":"2023-12-03T07:47:42","guid":{"rendered":"https:\/\/www.claret.cat\/llibre\/la-gran-santa-de-los-tiempos-modernos-9788419307927\/"},"modified":"2025-05-13T10:32:10","modified_gmt":"2025-05-13T08:32:10","slug":"la-gran-santa-de-los-tiempos-modernos-9788419307927","status":"publish","type":"product","link":"https:\/\/www.claret.cat\/es\/libro\/la-gran-santa-de-los-tiempos-modernos-9788419307927\/","title":{"rendered":"LA GRAN SANTA DE LOS TIEMPOS MODERNOS"},"content":{"rendered":"<p>Este libro te invita a adentrarte en el apasionante mundo de Santa Teresa del Ni\u00f1o Jes\u00fas y a descubrir el profundo amor que los papas han sentido por ella a lo largo de los a\u00f1os. Ofrece una visi\u00f3n \u00fanica de c\u00f3mo esta santa influy\u00f3 en la Iglesia y c\u00f3mo su mensaje redescubri\u00f3 el Evangelio. Adem\u00e1s, como gran novedad, incluye la Exhortaci\u00f3n apost\u00f3lica del papa Francisco, lo que lo hace actual y relevante.<\/p>\n<p>Al adentrarte en sus p\u00e1ginas, encontrar\u00e1s un rico tesoro de escritos papales que destilan amor y reconocimiento hacia nuestra Santa, permiti\u00e9ndote conectarte con su espiritualidad y mensaje. Este libro es una oportunidad \u00fanica para profundizar en la vida y legado de Santa Teresa del Ni\u00f1o Jes\u00fas a trav\u00e9s de la perspectiva de los papas, y sin duda, te enriquecer\u00e1 espiritualmente. No te pierdas esta oportunidad de descubrir la devoci\u00f3n de los l\u00edderes de la Iglesia hacia esta santa y c\u00f3mo su mensaje sigue siendo relevante en la actualidad.<\/p>\n","protected":false},"excerpt":{"rendered":"<p>CERVERA BARRANCO, PABLO<\/p>\n","protected":false},"featured_media":944200,"template":"","meta":{"_acf_changed":false,"om_disable_all_campaigns":false,"rs_blank_template":"","rs_page_bg_color":"","slide_template_v7":"","inline_featured_image":false,"_monsterinsights_skip_tracking":false,"_monsterinsights_sitenote_active":false,"_monsterinsights_sitenote_note":"","_monsterinsights_sitenote_category":0},"product_brand":[],"product_cat":[485,232,492,242],"product_tag":[],"class_list":{"0":"post-944199","1":"product","2":"type-product","3":"status-publish","4":"has-post-thumbnail","6":"product_cat-autores-espiritualidad-1_espiritualidad","7":"product_cat-autors-espiritualitat","8":"product_cat-carmelitana-espiritualidad-1_espiritualidad","9":"product_cat-carmelitana","11":"first","12":"instock","13":"taxable","14":"shipping-taxable","15":"purchasable","16":"product-type-simple"},"acf":{"autor":"CERVERA BARRANCO, PABLO","codart":"841930792","libros-coleccion":"Karmel","ediciones":"1","encuadernacion":"R\u00fastica","fecha_de_publicacion":"01\/12\/2023","novedad":"1","paginas":"290","subtitulo":"SANTA TERESA DEL NI\u00d1O JES\u00daS EN EL MAGISTERIO DE LOS PAPAS","orden":"0","portada":"0","idioma":"spa","editorial":[{"ID":6309,"post_author":"3","post_date":"2022-07-28 17:49:25","post_date_gmt":"2022-07-28 15:49:25","post_content":"","post_title":"Monte Carmelo","post_excerpt":"","post_status":"publish","comment_status":"closed","ping_status":"closed","post_password":"","post_name":"monte-carmelo","to_ping":"","pinged":"","post_modified":"2022-07-28 17:49:25","post_modified_gmt":"2022-07-28 15:49:25","post_content_filtered":"","post_parent":0,"guid":"http:\/\/dev.claret.cat\/editorial\/monte-carmelo\/","menu_order":0,"post_type":"editorial","post_mime_type":"","comment_count":"0","filter":"raw"}],"autores-libros":[{"ID":166400,"post_author":"3","post_date":"2022-10-14 18:02:52","post_date_gmt":"2022-10-14 16:02:52","post_content":"","post_title":"PABLO CERVERA BARRANCO","post_excerpt":"","post_status":"publish","comment_status":"closed","ping_status":"closed","post_password":"","post_name":"pablo-cervera-barranco","to_ping":"","pinged":"","post_modified":"2022-10-14 18:02:52","post_modified_gmt":"2022-10-14 16:02:52","post_content_filtered":"","post_parent":0,"guid":"http:\/\/dev.claret.cat\/autor\/pablo-cervera-barranco\/","menu_order":0,"post_type":"autor","post_mime_type":"","comment_count":"0","filter":"raw"}],"booktrailer":"","resenas":""},"aioseo_notices":[],"_links":{"self":[{"href":"https:\/\/www.claret.cat\/es\/wp-json\/wp\/v2\/product\/944199","targetHints":{"allow":["GET"]}}],"collection":[{"href":"https:\/\/www.claret.cat\/es\/wp-json\/wp\/v2\/product"}],"about":[{"href":"https:\/\/www.claret.cat\/es\/wp-json\/wp\/v2\/types\/product"}],"wp:featuredmedia":[{"embeddable":true,"href":"https:\/\/www.claret.cat\/es\/wp-json\/wp\/v2\/media\/944200"}],"wp:attachment":[{"href":"https:\/\/www.claret.cat\/es\/wp-json\/wp\/v2\/media?parent=944199"}],"wp:term":[{"taxonomy":"product_brand","embeddable":true,"href":"https:\/\/www.claret.cat\/es\/wp-json\/wp\/v2\/product_brand?post=944199"},{"taxonomy":"product_cat","embeddable":true,"href":"https:\/\/www.claret.cat\/es\/wp-json\/wp\/v2\/product_cat?post=944199"},{"taxonomy":"product_tag","embeddable":true,"href":"https:\/\/www.claret.cat\/es\/wp-json\/wp\/v2\/product_tag?post=944199"}],"curies":[{"name":"wp","href":"https:\/\/api.w.org\/{rel}","templated":true}]}}