{"id":944237,"date":"2023-12-03T08:53:27","date_gmt":"2023-12-03T07:53:27","guid":{"rendered":"https:\/\/www.claret.cat\/llibre\/catalunya-desapareguda-9788417432829\/"},"modified":"2024-07-23T16:20:36","modified_gmt":"2024-07-23T14:20:36","slug":"catalunya-desapareguda-9788417432829","status":"publish","type":"product","link":"https:\/\/www.claret.cat\/es\/libro\/catalunya-desapareguda-9788417432829\/","title":{"rendered":"CATALUNYA DESAPAREGUDA"},"content":{"rendered":"<p>El llibre que teniu a les mans \u00e9s un recorregut fotogr\u00e0fic pel passat mes recent de Catalunya, des de les imatges m\u00e9s antigues conegudes fins al restabliment de la democr\u00e0cia. M\u00e9s de sis-centes fotografies arriben al gran p\u00fablic gr\u00e0cies a la recerca que, durant d\u00e8cades, s\u2019ha realitzat en milers d\u2019\u00e0lbums familiars. Les imatges mostren el territori i els h\u00e0bitats hist\u00f2rics, aix\u00ed com tamb\u00e9 la vida quotidiana, el m\u00f3n del treball, el lleure i les institucions, durant cent cinquanta anys d\u2019hist\u00f2ria del pa\u00eds. Un \u00e0lbum fotogr\u00e0fic \u00fanic de la Catalunya dels segles XIX i XX.<\/p>\n","protected":false},"excerpt":{"rendered":"<p>VENTEO, DANIEL<\/p>\n","protected":false},"featured_media":975984,"template":"","meta":{"_acf_changed":false,"om_disable_all_campaigns":false,"rs_blank_template":"","rs_page_bg_color":"","slide_template_v7":"","inline_featured_image":false,"_monsterinsights_skip_tracking":false,"_monsterinsights_sitenote_active":false,"_monsterinsights_sitenote_note":"","_monsterinsights_sitenote_category":0},"product_brand":[],"product_cat":[105,555],"product_tag":[],"class_list":{"0":"post-944237","1":"product","2":"type-product","3":"status-publish","4":"has-post-thumbnail","6":"product_cat-regal","7":"product_cat-regalo","9":"first","10":"instock","11":"taxable","12":"shipping-taxable","13":"purchasable","14":"product-type-simple"},"acf":{"autor":"VENTEO, DANIEL","codart":"841743282","libros-coleccion":"Catalunya Desapareguda","ediciones":"1","encuadernacion":"Carton\u00e9","fecha_de_publicacion":"01\/11\/2023","novedad":"1","paginas":"566","subtitulo":"","orden":"0","portada":"0","idioma":"cat","editorial":[{"ID":147967,"post_author":"3","post_date":"2022-10-14 11:54:36","post_date_gmt":"2022-10-14 09:54:36","post_content":"","post_title":"EDITORIAL EFAD\u00d3S SL","post_excerpt":"","post_status":"publish","comment_status":"closed","ping_status":"closed","post_password":"","post_name":"editorial-efados-sl","to_ping":"","pinged":"","post_modified":"2022-10-14 11:54:36","post_modified_gmt":"2022-10-14 09:54:36","post_content_filtered":"","post_parent":0,"guid":"http:\/\/dev.claret.cat\/editorial\/editorial-efados-sl\/","menu_order":0,"post_type":"editorial","post_mime_type":"","comment_count":"0","filter":"raw"}],"autores-libros":[{"ID":153644,"post_author":"3","post_date":"2022-10-14 14:58:23","post_date_gmt":"2022-10-14 12:58:23","post_content":"","post_title":"DANIEL VENTEO","post_excerpt":"","post_status":"publish","comment_status":"closed","ping_status":"closed","post_password":"","post_name":"daniel-venteo-2","to_ping":"","pinged":"","post_modified":"2022-10-14 14:58:23","post_modified_gmt":"2022-10-14 12:58:23","post_content_filtered":"","post_parent":0,"guid":"http:\/\/dev.claret.cat\/autor\/daniel-venteo-2\/","menu_order":0,"post_type":"autor","post_mime_type":"","comment_count":"0","filter":"raw"}]},"aioseo_notices":[],"_links":{"self":[{"href":"https:\/\/www.claret.cat\/es\/wp-json\/wp\/v2\/product\/944237","targetHints":{"allow":["GET"]}}],"collection":[{"href":"https:\/\/www.claret.cat\/es\/wp-json\/wp\/v2\/product"}],"about":[{"href":"https:\/\/www.claret.cat\/es\/wp-json\/wp\/v2\/types\/product"}],"wp:featuredmedia":[{"embeddable":true,"href":"https:\/\/www.claret.cat\/es\/wp-json\/wp\/v2\/media\/975984"}],"wp:attachment":[{"href":"https:\/\/www.claret.cat\/es\/wp-json\/wp\/v2\/media?parent=944237"}],"wp:term":[{"taxonomy":"product_brand","embeddable":true,"href":"https:\/\/www.claret.cat\/es\/wp-json\/wp\/v2\/product_brand?post=944237"},{"taxonomy":"product_cat","embeddable":true,"href":"https:\/\/www.claret.cat\/es\/wp-json\/wp\/v2\/product_cat?post=944237"},{"taxonomy":"product_tag","embeddable":true,"href":"https:\/\/www.claret.cat\/es\/wp-json\/wp\/v2\/product_tag?post=944237"}],"curies":[{"name":"wp","href":"https:\/\/api.w.org\/{rel}","templated":true}]}}