{"id":944288,"date":"2023-12-03T08:59:28","date_gmt":"2023-12-03T07:59:28","guid":{"rendered":"https:\/\/www.claret.cat\/llibre\/el-principito-te-ensena-a-cuidar-nuestro-planeta-9788469641248\/"},"modified":"2023-12-03T09:04:41","modified_gmt":"2023-12-03T08:04:41","slug":"el-principito-te-ensena-a-cuidar-nuestro-planeta-9788469641248","status":"publish","type":"product","link":"https:\/\/www.claret.cat\/es\/libro\/el-principito-te-ensena-a-cuidar-nuestro-planeta-9788469641248\/","title":{"rendered":"EL PRINCIPITO TE ENSE\u00d1A A CUIDAR NUESTRO PLANETA"},"content":{"rendered":"<p>Los m\u00e1s peque\u00f1os descubrir\u00e1n la imperecedera historia de El Principito y, ya de paso, los secretos de nuestro planeta y c\u00f3mo cuidarlo y mejorarlo. \u00a1Un tierno y po\u00e9tico manual para peque\u00f1os ecologistas!<\/p>\n","protected":false},"excerpt":{"rendered":"<p>DE SAINT-EXUP\u00c9RY, ANTOINE \/ CARRIL MART\u00cdNEZ, ISABEL \/ CAVERO, PALOMA \/ RODR\u00cdGUE<\/p>\n","protected":false},"featured_media":944289,"template":"","meta":{"_acf_changed":false,"om_disable_all_campaigns":false,"rs_blank_template":"","rs_page_bg_color":"","slide_template_v7":"","inline_featured_image":false,"_monsterinsights_skip_tracking":false,"_monsterinsights_sitenote_active":false,"_monsterinsights_sitenote_note":"","_monsterinsights_sitenote_category":0},"product_brand":[],"product_cat":[132,362],"product_tag":[],"class_list":{"0":"post-944288","1":"product","2":"type-product","3":"status-publish","4":"has-post-thumbnail","6":"product_cat-lectures-per-preadolescents-6-12-anys","7":"product_cat-libros-preadolescentes-6-12-anos","9":"first","10":"instock","11":"taxable","12":"shipping-taxable","13":"purchasable","14":"product-type-simple"},"acf":{"autor":"DE SAINT-EXUP\u00c9RY, ANTOINE \/ CARRIL MART\u00cdNEZ, ISABEL \/ CAVERO, PALOMA \/ RODR\u00cdGUE","codart":"846964124","libros-coleccion":"Castellano - A Partir De 3 A\u00f1os - Person","ediciones":"1","encuadernacion":"Carton\u00e9","fecha_de_publicacion":"01\/10\/2023","novedad":"1","paginas":"45","subtitulo":"","orden":"0","portada":"0","idioma":"spa","editorial":[{"ID":147936,"post_author":"3","post_date":"2022-10-14 11:54:22","post_date_gmt":"2022-10-14 09:54:22","post_content":"","post_title":"Editorial Bru\u00f1o","post_excerpt":"","post_status":"publish","comment_status":"closed","ping_status":"closed","post_password":"","post_name":"editorial-bruno","to_ping":"","pinged":"","post_modified":"2022-10-14 11:54:22","post_modified_gmt":"2022-10-14 09:54:22","post_content_filtered":"","post_parent":0,"guid":"http:\/\/dev.claret.cat\/editorial\/editorial-bruno\/","menu_order":0,"post_type":"editorial","post_mime_type":"","comment_count":"0","filter":"raw"}],"autores-libros":[{"ID":944277,"post_author":"3","post_date":"2023-12-03 08:58:31","post_date_gmt":"2023-12-03 07:58:31","post_content":"","post_title":"PALOMA CAVERO","post_excerpt":"","post_status":"publish","comment_status":"closed","ping_status":"closed","post_password":"","post_name":"paloma-cavero","to_ping":"","pinged":"","post_modified":"2023-12-03 08:58:31","post_modified_gmt":"2023-12-03 07:58:31","post_content_filtered":"","post_parent":0,"guid":"https:\/\/www.claret.cat\/autor\/paloma-cavero\/","menu_order":0,"post_type":"autor","post_mime_type":"","comment_count":"0","filter":"raw"},{"ID":944278,"post_author":"3","post_date":"2023-12-03 08:58:33","post_date_gmt":"2023-12-03 07:58:33","post_content":"","post_title":"RODR\u00cdGUE","post_excerpt":"","post_status":"publish","comment_status":"closed","ping_status":"closed","post_password":"","post_name":"rodrigue","to_ping":"","pinged":"","post_modified":"2023-12-03 08:58:33","post_modified_gmt":"2023-12-03 07:58:33","post_content_filtered":"","post_parent":0,"guid":"https:\/\/www.claret.cat\/autor\/rodrigue\/","menu_order":0,"post_type":"autor","post_mime_type":"","comment_count":"0","filter":"raw"},{"ID":447673,"post_author":"3","post_date":"2023-06-16 19:10:05","post_date_gmt":"2023-06-16 17:10:05","post_content":"","post_title":"ISABEL CARRIL MARTINEZ","post_excerpt":"","post_status":"publish","comment_status":"closed","ping_status":"closed","post_password":"","post_name":"isabel-carril-martinez","to_ping":"","pinged":"","post_modified":"2023-06-16 19:10:05","post_modified_gmt":"2023-06-16 17:10:05","post_content_filtered":"","post_parent":0,"guid":"https:\/\/www.claret.cat\/autor\/isabel-carril-martinez\/","menu_order":0,"post_type":"autor","post_mime_type":"","comment_count":"0","filter":"raw"},{"ID":150786,"post_author":"3","post_date":"2022-10-14 14:35:44","post_date_gmt":"2022-10-14 12:35:44","post_content":"","post_title":"ANTOINE DE SAINT-EXUPERY","post_excerpt":"","post_status":"publish","comment_status":"closed","ping_status":"closed","post_password":"","post_name":"antoine-de-saint-exupery-3","to_ping":"","pinged":"","post_modified":"2022-10-14 14:35:44","post_modified_gmt":"2022-10-14 12:35:44","post_content_filtered":"","post_parent":0,"guid":"http:\/\/dev.claret.cat\/autor\/antoine-de-saint-exupery-3\/","menu_order":0,"post_type":"autor","post_mime_type":"","comment_count":"0","filter":"raw"}]},"aioseo_notices":[],"_links":{"self":[{"href":"https:\/\/www.claret.cat\/es\/wp-json\/wp\/v2\/product\/944288","targetHints":{"allow":["GET"]}}],"collection":[{"href":"https:\/\/www.claret.cat\/es\/wp-json\/wp\/v2\/product"}],"about":[{"href":"https:\/\/www.claret.cat\/es\/wp-json\/wp\/v2\/types\/product"}],"wp:featuredmedia":[{"embeddable":true,"href":"https:\/\/www.claret.cat\/es\/wp-json\/wp\/v2\/media\/944289"}],"wp:attachment":[{"href":"https:\/\/www.claret.cat\/es\/wp-json\/wp\/v2\/media?parent=944288"}],"wp:term":[{"taxonomy":"product_brand","embeddable":true,"href":"https:\/\/www.claret.cat\/es\/wp-json\/wp\/v2\/product_brand?post=944288"},{"taxonomy":"product_cat","embeddable":true,"href":"https:\/\/www.claret.cat\/es\/wp-json\/wp\/v2\/product_cat?post=944288"},{"taxonomy":"product_tag","embeddable":true,"href":"https:\/\/www.claret.cat\/es\/wp-json\/wp\/v2\/product_tag?post=944288"}],"curies":[{"name":"wp","href":"https:\/\/api.w.org\/{rel}","templated":true}]}}