{"id":944330,"date":"2023-12-03T09:09:36","date_gmt":"2023-12-03T08:09:36","guid":{"rendered":"https:\/\/www.claret.cat\/llibre\/el-lenguaje-de-las-estaciones-9788413791951\/"},"modified":"2024-05-02T17:11:20","modified_gmt":"2024-05-02T15:11:20","slug":"el-lenguaje-de-las-estaciones-9788413791951","status":"publish","type":"product","link":"https:\/\/www.claret.cat\/es\/libro\/el-lenguaje-de-las-estaciones-9788413791951\/","title":{"rendered":"EL LENGUAJE DE LAS ESTACIONES"},"content":{"rendered":"<p>La fe del doliente protege, ilumina, [&#8230;] sin l\u00edmites al amor, sin sombras a la luz, sin muerte ni morir.<\/p>\n<p>As\u00ed se ha movido Santos en estas p\u00e1ginas sanadoras, [&#8230;] que se abren al espacio de la esperanza, que cultivan la espiritualidad humanizadora.<\/p>\n<p>La lectura [&#8230;] es, por eso, disfrute. Con mucha facilidad, genera una particular empat\u00eda con el autor, una c\u00f3moda identificaci\u00f3n con su sentir, [&#8230;] un agradecimiento tierno por la vida, siempre fr\u00e1gil.<\/p>\n<p>Santos, experto en duelo porque se ha gastado energ\u00eda en formarse, creativo en el acompa\u00f1amiento porque ha generado servicios especializados de atenci\u00f3n al duelo complicado, vibra con consciencia en su dolerse y en su crecer desde el sufrir. Nos regala as\u00ed bellas p\u00e1ginas que, lejos de ser de exclusivamente de inter\u00e9s personal o familiar, dan sentido a una humanidad dolida que renace de las cenizas, que se hace fuerte en la debilidad. Y que, sin duda, honra, como debemos hacer todos los humanos, a la madre.<\/p>\n","protected":false},"excerpt":{"rendered":"<p>UR\u00cdAS IB\u00c1\u00d1EZ, SANTOS <\/p>\n","protected":false},"featured_media":944331,"template":"","meta":{"_acf_changed":false,"om_disable_all_campaigns":false,"rs_blank_template":"","rs_page_bg_color":"","slide_template_v7":"","inline_featured_image":false,"_monsterinsights_skip_tracking":false,"_monsterinsights_sitenote_active":false,"_monsterinsights_sitenote_note":"","_monsterinsights_sitenote_category":0},"product_brand":[],"product_cat":[118,567],"product_tag":[],"class_list":{"0":"post-944330","1":"product","2":"type-product","3":"status-publish","4":"has-post-thumbnail","6":"product_cat-mort-i-dol","7":"product_cat-muerte-y-duelo","9":"first","10":"instock","11":"taxable","12":"shipping-taxable","13":"purchasable","14":"product-type-simple"},"acf":{"autor":"UR\u00cdAS IB\u00c1\u00d1EZ, SANTOS ","codart":"841379195","libros-coleccion":"","ediciones":"1","encuadernacion":"R\u00fastica","fecha_de_publicacion":"01\/12\/2023","novedad":"1","paginas":"92","subtitulo":"PALABRAS PARA UN DUELO","orden":"0","portada":"0","idioma":"spa","editorial":[{"ID":6155,"post_author":"3","post_date":"2022-07-28 17:46:04","post_date_gmt":"2022-07-28 15:46:04","post_content":"","post_title":"Central Catequ\u00edstica Salesiana","post_excerpt":"","post_status":"publish","comment_status":"closed","ping_status":"closed","post_password":"","post_name":"central-catequistica-salesiana","to_ping":"","pinged":"","post_modified":"2022-07-28 17:46:04","post_modified_gmt":"2022-07-28 15:46:04","post_content_filtered":"","post_parent":0,"guid":"http:\/\/dev.claret.cat\/editorial\/central-catequistica-salesiana\/","menu_order":0,"post_type":"editorial","post_mime_type":"","comment_count":"0","filter":"raw"}],"autores-libros":[{"ID":169083,"post_author":"3","post_date":"2022-10-14 22:24:20","post_date_gmt":"2022-10-14 20:24:20","post_content":"","post_title":"SANTOS URIAS IBA\u00d1EZ","post_excerpt":"","post_status":"publish","comment_status":"closed","ping_status":"closed","post_password":"","post_name":"santos-urias-ibanez","to_ping":"","pinged":"","post_modified":"2022-10-14 22:24:20","post_modified_gmt":"2022-10-14 20:24:20","post_content_filtered":"","post_parent":0,"guid":"http:\/\/dev.claret.cat\/autor\/santos-urias-ibanez\/","menu_order":0,"post_type":"autor","post_mime_type":"","comment_count":"0","filter":"raw"}]},"aioseo_notices":[],"_links":{"self":[{"href":"https:\/\/www.claret.cat\/es\/wp-json\/wp\/v2\/product\/944330","targetHints":{"allow":["GET"]}}],"collection":[{"href":"https:\/\/www.claret.cat\/es\/wp-json\/wp\/v2\/product"}],"about":[{"href":"https:\/\/www.claret.cat\/es\/wp-json\/wp\/v2\/types\/product"}],"wp:featuredmedia":[{"embeddable":true,"href":"https:\/\/www.claret.cat\/es\/wp-json\/wp\/v2\/media\/944331"}],"wp:attachment":[{"href":"https:\/\/www.claret.cat\/es\/wp-json\/wp\/v2\/media?parent=944330"}],"wp:term":[{"taxonomy":"product_brand","embeddable":true,"href":"https:\/\/www.claret.cat\/es\/wp-json\/wp\/v2\/product_brand?post=944330"},{"taxonomy":"product_cat","embeddable":true,"href":"https:\/\/www.claret.cat\/es\/wp-json\/wp\/v2\/product_cat?post=944330"},{"taxonomy":"product_tag","embeddable":true,"href":"https:\/\/www.claret.cat\/es\/wp-json\/wp\/v2\/product_tag?post=944330"}],"curies":[{"name":"wp","href":"https:\/\/api.w.org\/{rel}","templated":true}]}}