{"id":94437,"date":"2022-10-11T22:04:27","date_gmt":"2022-10-11T20:04:27","guid":{"rendered":"http:\/\/dev.claret.cat\/producte\/huma-mes-huma\/"},"modified":"2026-01-04T12:35:35","modified_gmt":"2026-01-04T11:35:35","slug":"huma-mes-huma-9788477276449","status":"publish","type":"product","link":"https:\/\/www.claret.cat\/es\/libro\/huma-mes-huma-9788477276449\/","title":{"rendered":"HUM\u00c0 M\u00c9S HUM\u00c0"},"content":{"rendered":"<p>Preguntes aparentment senzilles, com ara \u00bfqu\u00e8 et passa?, \u00bfcom et dius? o \u00bfd&#8217;on v\u00e9ns?, ens van acostant de mica en mica al centre m\u00e9s profund de la nostra \u00e0nima, all\u00ed on es descobreix la ferida originada per les quatre infinituds essencials: vida, mort, tu i m\u00f3n. Mai serem massa humans: si cap horitz\u00f3 t\u00e9 sentit \u00e9s el d&#8217;arribar a ser m\u00e9s humans. No es tracta, doncs, d&#8217;anar m\u00e9s enll\u00e0 de l&#8217;hum\u00e0, com va voler Nietzsche, sin\u00f3 d&#8217;intensificar i d&#8217;aprofundir en el que \u00e9s m\u00e9s hum\u00e0. Josep Maria Esquirol ens ensenya com d&#8217;aquest solc en l&#8217;\u00e9sser hum\u00e0 n&#8217;emergeix l&#8217;acci\u00f3 m\u00e9s beneficiosa, que ens orienta i ens enforteix perqu\u00e8 sap ajuntar sense confondre la gravetat i la lleugeresa, el dia i la nit, el cel i la terra, el present i l&#8217;esperan\u00e7a&#8230; Hum\u00e0, m\u00e9s hum\u00e0 \u00e9s un assaig veritablement filos\u00f2fic, escrit amb un llenguatge tan entenedor i prec\u00eds com evocador.<\/p>\n","protected":false},"excerpt":{"rendered":"<p>ESQUIROL CALAF, JOSEP MARIA<\/p>\n","protected":false},"featured_media":965586,"template":"","meta":{"_acf_changed":false,"om_disable_all_campaigns":false,"rs_blank_template":"","rs_page_bg_color":"","slide_template_v7":"","inline_featured_image":false,"_monsterinsights_skip_tracking":false,"_monsterinsights_sitenote_active":false,"_monsterinsights_sitenote_note":"","_monsterinsights_sitenote_category":0},"product_brand":[],"product_cat":[373,166],"product_tag":[],"class_list":{"0":"post-94437","1":"product","2":"type-product","3":"status-publish","4":"has-post-thumbnail","6":"product_cat-autores","7":"product_cat-autors-filosofia","9":"first","10":"instock","11":"taxable","12":"shipping-taxable","13":"purchasable","14":"product-type-simple"},"acf":{"editorial":[{"ID":6342,"post_author":"3","post_date":"2022-07-28 17:50:08","post_date_gmt":"2022-07-28 15:50:08","post_content":"","post_title":"QUADERNS CREMA","post_excerpt":"","post_status":"publish","comment_status":"closed","ping_status":"closed","post_password":"","post_name":"quaderns-crema","to_ping":"","pinged":"","post_modified":"2022-07-28 17:50:08","post_modified_gmt":"2022-07-28 15:50:08","post_content_filtered":"","post_parent":0,"guid":"http:\/\/dev.claret.cat\/editorial\/quaderns-crema\/","menu_order":0,"post_type":"editorial","post_mime_type":"","comment_count":"0","filter":"raw"}],"autor":"ESQUIROL CALAF, JOSEP MARIA","codart":"847727644","libros-coleccion":"Assaig","ediciones":"1","encuadernacion":"R\u00fastica","fecha_de_publicacion":"01\/02\/2021","novedad":"1","paginas":"170","subtitulo":"UNA ANTROPOLOGIA DE LA FERIDA INFINITA","orden":"0","portada":"0","idioma":"cat","autores-libros":[{"ID":160749,"post_author":"3","post_date":"2022-10-14 15:55:35","post_date_gmt":"2022-10-14 13:55:35","post_content":"","post_title":"JOSEP MARIA ESQUIROL CALAF","post_excerpt":"","post_status":"publish","comment_status":"closed","ping_status":"closed","post_password":"","post_name":"josep-maria-esquirol-calaf","to_ping":"","pinged":"","post_modified":"2022-10-14 15:55:35","post_modified_gmt":"2022-10-14 13:55:35","post_content_filtered":"","post_parent":0,"guid":"http:\/\/dev.claret.cat\/autor\/josep-maria-esquirol-calaf\/","menu_order":0,"post_type":"autor","post_mime_type":"","comment_count":"0","filter":"raw"}],"booktrailer":"","resenas":""},"aioseo_notices":[],"_links":{"self":[{"href":"https:\/\/www.claret.cat\/es\/wp-json\/wp\/v2\/product\/94437","targetHints":{"allow":["GET"]}}],"collection":[{"href":"https:\/\/www.claret.cat\/es\/wp-json\/wp\/v2\/product"}],"about":[{"href":"https:\/\/www.claret.cat\/es\/wp-json\/wp\/v2\/types\/product"}],"wp:featuredmedia":[{"embeddable":true,"href":"https:\/\/www.claret.cat\/es\/wp-json\/wp\/v2\/media\/965586"}],"wp:attachment":[{"href":"https:\/\/www.claret.cat\/es\/wp-json\/wp\/v2\/media?parent=94437"}],"wp:term":[{"taxonomy":"product_brand","embeddable":true,"href":"https:\/\/www.claret.cat\/es\/wp-json\/wp\/v2\/product_brand?post=94437"},{"taxonomy":"product_cat","embeddable":true,"href":"https:\/\/www.claret.cat\/es\/wp-json\/wp\/v2\/product_cat?post=94437"},{"taxonomy":"product_tag","embeddable":true,"href":"https:\/\/www.claret.cat\/es\/wp-json\/wp\/v2\/product_tag?post=94437"}],"curies":[{"name":"wp","href":"https:\/\/api.w.org\/{rel}","templated":true}]}}