{"id":944373,"date":"2023-12-03T09:14:32","date_gmt":"2023-12-03T08:14:32","guid":{"rendered":"https:\/\/www.claret.cat\/llibre\/una-oracion-para-cada-dia-de-la-semana-cerrado-es-un-cuadrado-y-abierto-tiene-forma-de-cruz-9789999500593\/"},"modified":"2025-10-08T12:15:17","modified_gmt":"2025-10-08T10:15:17","slug":"una-oracion-para-cada-dia-de-la-semana-cerrado-es-un-cuadrado-y-abierto-tiene-forma-de-cruz-9789999500593","status":"publish","type":"product","link":"https:\/\/www.claret.cat\/es\/libro\/una-oracion-para-cada-dia-de-la-semana-cerrado-es-un-cuadrado-y-abierto-tiene-forma-de-cruz-9789999500593\/","title":{"rendered":"UNA ORACI\u00d3N PARA CADA D\u00cdA DE LA SEMANA &#8211; CERRADO ES UN CUADRADO, Y ABIERTO TIENE FORMA DE CRUZ"},"content":{"rendered":"<p>Recoge las oraciones m\u00e1s importantes del cristianismo: La se\u00f1al de la Cruz, Avemar\u00eda, Padrenuestro. Bendita sea tu pureza, Gloria al Padre, Se\u00f1or m\u00edo Jesucristo, Acordaos, Adoro te devote, \u00c1ngel de la guarda, Ven Esp\u00edritu Santo, Salve, Gloria al Padre, Yo confieso, Credo y Gloria.<\/p>\n<p>Cada d\u00eda de la semana incluye una o varias oraciones.<\/p>\n<p>Cerrado es un cuadrado, y abierto tiene forma de cruz.&nbsp;Cerrado&nbsp;mide&nbsp;10 x 10 cm. Abierto 30 x 30 cm.<\/p>\n","protected":false},"excerpt":{"rendered":"<p>FAMILIA DE JES\u00daS<\/p>\n","protected":false},"featured_media":944472,"template":"","meta":{"_acf_changed":false,"om_disable_all_campaigns":false,"rs_blank_template":"","rs_page_bg_color":"","slide_template_v7":"","inline_featured_image":false,"_monsterinsights_skip_tracking":false,"_monsterinsights_sitenote_active":false,"_monsterinsights_sitenote_note":"","_monsterinsights_sitenote_category":0},"product_brand":[],"product_cat":[396,247],"product_tag":[],"class_list":{"0":"post-944373","1":"product","2":"type-product","3":"status-publish","4":"has-post-thumbnail","6":"product_cat-oracion","7":"product_cat-pregaria","9":"first","10":"instock","11":"taxable","12":"shipping-taxable","13":"purchasable","14":"product-type-simple"},"acf":{"autor":"FAMILIA DE JES\u00daS","codart":"999950059","libros-coleccion":"","ediciones":"1","encuadernacion":"R\u00fastica","fecha_de_publicacion":"01\/12\/2023","novedad":"1","paginas":"0","subtitulo":"","orden":"0","portada":"0","idioma":"spa","editorial":[{"ID":148134,"post_author":"3","post_date":"2022-10-14 11:55:54","post_date_gmt":"2022-10-14 09:55:54","post_content":"","post_title":"FAMILIA DE JESUS, S.L.","post_excerpt":"","post_status":"publish","comment_status":"closed","ping_status":"closed","post_password":"","post_name":"familia-de-jesus-s-l","to_ping":"","pinged":"","post_modified":"2022-10-14 11:55:54","post_modified_gmt":"2022-10-14 09:55:54","post_content_filtered":"","post_parent":0,"guid":"http:\/\/dev.claret.cat\/editorial\/familia-de-jesus-s-l\/","menu_order":0,"post_type":"editorial","post_mime_type":"","comment_count":"0","filter":"raw"}],"autores-libros":[{"ID":5471,"post_author":"3","post_date":"2022-07-28 17:24:42","post_date_gmt":"2022-07-28 15:24:42","post_content":"","post_title":"FAMILIA DE JES\u00daS","post_excerpt":"","post_status":"publish","comment_status":"closed","ping_status":"closed","post_password":"","post_name":"familia-de-jesus","to_ping":"","pinged":"","post_modified":"2022-07-28 17:24:42","post_modified_gmt":"2022-07-28 15:24:42","post_content_filtered":"","post_parent":0,"guid":"http:\/\/dev.claret.cat\/autor\/familia-de-jesus\/","menu_order":0,"post_type":"autor","post_mime_type":"","comment_count":"0","filter":"raw"}],"booktrailer":"","resenas":""},"aioseo_notices":[],"_links":{"self":[{"href":"https:\/\/www.claret.cat\/es\/wp-json\/wp\/v2\/product\/944373","targetHints":{"allow":["GET"]}}],"collection":[{"href":"https:\/\/www.claret.cat\/es\/wp-json\/wp\/v2\/product"}],"about":[{"href":"https:\/\/www.claret.cat\/es\/wp-json\/wp\/v2\/types\/product"}],"wp:featuredmedia":[{"embeddable":true,"href":"https:\/\/www.claret.cat\/es\/wp-json\/wp\/v2\/media\/944472"}],"wp:attachment":[{"href":"https:\/\/www.claret.cat\/es\/wp-json\/wp\/v2\/media?parent=944373"}],"wp:term":[{"taxonomy":"product_brand","embeddable":true,"href":"https:\/\/www.claret.cat\/es\/wp-json\/wp\/v2\/product_brand?post=944373"},{"taxonomy":"product_cat","embeddable":true,"href":"https:\/\/www.claret.cat\/es\/wp-json\/wp\/v2\/product_cat?post=944373"},{"taxonomy":"product_tag","embeddable":true,"href":"https:\/\/www.claret.cat\/es\/wp-json\/wp\/v2\/product_tag?post=944373"}],"curies":[{"name":"wp","href":"https:\/\/api.w.org\/{rel}","templated":true}]}}