{"id":944415,"date":"2023-12-04T16:15:07","date_gmt":"2023-12-04T15:15:07","guid":{"rendered":"https:\/\/www.claret.cat\/llibre\/a-donde-se-ha-ido-dios-9788497155670\/"},"modified":"2026-02-26T11:21:23","modified_gmt":"2026-02-26T10:21:23","slug":"a-donde-se-ha-ido-dios-9788497155670","status":"publish","type":"product","link":"https:\/\/www.claret.cat\/es\/libro\/a-donde-se-ha-ido-dios-9788497155670\/","title":{"rendered":"\u00bfA D\u00d3NDE SE HA IDO DIOS?"},"content":{"rendered":"<p class='ql-align-justify'>Buena parte de la humanidad vive cada vez m\u00e1s una noche de Dios. Poco a poco parece haberse nublado e incluso cerrado ese cielo en el que generaciones enteras hab\u00edan encontrado a Dios simplemente a partir de la armon\u00eda de la creaci\u00f3n y de la misma experiencia humana.<\/p>\n<p class='ql-align-justify'>\u00bfC\u00f3mo explicar y c\u00f3mo interpretar esta aparente ausencia de Dios?<\/p>\n<p class='ql-align-justify'>\u00bfQuiz\u00e1 este eclipse de Dios en la sociedad y en la conciencia de la gente podr\u00eda tener algo providencial? \u00bfEs posible que el ascenso a Dios en su trascendencia se haya oscurecido para que descubramos de un modo nuevo y m\u00e1s pleno a Dios en su inmanencia, en su haberse hecho carne aqu\u00ed en la tierra? Un Dios cuya vida late ?si le hacemos espacio libremente? en nuestras venas y en nuestras relaciones.<\/p>\n<p class='ql-align-justify'>El oscurecimiento actual de Dios es una poderosa invitaci\u00f3n a ser icono social de Dios.<\/p>\n<p><\/p>\n","protected":false},"excerpt":{"rendered":"<p>CAMB\u00d3N, ENRIQUE; AMIRANTE, CHIARA; COSENTINO, FRANCESCO; HENNECKE, CHRISTIAN<\/p>\n","protected":false},"featured_media":1086547,"template":"","meta":{"_acf_changed":false,"om_disable_all_campaigns":false,"rs_blank_template":"","rs_page_bg_color":"","slide_template_v7":"","inline_featured_image":false,"_monsterinsights_skip_tracking":false,"_monsterinsights_sitenote_active":false,"_monsterinsights_sitenote_note":"","_monsterinsights_sitenote_category":0},"product_brand":[],"product_cat":[485,232,278,508],"product_tag":[],"class_list":{"0":"post-944415","1":"product","2":"type-product","3":"status-publish","4":"has-post-thumbnail","6":"product_cat-autores-espiritualidad-1_espiritualidad","7":"product_cat-autors-espiritualitat","8":"product_cat-misteri-de-deu","9":"product_cat-misterio-de-dios","11":"first","12":"instock","13":"taxable","14":"shipping-taxable","15":"purchasable","16":"product-type-simple"},"acf":{"autor":"CAMB\u00d3N, ENRIQUE; AMIRANTE, CHIARA; COSENTINO, FRANCESCO; HENNECKE, CHRISTIAN","codart":"849715567","libros-coleccion":"EKKLESIA : SENDEROS DE COMUNI\u00d3N","ediciones":"1","encuadernacion":"R\u00fastica","fecha_de_publicacion":"04\/12\/2023","novedad":"1","paginas":"164","subtitulo":"","orden":"0","portada":"0","idioma":"spa","editorial":[{"ID":6157,"post_author":"3","post_date":"2022-07-28 17:46:07","post_date_gmt":"2022-07-28 15:46:07","post_content":"","post_title":"Ciudad Nueva","post_excerpt":"","post_status":"publish","comment_status":"closed","ping_status":"closed","post_password":"","post_name":"ciudad-nueva","to_ping":"","pinged":"","post_modified":"2022-07-28 17:46:07","post_modified_gmt":"2022-07-28 15:46:07","post_content_filtered":"","post_parent":0,"guid":"http:\/\/dev.claret.cat\/editorial\/ciudad-nueva\/","menu_order":0,"post_type":"editorial","post_mime_type":"","comment_count":"0","filter":"raw"}],"autores-libros":[{"ID":363548,"post_author":"3","post_date":"2023-01-15 12:02:46","post_date_gmt":"2023-01-15 11:02:46","post_content":"","post_title":"CHIARA AMIRANTE","post_excerpt":"","post_status":"publish","comment_status":"closed","ping_status":"closed","post_password":"","post_name":"chiara-amirante","to_ping":"","pinged":"","post_modified":"2023-01-15 12:02:46","post_modified_gmt":"2023-01-15 11:02:46","post_content_filtered":"","post_parent":0,"guid":"https:\/\/www.claret.cat\/autor\/chiara-amirante\/","menu_order":0,"post_type":"autor","post_mime_type":"","comment_count":"0","filter":"raw"},{"ID":945701,"post_author":"3","post_date":"2023-12-18 13:35:12","post_date_gmt":"2023-12-18 12:35:12","post_content":"","post_title":"FRANCESCO COSENTINO","post_excerpt":"","post_status":"publish","comment_status":"closed","ping_status":"closed","post_password":"","post_name":"francesco-cosentino","to_ping":"","pinged":"","post_modified":"2023-12-18 13:35:12","post_modified_gmt":"2023-12-18 12:35:12","post_content_filtered":"","post_parent":0,"guid":"https:\/\/www.claret.cat\/autor\/francesco-cosentino\/","menu_order":0,"post_type":"autor","post_mime_type":"","comment_count":"0","filter":"raw"},{"ID":945699,"post_author":"3","post_date":"2023-12-18 13:35:02","post_date_gmt":"2023-12-18 12:35:02","post_content":"","post_title":"CHRISTIAN HENNECKE","post_excerpt":"","post_status":"publish","comment_status":"closed","ping_status":"closed","post_password":"","post_name":"christian-hennecke","to_ping":"","pinged":"","post_modified":"2023-12-18 13:35:02","post_modified_gmt":"2023-12-18 12:35:02","post_content_filtered":"","post_parent":0,"guid":"https:\/\/www.claret.cat\/autor\/christian-hennecke\/","menu_order":0,"post_type":"autor","post_mime_type":"","comment_count":"0","filter":"raw"},{"ID":945700,"post_author":"3","post_date":"2023-12-18 13:35:11","post_date_gmt":"2023-12-18 12:35:11","post_content":"","post_title":"ENRIQUE CAMBON","post_excerpt":"","post_status":"publish","comment_status":"closed","ping_status":"closed","post_password":"","post_name":"enrique-cambon","to_ping":"","pinged":"","post_modified":"2023-12-18 13:35:11","post_modified_gmt":"2023-12-18 12:35:11","post_content_filtered":"","post_parent":0,"guid":"https:\/\/www.claret.cat\/autor\/enrique-cambon\/","menu_order":0,"post_type":"autor","post_mime_type":"","comment_count":"0","filter":"raw"}],"booktrailer":"","resenas":""},"aioseo_notices":[],"_links":{"self":[{"href":"https:\/\/www.claret.cat\/es\/wp-json\/wp\/v2\/product\/944415","targetHints":{"allow":["GET"]}}],"collection":[{"href":"https:\/\/www.claret.cat\/es\/wp-json\/wp\/v2\/product"}],"about":[{"href":"https:\/\/www.claret.cat\/es\/wp-json\/wp\/v2\/types\/product"}],"wp:featuredmedia":[{"embeddable":true,"href":"https:\/\/www.claret.cat\/es\/wp-json\/wp\/v2\/media\/1086547"}],"wp:attachment":[{"href":"https:\/\/www.claret.cat\/es\/wp-json\/wp\/v2\/media?parent=944415"}],"wp:term":[{"taxonomy":"product_brand","embeddable":true,"href":"https:\/\/www.claret.cat\/es\/wp-json\/wp\/v2\/product_brand?post=944415"},{"taxonomy":"product_cat","embeddable":true,"href":"https:\/\/www.claret.cat\/es\/wp-json\/wp\/v2\/product_cat?post=944415"},{"taxonomy":"product_tag","embeddable":true,"href":"https:\/\/www.claret.cat\/es\/wp-json\/wp\/v2\/product_tag?post=944415"}],"curies":[{"name":"wp","href":"https:\/\/api.w.org\/{rel}","templated":true}]}}