{"id":944427,"date":"2023-12-04T16:25:36","date_gmt":"2023-12-04T15:25:36","guid":{"rendered":"https:\/\/www.claret.cat\/llibre\/esperando-a-cristo-9788432165986\/"},"modified":"2026-03-13T11:01:45","modified_gmt":"2026-03-13T10:01:45","slug":"esperando-a-cristo-9788432165986","status":"publish","type":"product","link":"https:\/\/www.claret.cat\/es\/libro\/esperando-a-cristo-9788432165986\/","title":{"rendered":"ESPERANDO A CRISTO"},"content":{"rendered":"<p>ESTE LIBRO RE\u00daNE SEIS DE LAS HOMIL\u00cdAS M\u00c1S SUGESTIVAS DE J. H. NEWMAN, PREDICADAS ANTES DE SU CONVERSI\u00d3N AL CATOLICISMO. INTENSAMENTE ESPIRITUALES Y DESPROVISTAS DE RET\u00d3RICA, FUERON EL GERMEN DEL MOVIMIENTO DE OXFORD.<\/p>\n<p>Este volumen re\u00fane seis de las homil\u00edas m\u00e1s sugerentes que John Henry Newman sol\u00eda predicar los domingos por la tarde en la iglesia de Santa Mar\u00eda, en Oxford. Est\u00e1n fechadas entre 1831 y 1840, antes de que su autor fuera recibido en la Iglesia cat\u00f3lica y nombrado cardenal.<\/p>\n<p><\/p>\n<p>Su contenido, intensamente espiritual, fundamentado en el Evangelio y desprovisto de la ret\u00f3rica propia de su tiempo, constituye ?sin pretenderlo su autor? el nervio del Movimiento de Oxford. Este grupo, formado por intelectuales y estudiantes de esa universidad, buscaba el modo de fijar su mirada en la de Cristo, como hacen hoy tantos cristianos del tercer milenio.<\/p>\n","protected":false},"excerpt":{"rendered":"<p>NEWMAN, JOHN HENRY<\/p>\n","protected":false},"featured_media":1089907,"template":"","meta":{"_acf_changed":false,"om_disable_all_campaigns":false,"rs_blank_template":"","rs_page_bg_color":"","slide_template_v7":"","inline_featured_image":false,"_monsterinsights_skip_tracking":false,"_monsterinsights_sitenote_active":false,"_monsterinsights_sitenote_note":"","_monsterinsights_sitenote_category":0},"product_brand":[],"product_cat":[485,232],"product_tag":[],"class_list":{"0":"post-944427","1":"product","2":"type-product","3":"status-publish","4":"has-post-thumbnail","6":"product_cat-autores-espiritualidad-1_espiritualidad","7":"product_cat-autors-espiritualitat","9":"first","10":"instock","11":"taxable","12":"shipping-taxable","13":"purchasable","14":"product-type-simple"},"acf":{"autor":"NEWMAN, JOHN HENRY","codart":"843216598","libros-coleccion":"Esenciales","ediciones":"4","encuadernacion":"R\u00fastica","fecha_de_publicacion":"01\/12\/2023","novedad":"1","paginas":"130","subtitulo":"LOS DEBERES DE LA IGLESIA HACIA EL SABER","orden":"0","portada":"0","idioma":"spa","editorial":[{"ID":6348,"post_author":"3","post_date":"2022-07-28 17:50:16","post_date_gmt":"2022-07-28 15:50:16","post_content":"","post_title":"Rialp","post_excerpt":"","post_status":"publish","comment_status":"closed","ping_status":"closed","post_password":"","post_name":"rialp","to_ping":"","pinged":"","post_modified":"2022-07-28 17:50:16","post_modified_gmt":"2022-07-28 15:50:16","post_content_filtered":"","post_parent":0,"guid":"http:\/\/dev.claret.cat\/editorial\/rialp\/","menu_order":0,"post_type":"editorial","post_mime_type":"","comment_count":"0","filter":"raw"}],"autores-libros":[{"ID":5613,"post_author":"3","post_date":"2022-07-28 17:27:45","post_date_gmt":"2022-07-28 15:27:45","post_content":"<strong>John Henry Newman<\/strong> (Londres 1801 - Birmingham 1890) \u00e9s sens dubte un dels pensadors cristians que m\u00e9s han influ\u00eft en el m\u00f3n anglosax\u00f3. Va ser ordenat sacerdot anglic\u00e0 en 1825 en Oxford, i durant els anys seg\u00fcents va ser un dels principals impulsors del Moviment d'Oxford. En 1842 es va retirar a Santa Maria en Littlemore, on va viure sota condicons mon\u00e0stiques de gran austeritat. Mentre, escrivia el seu Assaig sobre el desenvolupament de la doctrina cristiana, la qual cosa el va reconciliar amb el credo i la pr\u00e0ctica de l'Esgl\u00e9sia Cat\u00f2lica Romana. En 1845 es va convertir al catolicisme i va ser ordenat sacerdot cat\u00f2lic en 1847. Als 78 anys d'edat, en 1879, va ser nomenat cardenal pel papa Le\u00f3n XIII. Considerat per molts com un dels inspiradors del Concili Vatic\u00e0 II, en 1991 va ser declarat Venerable pel papa Juan Pablo II, i actualment est\u00e0 en proc\u00e9s la causa per a la seva beatificaci\u00f3 i canonitzaci\u00f3.","post_title":"JOHN HENRY NEWMAN","post_excerpt":"","post_status":"publish","comment_status":"closed","ping_status":"closed","post_password":"","post_name":"john-henry-newman","to_ping":"","pinged":"","post_modified":"2022-07-29 13:13:08","post_modified_gmt":"2022-07-29 11:13:08","post_content_filtered":"","post_parent":0,"guid":"http:\/\/dev.claret.cat\/autor\/john-henry-newman\/","menu_order":0,"post_type":"autor","post_mime_type":"","comment_count":"0","filter":"raw"}],"booktrailer":"","resenas":""},"aioseo_notices":[],"_links":{"self":[{"href":"https:\/\/www.claret.cat\/es\/wp-json\/wp\/v2\/product\/944427","targetHints":{"allow":["GET"]}}],"collection":[{"href":"https:\/\/www.claret.cat\/es\/wp-json\/wp\/v2\/product"}],"about":[{"href":"https:\/\/www.claret.cat\/es\/wp-json\/wp\/v2\/types\/product"}],"wp:featuredmedia":[{"embeddable":true,"href":"https:\/\/www.claret.cat\/es\/wp-json\/wp\/v2\/media\/1089907"}],"wp:attachment":[{"href":"https:\/\/www.claret.cat\/es\/wp-json\/wp\/v2\/media?parent=944427"}],"wp:term":[{"taxonomy":"product_brand","embeddable":true,"href":"https:\/\/www.claret.cat\/es\/wp-json\/wp\/v2\/product_brand?post=944427"},{"taxonomy":"product_cat","embeddable":true,"href":"https:\/\/www.claret.cat\/es\/wp-json\/wp\/v2\/product_cat?post=944427"},{"taxonomy":"product_tag","embeddable":true,"href":"https:\/\/www.claret.cat\/es\/wp-json\/wp\/v2\/product_tag?post=944427"}],"curies":[{"name":"wp","href":"https:\/\/api.w.org\/{rel}","templated":true}]}}