{"id":944474,"date":"2023-12-05T13:25:07","date_gmt":"2023-12-05T12:25:07","guid":{"rendered":"https:\/\/www.claret.cat\/llibre\/la-eucaristia-plegaria-para-ninos-ii-desplegable-9789999500425\/"},"modified":"2024-05-22T13:53:09","modified_gmt":"2024-05-22T11:53:09","slug":"la-eucaristia-plegaria-para-ninos-ii-desplegable-9789999500425","status":"publish","type":"product","link":"https:\/\/www.claret.cat\/es\/libro\/la-eucaristia-plegaria-para-ninos-ii-desplegable-9789999500425\/","title":{"rendered":"LA EUCARIST\u00cdA &#8211; PLEGARIA PARA NI\u00d1OS II &#8211; DESPLEGABLE"},"content":{"rendered":"","protected":false},"excerpt":{"rendered":"<p>FAMILIA DE JES\u00daS<\/p>\n","protected":false},"featured_media":0,"template":"","meta":{"_acf_changed":false,"om_disable_all_campaigns":false,"rs_blank_template":"","rs_page_bg_color":"","slide_template_v7":"","inline_featured_image":false,"_monsterinsights_skip_tracking":false,"_monsterinsights_sitenote_active":false,"_monsterinsights_sitenote_note":"","_monsterinsights_sitenote_category":0},"product_brand":[],"product_cat":[90,540],"product_tag":[],"class_list":{"0":"post-944474","1":"product","2":"type-product","3":"status-publish","5":"product_cat-altres","6":"product_cat-otros","8":"first","9":"instock","10":"taxable","11":"shipping-taxable","12":"purchasable","13":"product-type-simple"},"acf":{"autor":"FAMILIA DE JES\u00daS","codart":"999950042","libros-coleccion":"","ediciones":"1","encuadernacion":"Carpeta","fecha_de_publicacion":"29\/01\/2015","novedad":"0","paginas":"1","subtitulo":"DESPLEGABLE - PLEGARIA PARA NI\u00d1OS II","orden":"999","portada":"0","idioma":"spa","editorial":[{"ID":8239,"post_author":"3","post_date":"2022-09-30 09:21:24","post_date_gmt":"2022-09-30 07:21:24","post_content":"","post_title":"FAMILIA DE JESUS, EDITORIAL","post_excerpt":"","post_status":"publish","comment_status":"closed","ping_status":"closed","post_password":"","post_name":"familia-de-jesus-editorial","to_ping":"","pinged":"","post_modified":"2022-09-30 09:21:24","post_modified_gmt":"2022-09-30 07:21:24","post_content_filtered":"","post_parent":0,"guid":"http:\/\/dev.claret.cat\/editorial\/familia-de-jesus-editorial\/","menu_order":0,"post_type":"editorial","post_mime_type":"","comment_count":"0","filter":"raw"}],"autores-libros":[{"ID":5471,"post_author":"3","post_date":"2022-07-28 17:24:42","post_date_gmt":"2022-07-28 15:24:42","post_content":"","post_title":"FAMILIA DE JES\u00daS","post_excerpt":"","post_status":"publish","comment_status":"closed","ping_status":"closed","post_password":"","post_name":"familia-de-jesus","to_ping":"","pinged":"","post_modified":"2022-07-28 17:24:42","post_modified_gmt":"2022-07-28 15:24:42","post_content_filtered":"","post_parent":0,"guid":"http:\/\/dev.claret.cat\/autor\/familia-de-jesus\/","menu_order":0,"post_type":"autor","post_mime_type":"","comment_count":"0","filter":"raw"}]},"aioseo_notices":[],"_links":{"self":[{"href":"https:\/\/www.claret.cat\/es\/wp-json\/wp\/v2\/product\/944474","targetHints":{"allow":["GET"]}}],"collection":[{"href":"https:\/\/www.claret.cat\/es\/wp-json\/wp\/v2\/product"}],"about":[{"href":"https:\/\/www.claret.cat\/es\/wp-json\/wp\/v2\/types\/product"}],"wp:attachment":[{"href":"https:\/\/www.claret.cat\/es\/wp-json\/wp\/v2\/media?parent=944474"}],"wp:term":[{"taxonomy":"product_brand","embeddable":true,"href":"https:\/\/www.claret.cat\/es\/wp-json\/wp\/v2\/product_brand?post=944474"},{"taxonomy":"product_cat","embeddable":true,"href":"https:\/\/www.claret.cat\/es\/wp-json\/wp\/v2\/product_cat?post=944474"},{"taxonomy":"product_tag","embeddable":true,"href":"https:\/\/www.claret.cat\/es\/wp-json\/wp\/v2\/product_tag?post=944474"}],"curies":[{"name":"wp","href":"https:\/\/api.w.org\/{rel}","templated":true}]}}