{"id":944558,"date":"2023-12-07T13:10:13","date_gmt":"2023-12-07T12:10:13","guid":{"rendered":"https:\/\/www.claret.cat\/llibre\/tres-cuerpos-salvajes-9788439742883\/"},"modified":"2023-12-14T12:25:09","modified_gmt":"2023-12-14T11:25:09","slug":"tres-cuerpos-salvajes-9788439742883","status":"publish","type":"product","link":"https:\/\/www.claret.cat\/es\/libro\/tres-cuerpos-salvajes-9788439742883\/","title":{"rendered":"TRES CUERPOS SALVAJES"},"content":{"rendered":"<p>*Finalista Premio Booker Internacional 2023* Las tres novelas de Eva Baltasar, \u00abuna Dorothy Parker catalana\u00bb(La Repubblica), reunidas en un solo volumen.\u00abExquisita, oscura y poco convencional, Eva Baltasar convierte la intimidad en una aventura salvaje\u00bb.<br \/>Fernanda Melchor Una mujer con pulsiones suicidas se protege del mundo exterior. No permite que nadie se le acerque demasiado, y sin embargo se entrega con intensidad al sexo con otras mujeres, a la literatura y al arte.La cocinera de un viejo barco mercante acostumbrada a la soledad, la provisionalidad y las relaciones fugaces, se enamora de una mujer, abandona el mar, accede a vivir entre cuatro paredes y se implica en la gestaci\u00f3n asistida y en la educaci\u00f3n de un hijo. Una chica arcaica atrapada en la vida moderna huye al campo y se instala en una casa completamente aislada. All\u00ed, rodeada de la nada, el instinto se agudiza, la conciencia se altera y se gesta una transformaci\u00f3n. Tres mujeres, tres voces, tres cuerpos, tres vidas, tres novelas salvajes que componen un tr\u00edptico electrizante sobre los l\u00edmites del deseo y el placer, el sexo, el amor, la libertad y la soledad.La cr\u00edtica ha dicho:<br \/>\u00abBaltasar convoca el erotismo gozoso de las palabras y de la lectura\u00bb.<br \/>The Guardian \u00abManeja los sentimientos como material radioactivo, como algo que nos mata y nos ilumina.\u00bb<br \/>Javier Rodr\u00edguez Marcos, Babelia \u00abLa voz \u00edntima y profunda de la narradora mueve el libro. Divertida, cruda, brutal, oscura y extra\u00f1amente edificante en su honestidad [&#8230;]. La experiencia de leer Permafrost es absolutamente inolvidable.\u00bb<br \/>The New York Times \u00abUn magma de sensaciones, dudas y aspiraciones. Un tesoro. Lo sustancioso de Permafrost se encuentra en la brecha entre las fantas\u00edas que proyecta la narradora sobre las mujeres que la rodean \u2013que la ven como una mujer libre y satisfecha\u2013 y la sensaci\u00f3n de asfixia que la constri\u00f1e.\u00bb<br \/>Le Monde\u00abBaltasar es habil\u00edsima. Una Dorothy Parker catalana. Ir\u00f3nica, implacable.\u00bb<br \/>La Repubblica \u00abLa suya es una subjetividad po\u00e9tica que mira el mundo y descubre que todo eso que nos contiene puede mirarse por primera vez.\u00bb<br \/>Gabriela Wiener\u00abEl estilo de Baltasar es impecable.\u00bb<br \/>Carlos Zan\u00f3n, El Pa\u00eds \u00abUna lucidez fr\u00eda pero candente, admirable, en su aproximaci\u00f3n al detalle.\u00bb<br \/>Nadal Suau, El Cultural \u00abDescribe como no pensabas que pudiera hacerse.\u00bb<br \/>Juli\u00e0 Guillamon, La Vanguardia<\/p>\n","protected":false},"excerpt":{"rendered":"<p>BALTASAR, EVA<\/p>\n","protected":false},"featured_media":944559,"template":"","meta":{"_acf_changed":false,"om_disable_all_campaigns":false,"rs_blank_template":"","rs_page_bg_color":"","slide_template_v7":"","inline_featured_image":false,"_monsterinsights_skip_tracking":false,"_monsterinsights_sitenote_active":false,"_monsterinsights_sitenote_note":"","_monsterinsights_sitenote_category":0},"product_brand":[],"product_cat":[127,357],"product_tag":[],"class_list":{"0":"post-944558","1":"product","2":"type-product","3":"status-publish","4":"has-post-thumbnail","6":"product_cat-novella-contemporania","7":"product_cat-novela-contemporanea","9":"first","10":"instock","11":"taxable","12":"shipping-taxable","13":"purchasable","14":"product-type-simple"},"acf":{"autor":"BALTASAR, EVA","codart":"843974288","libros-coleccion":"RANDOM HOUSE","ediciones":"1","encuadernacion":"R\u00fastica","fecha_de_publicacion":"01\/11\/2023","novedad":"1","paginas":"320","subtitulo":"PERMAFROST \/ BOULDER \/ MAMUT","orden":"0","portada":"0","idioma":"spa","editorial":[{"ID":6290,"post_author":"3","post_date":"2022-07-28 17:49:01","post_date_gmt":"2022-07-28 15:49:01","post_content":"","post_title":"LITERATURA RANDOM HOUSE","post_excerpt":"","post_status":"publish","comment_status":"closed","ping_status":"closed","post_password":"","post_name":"literatura-random-house","to_ping":"","pinged":"","post_modified":"2022-07-28 17:49:01","post_modified_gmt":"2022-07-28 15:49:01","post_content_filtered":"","post_parent":0,"guid":"http:\/\/dev.claret.cat\/editorial\/literatura-random-house\/","menu_order":0,"post_type":"editorial","post_mime_type":"","comment_count":"0","filter":"raw"}],"autores-libros":[{"ID":155514,"post_author":"3","post_date":"2022-10-14 15:13:26","post_date_gmt":"2022-10-14 13:13:26","post_content":"","post_title":"EVA BALTASAR","post_excerpt":"","post_status":"publish","comment_status":"closed","ping_status":"closed","post_password":"","post_name":"eva-baltasar","to_ping":"","pinged":"","post_modified":"2022-10-14 15:13:26","post_modified_gmt":"2022-10-14 13:13:26","post_content_filtered":"","post_parent":0,"guid":"http:\/\/dev.claret.cat\/autor\/eva-baltasar\/","menu_order":0,"post_type":"autor","post_mime_type":"","comment_count":"0","filter":"raw"}]},"aioseo_notices":[],"_links":{"self":[{"href":"https:\/\/www.claret.cat\/es\/wp-json\/wp\/v2\/product\/944558","targetHints":{"allow":["GET"]}}],"collection":[{"href":"https:\/\/www.claret.cat\/es\/wp-json\/wp\/v2\/product"}],"about":[{"href":"https:\/\/www.claret.cat\/es\/wp-json\/wp\/v2\/types\/product"}],"wp:featuredmedia":[{"embeddable":true,"href":"https:\/\/www.claret.cat\/es\/wp-json\/wp\/v2\/media\/944559"}],"wp:attachment":[{"href":"https:\/\/www.claret.cat\/es\/wp-json\/wp\/v2\/media?parent=944558"}],"wp:term":[{"taxonomy":"product_brand","embeddable":true,"href":"https:\/\/www.claret.cat\/es\/wp-json\/wp\/v2\/product_brand?post=944558"},{"taxonomy":"product_cat","embeddable":true,"href":"https:\/\/www.claret.cat\/es\/wp-json\/wp\/v2\/product_cat?post=944558"},{"taxonomy":"product_tag","embeddable":true,"href":"https:\/\/www.claret.cat\/es\/wp-json\/wp\/v2\/product_tag?post=944558"}],"curies":[{"name":"wp","href":"https:\/\/api.w.org\/{rel}","templated":true}]}}