{"id":944577,"date":"2023-12-07T17:15:47","date_gmt":"2023-12-07T16:15:47","guid":{"rendered":"https:\/\/www.claret.cat\/llibre\/revista-foc-nou-511-novembredesembre-2023-9780240315119\/"},"modified":"2024-02-03T12:30:35","modified_gmt":"2024-02-03T11:30:35","slug":"revista-foc-nou-511-novembredesembre-2023-9780240315119","status":"publish","type":"product","link":"https:\/\/www.claret.cat\/es\/libro\/revista-foc-nou-511-novembredesembre-2023-9780240315119\/","title":{"rendered":"REVISTA FOC NOU, 511 (NOVEMBRE-DESEMBRE 2023)"},"content":{"rendered":"<p>Informaci\u00f3 i pluralitat amb articles d\u2019opini\u00f3, an\u00e0lisi, informaci\u00f3 en profunditat d\u2019actualitat social i d\u2019Esgl\u00e9sia.<\/p>\n","protected":false},"excerpt":{"rendered":"<p>FOC NOU<\/p>\n","protected":false},"featured_media":944578,"template":"","meta":{"_acf_changed":false,"om_disable_all_campaigns":false,"rs_blank_template":"","rs_page_bg_color":"","slide_template_v7":"","inline_featured_image":false,"_monsterinsights_skip_tracking":false,"_monsterinsights_sitenote_active":false,"_monsterinsights_sitenote_note":"","_monsterinsights_sitenote_category":0},"product_brand":[],"product_cat":[271,409],"product_tag":[],"class_list":{"0":"post-944577","1":"product","2":"type-product","3":"status-publish","4":"has-post-thumbnail","6":"product_cat-en-general","7":"product_cat-en-general-pastoral-1_espiritualidad","9":"first","10":"instock","11":"taxable","12":"shipping-taxable","13":"purchasable","14":"product-type-simple"},"acf":{"autor":"FOC NOU","codart":"024031511","libros-coleccion":"","ediciones":"1","encuadernacion":"Grapado","fecha_de_publicacion":"07\/12\/2023","novedad":"1","paginas":"50","subtitulo":"","orden":"0","portada":"0","idioma":"cat","editorial":[{"ID":6240,"post_author":"3","post_date":"2022-07-28 17:47:57","post_date_gmt":"2022-07-28 15:47:57","post_content":"","post_title":"EL CIERVO","post_excerpt":"","post_status":"publish","comment_status":"closed","ping_status":"closed","post_password":"","post_name":"el-ciervo","to_ping":"","pinged":"","post_modified":"2022-07-28 17:47:57","post_modified_gmt":"2022-07-28 15:47:57","post_content_filtered":"","post_parent":0,"guid":"http:\/\/dev.claret.cat\/editorial\/el-ciervo\/","menu_order":0,"post_type":"editorial","post_mime_type":"","comment_count":"0","filter":"raw"}],"autores-libros":[{"ID":5478,"post_author":"3","post_date":"2022-07-28 17:24:51","post_date_gmt":"2022-07-28 15:24:51","post_content":"","post_title":"FOC NOU","post_excerpt":"","post_status":"publish","comment_status":"closed","ping_status":"closed","post_password":"","post_name":"foc-nou","to_ping":"","pinged":"","post_modified":"2022-07-28 17:24:51","post_modified_gmt":"2022-07-28 15:24:51","post_content_filtered":"","post_parent":0,"guid":"http:\/\/dev.claret.cat\/autor\/foc-nou\/","menu_order":0,"post_type":"autor","post_mime_type":"","comment_count":"0","filter":"raw"}]},"aioseo_notices":[],"_links":{"self":[{"href":"https:\/\/www.claret.cat\/es\/wp-json\/wp\/v2\/product\/944577","targetHints":{"allow":["GET"]}}],"collection":[{"href":"https:\/\/www.claret.cat\/es\/wp-json\/wp\/v2\/product"}],"about":[{"href":"https:\/\/www.claret.cat\/es\/wp-json\/wp\/v2\/types\/product"}],"wp:featuredmedia":[{"embeddable":true,"href":"https:\/\/www.claret.cat\/es\/wp-json\/wp\/v2\/media\/944578"}],"wp:attachment":[{"href":"https:\/\/www.claret.cat\/es\/wp-json\/wp\/v2\/media?parent=944577"}],"wp:term":[{"taxonomy":"product_brand","embeddable":true,"href":"https:\/\/www.claret.cat\/es\/wp-json\/wp\/v2\/product_brand?post=944577"},{"taxonomy":"product_cat","embeddable":true,"href":"https:\/\/www.claret.cat\/es\/wp-json\/wp\/v2\/product_cat?post=944577"},{"taxonomy":"product_tag","embeddable":true,"href":"https:\/\/www.claret.cat\/es\/wp-json\/wp\/v2\/product_tag?post=944577"}],"curies":[{"name":"wp","href":"https:\/\/api.w.org\/{rel}","templated":true}]}}