{"id":944586,"date":"2023-12-07T17:25:12","date_gmt":"2023-12-07T16:25:12","guid":{"rendered":"https:\/\/www.claret.cat\/llibre\/relatos-de-la-biblia-para-peques-9781803707181\/"},"modified":"2023-12-07T18:25:09","modified_gmt":"2023-12-07T17:25:09","slug":"relatos-de-la-biblia-para-peques-9781803707181","status":"publish","type":"product","link":"https:\/\/www.claret.cat\/es\/libro\/relatos-de-la-biblia-para-peques-9781803707181\/","title":{"rendered":"RELATOS DE LA BIBLIA PARA PEQUES"},"content":{"rendered":"<p>Una maravillosa introducci\u00f3n a seis de las historias b\u00edblicas m\u00e1s conocidas: El Arca de No\u00e9; Jos\u00e9 y su abrigo maravilloso; la cesta de Mois\u00e9s; David y Goliat; Jon\u00e1s y el gran pez y Daniel en el foso de los leones. <br \/>Reescritas pensando en los m\u00e1s peque\u00f1os, con un ritmo atractivo que las hacen perfectas para ser le\u00eddas en voz alta.<\/p>\n","protected":false},"excerpt":{"rendered":"<p>CLARKE, PHILLIP \/ ROBSON, KIRSTEEN<\/p>\n","protected":false},"featured_media":944587,"template":"","meta":{"_acf_changed":false,"om_disable_all_campaigns":false,"rs_blank_template":"","rs_page_bg_color":"","slide_template_v7":"","inline_featured_image":false,"_monsterinsights_skip_tracking":false,"_monsterinsights_sitenote_active":false,"_monsterinsights_sitenote_note":"","_monsterinsights_sitenote_category":0},"product_brand":[],"product_cat":[420,296],"product_tag":[],"class_list":{"0":"post-944586","1":"product","2":"type-product","3":"status-publish","4":"has-post-thumbnail","6":"product_cat-biblias","7":"product_cat-biblies","9":"first","10":"instock","11":"taxable","12":"shipping-taxable","13":"purchasable","14":"product-type-simple"},"acf":{"autor":"CLARKE, PHILLIP \/ ROBSON, KIRSTEEN","codart":"180370718","libros-coleccion":"FORA DE COL.LECCI\u00d3","ediciones":"1","encuadernacion":"Carton\u00e9","fecha_de_publicacion":"01\/11\/2023","novedad":"1","paginas":"160","subtitulo":"","orden":"0","portada":"0","idioma":"spa","editorial":[{"ID":148940,"post_author":"3","post_date":"2022-10-14 12:02:11","post_date_gmt":"2022-10-14 10:02:11","post_content":"","post_title":"Usborne Publishing","post_excerpt":"","post_status":"publish","comment_status":"closed","ping_status":"closed","post_password":"","post_name":"usborne-publishing","to_ping":"","pinged":"","post_modified":"2022-10-14 12:02:11","post_modified_gmt":"2022-10-14 10:02:11","post_content_filtered":"","post_parent":0,"guid":"http:\/\/dev.claret.cat\/editorial\/usborne-publishing\/","menu_order":0,"post_type":"editorial","post_mime_type":"","comment_count":"0","filter":"raw"}],"autores-libros":[{"ID":161700,"post_author":"3","post_date":"2022-10-14 17:20:20","post_date_gmt":"2022-10-14 15:20:20","post_content":"","post_title":"KIRSTEEN ROBSON","post_excerpt":"","post_status":"publish","comment_status":"closed","ping_status":"closed","post_password":"","post_name":"kirsteen-robson","to_ping":"","pinged":"","post_modified":"2022-10-14 17:20:20","post_modified_gmt":"2022-10-14 15:20:20","post_content_filtered":"","post_parent":0,"guid":"http:\/\/dev.claret.cat\/autor\/kirsteen-robson\/","menu_order":0,"post_type":"autor","post_mime_type":"","comment_count":"0","filter":"raw"},{"ID":944620,"post_author":"3","post_date":"2023-12-07 18:25:04","post_date_gmt":"2023-12-07 17:25:04","post_content":"","post_title":"PHILLIP CLARKE","post_excerpt":"","post_status":"publish","comment_status":"closed","ping_status":"closed","post_password":"","post_name":"phillip-clarke","to_ping":"","pinged":"","post_modified":"2023-12-07 18:25:04","post_modified_gmt":"2023-12-07 17:25:04","post_content_filtered":"","post_parent":0,"guid":"https:\/\/www.claret.cat\/autor\/phillip-clarke\/","menu_order":0,"post_type":"autor","post_mime_type":"","comment_count":"0","filter":"raw"}]},"aioseo_notices":[],"_links":{"self":[{"href":"https:\/\/www.claret.cat\/es\/wp-json\/wp\/v2\/product\/944586","targetHints":{"allow":["GET"]}}],"collection":[{"href":"https:\/\/www.claret.cat\/es\/wp-json\/wp\/v2\/product"}],"about":[{"href":"https:\/\/www.claret.cat\/es\/wp-json\/wp\/v2\/types\/product"}],"wp:featuredmedia":[{"embeddable":true,"href":"https:\/\/www.claret.cat\/es\/wp-json\/wp\/v2\/media\/944587"}],"wp:attachment":[{"href":"https:\/\/www.claret.cat\/es\/wp-json\/wp\/v2\/media?parent=944586"}],"wp:term":[{"taxonomy":"product_brand","embeddable":true,"href":"https:\/\/www.claret.cat\/es\/wp-json\/wp\/v2\/product_brand?post=944586"},{"taxonomy":"product_cat","embeddable":true,"href":"https:\/\/www.claret.cat\/es\/wp-json\/wp\/v2\/product_cat?post=944586"},{"taxonomy":"product_tag","embeddable":true,"href":"https:\/\/www.claret.cat\/es\/wp-json\/wp\/v2\/product_tag?post=944586"}],"curies":[{"name":"wp","href":"https:\/\/api.w.org\/{rel}","templated":true}]}}