{"id":944614,"date":"2023-12-07T18:10:05","date_gmt":"2023-12-07T17:10:05","guid":{"rendered":"https:\/\/www.claret.cat\/llibre\/la-princesa-de-los-pedos-de-fresa-9788419638373\/"},"modified":"2023-12-11T14:12:18","modified_gmt":"2023-12-11T13:12:18","slug":"la-princesa-de-los-pedos-de-fresa-9788419638373","status":"publish","type":"product","link":"https:\/\/www.claret.cat\/es\/libro\/la-princesa-de-los-pedos-de-fresa-9788419638373\/","title":{"rendered":"LA PRINCESA DE LOS PEDOS DE FRESA"},"content":{"rendered":"<p>La princesa est\u00e1 desesperada. Quiere tirarse pedos pestilentes como cualquier otro ni\u00f1o, pero no lo consigue. Afortunadamente, su madre sabe qu\u00e9 hacer:  ya es hora de comer algo diferente! As\u00ed que en la cocina real se ponen manos a la obra: \u00bfpodr\u00e1 el men\u00fa adecuado conseguir pedos malolientes?<\/p>\n","protected":false},"excerpt":{"rendered":"<p>VAN TEUNENBROEK , LEVINA \/ BRUIJN , CHARLOTTE<\/p>\n","protected":false},"featured_media":944764,"template":"","meta":{"_acf_changed":false,"om_disable_all_campaigns":false,"rs_blank_template":"","rs_page_bg_color":"","slide_template_v7":"","inline_featured_image":false,"_monsterinsights_skip_tracking":false,"_monsterinsights_sitenote_active":false,"_monsterinsights_sitenote_note":"","_monsterinsights_sitenote_category":0},"product_brand":[],"product_cat":[131,132,361,362],"product_tag":[],"class_list":{"0":"post-944614","1":"product","2":"type-product","3":"status-publish","4":"has-post-thumbnail","6":"product_cat-contes-per-infants-0-6-anys","7":"product_cat-lectures-per-preadolescents-6-12-anys","8":"product_cat-cuentos-para-ninos-0-6-anos","9":"product_cat-libros-preadolescentes-6-12-anos","11":"first","12":"instock","13":"taxable","14":"shipping-taxable","15":"purchasable","16":"product-type-simple"},"acf":{"autor":"VAN TEUNENBROEK , LEVINA \/ BRUIJN , CHARLOTTE","codart":"841963837","libros-coleccion":"\u00c1lbumes ilustrados","ediciones":"1","encuadernacion":"Carton\u00e9","fecha_de_publicacion":"01\/11\/2023","novedad":"1","paginas":"44","subtitulo":"","orden":"0","portada":"0","idioma":"spa","editorial":[{"ID":6297,"post_author":"3","post_date":"2022-07-28 17:49:10","post_date_gmt":"2022-07-28 15:49:10","post_content":"","post_title":"Maeva Ediciones","post_excerpt":"","post_status":"publish","comment_status":"closed","ping_status":"closed","post_password":"","post_name":"maeva-ediciones","to_ping":"","pinged":"","post_modified":"2022-07-28 17:49:10","post_modified_gmt":"2022-07-28 15:49:10","post_content_filtered":"","post_parent":0,"guid":"http:\/\/dev.claret.cat\/editorial\/maeva-ediciones\/","menu_order":0,"post_type":"editorial","post_mime_type":"","comment_count":"0","filter":"raw"}],"autores-libros":[{"ID":162164,"post_author":"3","post_date":"2022-10-14 17:28:51","post_date_gmt":"2022-10-14 15:28:51","post_content":"","post_title":"LEVINA VAN TEUNENBROEK","post_excerpt":"","post_status":"publish","comment_status":"closed","ping_status":"closed","post_password":"","post_name":"levina-van-teunenbroek","to_ping":"","pinged":"","post_modified":"2022-10-14 17:28:51","post_modified_gmt":"2022-10-14 15:28:51","post_content_filtered":"","post_parent":0,"guid":"http:\/\/dev.claret.cat\/autor\/levina-van-teunenbroek\/","menu_order":0,"post_type":"autor","post_mime_type":"","comment_count":"0","filter":"raw"},{"ID":152793,"post_author":"3","post_date":"2022-10-14 14:51:37","post_date_gmt":"2022-10-14 12:51:37","post_content":"","post_title":"CHARLOTTE BRUIJN","post_excerpt":"","post_status":"publish","comment_status":"closed","ping_status":"closed","post_password":"","post_name":"charlotte-bruijn","to_ping":"","pinged":"","post_modified":"2022-10-14 14:51:37","post_modified_gmt":"2022-10-14 12:51:37","post_content_filtered":"","post_parent":0,"guid":"http:\/\/dev.claret.cat\/autor\/charlotte-bruijn\/","menu_order":0,"post_type":"autor","post_mime_type":"","comment_count":"0","filter":"raw"}]},"aioseo_notices":[],"_links":{"self":[{"href":"https:\/\/www.claret.cat\/es\/wp-json\/wp\/v2\/product\/944614","targetHints":{"allow":["GET"]}}],"collection":[{"href":"https:\/\/www.claret.cat\/es\/wp-json\/wp\/v2\/product"}],"about":[{"href":"https:\/\/www.claret.cat\/es\/wp-json\/wp\/v2\/types\/product"}],"wp:featuredmedia":[{"embeddable":true,"href":"https:\/\/www.claret.cat\/es\/wp-json\/wp\/v2\/media\/944764"}],"wp:attachment":[{"href":"https:\/\/www.claret.cat\/es\/wp-json\/wp\/v2\/media?parent=944614"}],"wp:term":[{"taxonomy":"product_brand","embeddable":true,"href":"https:\/\/www.claret.cat\/es\/wp-json\/wp\/v2\/product_brand?post=944614"},{"taxonomy":"product_cat","embeddable":true,"href":"https:\/\/www.claret.cat\/es\/wp-json\/wp\/v2\/product_cat?post=944614"},{"taxonomy":"product_tag","embeddable":true,"href":"https:\/\/www.claret.cat\/es\/wp-json\/wp\/v2\/product_tag?post=944614"}],"curies":[{"name":"wp","href":"https:\/\/api.w.org\/{rel}","templated":true}]}}