{"id":944707,"date":"2023-12-11T11:45:53","date_gmt":"2023-12-11T10:45:53","guid":{"rendered":"https:\/\/www.claret.cat\/llibre\/recuperar-el-proyecto-de-jesus-9788428828581\/"},"modified":"2025-09-10T12:15:14","modified_gmt":"2025-09-10T10:15:14","slug":"recuperar-el-proyecto-de-jesus-9788428828581","status":"publish","type":"product","link":"https:\/\/www.claret.cat\/es\/libro\/recuperar-el-proyecto-de-jesus-9788428828581\/","title":{"rendered":"RECUPERAR EL PROYECTO DE JES\u00daS"},"content":{"rendered":"<p>El objetivo de este libro es ayudar a\u00a0parroquias y comunidades a poner en marcha de manera humilde, pero responsable, un proceso de renovaci\u00f3n y caminar hacia una vida cristiana m\u00e1s inspirada y motivada por Jes\u00fas, m\u00e1s comprometida. Podemos caminar hacia una nueva comunidad cristiana en nuestras parroquias. A las generaciones venideras debemos dejarles parroquias m\u00e1s orientadas y centradas en Jes\u00fas para abrir caminos al reino de Dios&#8230; ese mundo m\u00e1s digno y justo, m\u00e1s fraterno y solidario, m\u00e1s dichoso para todos, empezando por los \u00faltimos, el mundo querido por el Padre.<\/p>\n","protected":false},"excerpt":{"rendered":"<p>PAGOLA, JOS\u00c9 ANTONIO<\/p>\n","protected":false},"featured_media":944708,"template":"","meta":{"_acf_changed":false,"om_disable_all_campaigns":false,"rs_blank_template":"","rs_page_bg_color":"","slide_template_v7":"","inline_featured_image":false,"_monsterinsights_skip_tracking":false,"_monsterinsights_sitenote_active":false,"_monsterinsights_sitenote_note":"","_monsterinsights_sitenote_category":0},"product_brand":[],"product_cat":[90,540],"product_tag":[],"class_list":{"0":"post-944707","1":"product","2":"type-product","3":"status-publish","4":"has-post-thumbnail","6":"product_cat-altres","7":"product_cat-otros","9":"first","10":"instock","11":"taxable","12":"shipping-taxable","13":"purchasable","14":"product-type-simple"},"acf":{"autor":"PAGOLA, JOS\u00c9 ANTONIO","codart":"842882858","libros-coleccion":"","ediciones":"1","encuadernacion":"Carpeta","fecha_de_publicacion":"01\/05\/2015","novedad":"0","paginas":"239","subtitulo":"","orden":"999","portada":"0","idioma":"spa","editorial":[{"ID":6335,"post_author":"3","post_date":"2022-07-28 17:49:59","post_date_gmt":"2022-07-28 15:49:59","post_content":"","post_title":"PPC altres","post_excerpt":"","post_status":"publish","comment_status":"closed","ping_status":"closed","post_password":"","post_name":"ppc-altres","to_ping":"","pinged":"","post_modified":"2022-07-28 17:49:59","post_modified_gmt":"2022-07-28 15:49:59","post_content_filtered":"","post_parent":0,"guid":"http:\/\/dev.claret.cat\/editorial\/ppc-altres\/","menu_order":0,"post_type":"editorial","post_mime_type":"","comment_count":"0","filter":"raw"}],"autores-libros":[{"ID":5635,"post_author":"3","post_date":"2022-07-28 17:28:13","post_date_gmt":"2022-07-28 15:28:13","post_content":"Jos\u00e9 Antonio Pagola (A\u00f1orga, Guip\u00fascoa, 1937) va cursar els seus estudis de teologia i ci\u00e8ncies b\u00edbliques a la Pontif\u00edcia Universitat Gregoriana i el Pontifici Institut B\u00edblic de Roma, i a l\u2019\u00c9cole Biblique et Arch\u00e9ologique Fran\u00e7aise de Jerusalem. Ha estat vicari episcopal de la di\u00f2cesi de Sant Sebasti\u00e0 durant m\u00e9s de vint anys i director del Instituto de Teolog\u00eda y Pastoral d\u2019aquesta ciutat. Desenvolupa una intensa tasca amb grups de creients i allunyats. Des de fa set anys es dedica exclusivament a investigar i a donar a con\u00e8ixer la persona de Jes\u00fas. Autor de\u00a0<em>Jes\u00fas. Aproximaci\u00f3 hist\u00f2rica<\/em>;\u00a0<em>El cam\u00ed obert per Jes\u00fas. Mateu<\/em>;\u00a0<em>El cam\u00ed obert per Jes\u00fas. Joan<\/em>;\u00a0<em>El cam\u00ed obert per Jes\u00fas. Lluc<\/em>\u00a0i\u00a0<em>Fit a fit amb Jes\u00fas<\/em>.","post_title":"JOS\u00c9 ANTONIO PAGOLA","post_excerpt":"","post_status":"publish","comment_status":"closed","ping_status":"closed","post_password":"","post_name":"jose-antonio-pagola","to_ping":"","pinged":"","post_modified":"2022-07-28 19:08:36","post_modified_gmt":"2022-07-28 17:08:36","post_content_filtered":"","post_parent":0,"guid":"http:\/\/dev.claret.cat\/autor\/jose-antonio-pagola\/","menu_order":0,"post_type":"autor","post_mime_type":"","comment_count":"0","filter":"raw"}],"booktrailer":"","resenas":""},"aioseo_notices":[],"_links":{"self":[{"href":"https:\/\/www.claret.cat\/es\/wp-json\/wp\/v2\/product\/944707","targetHints":{"allow":["GET"]}}],"collection":[{"href":"https:\/\/www.claret.cat\/es\/wp-json\/wp\/v2\/product"}],"about":[{"href":"https:\/\/www.claret.cat\/es\/wp-json\/wp\/v2\/types\/product"}],"wp:featuredmedia":[{"embeddable":true,"href":"https:\/\/www.claret.cat\/es\/wp-json\/wp\/v2\/media\/944708"}],"wp:attachment":[{"href":"https:\/\/www.claret.cat\/es\/wp-json\/wp\/v2\/media?parent=944707"}],"wp:term":[{"taxonomy":"product_brand","embeddable":true,"href":"https:\/\/www.claret.cat\/es\/wp-json\/wp\/v2\/product_brand?post=944707"},{"taxonomy":"product_cat","embeddable":true,"href":"https:\/\/www.claret.cat\/es\/wp-json\/wp\/v2\/product_cat?post=944707"},{"taxonomy":"product_tag","embeddable":true,"href":"https:\/\/www.claret.cat\/es\/wp-json\/wp\/v2\/product_tag?post=944707"}],"curies":[{"name":"wp","href":"https:\/\/api.w.org\/{rel}","templated":true}]}}